{"id":1210,"date":"2018-09-14T01:26:41","date_gmt":"2018-09-14T01:26:41","guid":{"rendered":"http:\/\/veda.polac.cz\/?page_id=1210"},"modified":"2018-10-27T18:59:24","modified_gmt":"2018-10-27T18:59:24","slug":"10-2-2","status":"publish","type":"page","link":"https:\/\/veda.polac.cz\/?page_id=1210","title":{"rendered":""},"content":{"rendered":"<p style=\"text-align: center;\">Resum\u00e9 \u010d\u00edsla<\/p>\n<p><strong>V\u00fdzkumn\u00e9 centrum bezpe\u010dnostn\u00edho managementu &#8211; d\u00edl\u010d\u00ed zpr\u00e1va o pln\u011bn\u00ed v\u00fdzkumn\u00e9ho \u00fakolu v roce 2011)<\/strong><br \/>\n<i>Mgr. Anton\u00edn Slab\u00fd, Ph.D.<\/p>\n<p><\/i>Vysok\u00e1 \u0161kola, kter\u00e1 chce u\u017e\u00edvat ozna\u010den\u00ed univerzita, mus\u00ed spl\u0148ovat z\u00e1konn\u00e9 podm\u00ednky. Mezi tyto je za\u0159azena podm\u00ednka uskute\u010d\u0148ov\u00e1n\u00ed v\u0161ech typ\u016f studijn\u00edch program\u016f a v\u011bdeckov\u00fdzkumn\u00e9 \u010dinnosti. Pro napln\u011bn\u00ed povinnosti v\u011bdeckov\u00fdzkumn\u00e9 \u010dinnosti je nezbytn\u00e9 vytvo\u0159it odpov\u00eddaj\u00edc\u00ed t\u00fdm pedagog\u016f-v\u00fdzkumn\u00edk\u016f a t\u011bmto odpov\u00eddaj\u00edc\u00ed materi\u00e1ln\u011b-technick\u00e9 podm\u00ednky. V\u00fdzkumn\u00e9 centrum bezpe\u010dnostn\u00edho managementu si klade za c\u00edl tyto povinnosti splnit.<br \/>\n<strong>Kl\u00ed\u010dov\u00e1 slova:<\/strong>\u00a0v\u00fdzkum, v\u00fdzkumn\u00e9 centrum, v\u011bdeckov\u00fdzkumn\u00fd \u00fakol, v\u011bda, vysok\u00e1 \u0161kola, pracovi\u0161t\u011b, management, bezpe\u010dnostn\u00ed management<\/p>\n<p><a href=\"https:\/\/veda.polac.cz\/?page_id=1175\">01\/2012<\/a><\/p>\n","protected":false},"excerpt":{"rendered":"<p>Resum\u00e9 \u010d\u00edsla V\u00fdzkumn\u00e9 centrum bezpe\u010dnostn\u00edho managementu &#8211; d\u00edl\u010d\u00ed zpr\u00e1va o pln\u011bn\u00ed v\u00fdzkumn\u00e9ho \u00fakolu v roce 2011) Mgr. Anton\u00edn Slab\u00fd, Ph.D. Vysok\u00e1 \u0161kola, kter\u00e1 chce u\u017e\u00edvat ozna\u010den\u00ed univerzita, mus\u00ed spl\u0148ovat z\u00e1konn\u00e9 podm\u00ednky. Mezi tyto je za\u0159azena podm\u00ednka uskute\u010d\u0148ov\u00e1n\u00ed v\u0161ech typ\u016f studijn\u00edch program\u016f a v\u011bdeckov\u00fdzkumn\u00e9 \u010dinnosti. Pro napln\u011bn\u00ed povinnosti v\u011bdeckov\u00fdzkumn\u00e9 \u010dinnosti je nezbytn\u00e9 vytvo\u0159it odpov\u00eddaj\u00edc\u00ed t\u00fdm pedagog\u016f-v\u00fdzkumn\u00edk\u016f [&hellip;]<\/p>\n","protected":false},"author":2,"featured_media":0,"parent":0,"menu_order":10,"comment_status":"closed","ping_status":"closed","template":"","meta":{"footnotes":""},"class_list":["post-1210","page","type-page","status-publish","hentry"],"_links":{"self":[{"href":"https:\/\/veda.polac.cz\/index.php?rest_route=\/wp\/v2\/pages\/1210","targetHints":{"allow":["GET"]}}],"collection":[{"href":"https:\/\/veda.polac.cz\/index.php?rest_route=\/wp\/v2\/pages"}],"about":[{"href":"https:\/\/veda.polac.cz\/index.php?rest_route=\/wp\/v2\/types\/page"}],"author":[{"embeddable":true,"href":"https:\/\/veda.polac.cz\/index.php?rest_route=\/wp\/v2\/users\/2"}],"replies":[{"embeddable":true,"href":"https:\/\/veda.polac.cz\/index.php?rest_route=%2Fwp%2Fv2%2Fcomments&post=1210"}],"version-history":[{"count":2,"href":"https:\/\/veda.polac.cz\/index.php?rest_route=\/wp\/v2\/pages\/1210\/revisions"}],"predecessor-version":[{"id":1224,"href":"https:\/\/veda.polac.cz\/index.php?rest_route=\/wp\/v2\/pages\/1210\/revisions\/1224"}],"wp:attachment":[{"href":"https:\/\/veda.polac.cz\/index.php?rest_route=%2Fwp%2Fv2%2Fmedia&parent=1210"}],"curies":[{"name":"wp","href":"https:\/\/api.w.org\/{rel}","templated":true}]}}