{"id":1208,"date":"2018-09-14T01:25:06","date_gmt":"2018-09-14T01:25:06","guid":{"rendered":"http:\/\/veda.polac.cz\/?page_id=1208"},"modified":"2018-10-27T18:59:24","modified_gmt":"2018-10-27T18:59:24","slug":"9-2-3","status":"publish","type":"page","link":"https:\/\/veda.polac.cz\/?page_id=1208","title":{"rendered":""},"content":{"rendered":"<p style=\"text-align: center;\">Resum\u00e9 \u010dl\u00e1nku<\/p>\n<p><strong>Trestn\u00fd \u010din opilstv\u00ed v b\u011bhu \u010dasu<\/strong><br \/>\n<i>JUDr. Milan \u0160ubrt, Ph.D.<\/p>\n<p><\/i>\u010cl\u00e1nek se zab\u00fdv\u00e1 problematikou trestn\u00ed odpov\u011bdnosti pachatele, kter\u00fd sp\u00e1ch\u00e1 trestn\u00fd \u010din v nep\u0159\u00ed\u010detnosti, kterou si zavinil s\u00e1m po\u017eit\u00edm alkoholu, \u010di jin\u00e9 drogy. V historick\u00e9m kontextu posuzuje kvalitu recentn\u00ed pr\u00e1vn\u00ed \u00fapravy (\u00a7 360 trestn\u00edho z\u00e1kon\u00edku) a doch\u00e1z\u00ed k z\u00e1v\u011bru, \u017ee sou\u010dasn\u00e1 pr\u00e1vn\u00ed \u00faprava trestn\u00e9ho \u010dinu opilstv\u00ed je i z hlediska mezin\u00e1rodn\u00ed komparace modern\u00ed a odpov\u00edd\u00e1 spole\u010densk\u00e9 pot\u0159eb\u011b boje s t\u00edmto druhem kriminality. Problematick\u00e1 se jev\u00ed pouze p\u0159\u00edli\u0161n\u00e1 v\u00fd\u0161e trestn\u00ed sazby, kter\u00e1 je, dle n\u00e1zoru autora \u010dl\u00e1nku, v rozporu s ratio legis tohoto ustanoven\u00ed.<br \/>\n<strong>Kl\u00ed\u010dov\u00e1 slova:\u00a0<\/strong>nep\u0159\u00ed\u010detnost, zavin\u011bn\u00e1 nep\u0159\u00ed\u010detnost, opilstv\u00ed, rauschdelikt, kvazidelikt.<\/p>\n<p><a href=\"https:\/\/veda.polac.cz\/?page_id=1175\">01\/2012<\/a><\/p>\n","protected":false},"excerpt":{"rendered":"<p>Resum\u00e9 \u010dl\u00e1nku Trestn\u00fd \u010din opilstv\u00ed v b\u011bhu \u010dasu JUDr. Milan \u0160ubrt, Ph.D. \u010cl\u00e1nek se zab\u00fdv\u00e1 problematikou trestn\u00ed odpov\u011bdnosti pachatele, kter\u00fd sp\u00e1ch\u00e1 trestn\u00fd \u010din v nep\u0159\u00ed\u010detnosti, kterou si zavinil s\u00e1m po\u017eit\u00edm alkoholu, \u010di jin\u00e9 drogy. V historick\u00e9m kontextu posuzuje kvalitu recentn\u00ed pr\u00e1vn\u00ed \u00fapravy (\u00a7 360 trestn\u00edho z\u00e1kon\u00edku) a doch\u00e1z\u00ed k z\u00e1v\u011bru, \u017ee sou\u010dasn\u00e1 pr\u00e1vn\u00ed \u00faprava trestn\u00e9ho [&hellip;]<\/p>\n","protected":false},"author":2,"featured_media":0,"parent":0,"menu_order":9,"comment_status":"closed","ping_status":"closed","template":"","meta":{"footnotes":""},"class_list":["post-1208","page","type-page","status-publish","hentry"],"_links":{"self":[{"href":"https:\/\/veda.polac.cz\/index.php?rest_route=\/wp\/v2\/pages\/1208","targetHints":{"allow":["GET"]}}],"collection":[{"href":"https:\/\/veda.polac.cz\/index.php?rest_route=\/wp\/v2\/pages"}],"about":[{"href":"https:\/\/veda.polac.cz\/index.php?rest_route=\/wp\/v2\/types\/page"}],"author":[{"embeddable":true,"href":"https:\/\/veda.polac.cz\/index.php?rest_route=\/wp\/v2\/users\/2"}],"replies":[{"embeddable":true,"href":"https:\/\/veda.polac.cz\/index.php?rest_route=%2Fwp%2Fv2%2Fcomments&post=1208"}],"version-history":[{"count":2,"href":"https:\/\/veda.polac.cz\/index.php?rest_route=\/wp\/v2\/pages\/1208\/revisions"}],"predecessor-version":[{"id":1223,"href":"https:\/\/veda.polac.cz\/index.php?rest_route=\/wp\/v2\/pages\/1208\/revisions\/1223"}],"wp:attachment":[{"href":"https:\/\/veda.polac.cz\/index.php?rest_route=%2Fwp%2Fv2%2Fmedia&parent=1208"}],"curies":[{"name":"wp","href":"https:\/\/api.w.org\/{rel}","templated":true}]}}