{"id":1204,"date":"2018-09-14T01:21:21","date_gmt":"2018-09-14T01:21:21","guid":{"rendered":"http:\/\/veda.polac.cz\/?page_id=1204"},"modified":"2018-10-27T18:59:24","modified_gmt":"2018-10-27T18:59:24","slug":"7-2-4","status":"publish","type":"page","link":"https:\/\/veda.polac.cz\/?page_id=1204","title":{"rendered":""},"content":{"rendered":"<p style=\"text-align: center;\">Resum\u00e9 \u010dl\u00e1nku<\/p>\n<p><strong>Interdisciplin\u00e1rn\u00ed pohled na trestn\u00fd \u010din vra\u017edy<\/strong><br \/>\n<i>kpt. Mgr. Pavel Dorn\u00edk<\/p>\n<p><\/i>P\u0159\u00edsp\u011bvek nasti\u0148uje interdisciplin\u00e1rn\u00ed pohled na trestn\u00fd \u010din vra\u017edy a jeho pachatele. Hlavn\u00ed \u00fahel pohledu vych\u00e1z\u00ed z kriminologie, kriminalistiky, sociologie, ale pr\u00e1v\u011b tak z pohledu psychologie, soudn\u00edho l\u00e9ka\u0159stv\u00ed a v neposledn\u00ed \u0159ad\u011b trestn\u00edho pr\u00e1va, kter\u00e9 se bez soudob\u00fdch poznatk\u016f citovan\u00fdch v\u011bdn\u00edch obor\u016f neobejde.<br \/>\n<strong>Kl\u00ed\u010dov\u00e1 slova:<\/strong>\u00a0kriminalita, n\u00e1sil\u00ed, agrese, krutost, vra\u017eda<i><br \/>\n<\/i><\/p>\n<p><a href=\"https:\/\/veda.polac.cz\/?page_id=1175\">01\/2012<\/a><\/p>\n","protected":false},"excerpt":{"rendered":"<p>Resum\u00e9 \u010dl\u00e1nku Interdisciplin\u00e1rn\u00ed pohled na trestn\u00fd \u010din vra\u017edy kpt. Mgr. Pavel Dorn\u00edk P\u0159\u00edsp\u011bvek nasti\u0148uje interdisciplin\u00e1rn\u00ed pohled na trestn\u00fd \u010din vra\u017edy a jeho pachatele. Hlavn\u00ed \u00fahel pohledu vych\u00e1z\u00ed z kriminologie, kriminalistiky, sociologie, ale pr\u00e1v\u011b tak z pohledu psychologie, soudn\u00edho l\u00e9ka\u0159stv\u00ed a v neposledn\u00ed \u0159ad\u011b trestn\u00edho pr\u00e1va, kter\u00e9 se bez soudob\u00fdch poznatk\u016f citovan\u00fdch v\u011bdn\u00edch obor\u016f neobejde. Kl\u00ed\u010dov\u00e1 [&hellip;]<\/p>\n","protected":false},"author":2,"featured_media":0,"parent":0,"menu_order":7,"comment_status":"closed","ping_status":"closed","template":"","meta":{"footnotes":""},"class_list":["post-1204","page","type-page","status-publish","hentry"],"_links":{"self":[{"href":"https:\/\/veda.polac.cz\/index.php?rest_route=\/wp\/v2\/pages\/1204","targetHints":{"allow":["GET"]}}],"collection":[{"href":"https:\/\/veda.polac.cz\/index.php?rest_route=\/wp\/v2\/pages"}],"about":[{"href":"https:\/\/veda.polac.cz\/index.php?rest_route=\/wp\/v2\/types\/page"}],"author":[{"embeddable":true,"href":"https:\/\/veda.polac.cz\/index.php?rest_route=\/wp\/v2\/users\/2"}],"replies":[{"embeddable":true,"href":"https:\/\/veda.polac.cz\/index.php?rest_route=%2Fwp%2Fv2%2Fcomments&post=1204"}],"version-history":[{"count":2,"href":"https:\/\/veda.polac.cz\/index.php?rest_route=\/wp\/v2\/pages\/1204\/revisions"}],"predecessor-version":[{"id":1221,"href":"https:\/\/veda.polac.cz\/index.php?rest_route=\/wp\/v2\/pages\/1204\/revisions\/1221"}],"wp:attachment":[{"href":"https:\/\/veda.polac.cz\/index.php?rest_route=%2Fwp%2Fv2%2Fmedia&parent=1204"}],"curies":[{"name":"wp","href":"https:\/\/api.w.org\/{rel}","templated":true}]}}