{"id":1202,"date":"2018-09-14T01:19:57","date_gmt":"2018-09-14T01:19:57","guid":{"rendered":"http:\/\/veda.polac.cz\/?page_id=1202"},"modified":"2018-10-27T18:59:24","modified_gmt":"2018-10-27T18:59:24","slug":"6-2-4","status":"publish","type":"page","link":"https:\/\/veda.polac.cz\/?page_id=1202","title":{"rendered":""},"content":{"rendered":"<p style=\"text-align: center;\">Resum\u00e9 \u010dl\u00e1nku<\/p>\n<p><strong>Trestn\u00e1 \u010dinnost s extremistick\u00fdm podtextem na \u00fazem\u00ed \u010cesk\u00e9 republiky (od 1. ledna do 30. z\u00e1\u0159\u00ed 2011 ve srovn\u00e1n\u00ed se stejn\u00fdm obdob\u00edm r. 2010)<\/strong><br \/>\n<i>PhDr. Ladislava Tejchmanov\u00e1,CSc.<\/p>\n<p><\/i>P\u0159\u00edsp\u011bvek nasti\u0148uje v\u00fdvoj trestn\u00e9 \u010dinnosti s extremistick\u00fdm podtextem na \u00fazem\u00ed \u010cR od 1. 1. do 30. 9. 2011. V \u00favodu seznamuje s pozic\u00ed \u010cesk\u00e9 republiky mezi unijn\u00edmi st\u00e1ty p\u0159i shroma\u017e\u010fov\u00e1n\u00ed a zve\u0159ej\u0148ov\u00e1n\u00ed statistick\u00fdch dat k extremistick\u00e9 kriminalit\u011b. D\u00e1le charakterizuje zji\u0161t\u011bnou trestnou \u010dinnost s extremistick\u00fdm pod-textem v I. &#8211; III. \u010dtvrtlet\u00ed 2011 (pod\u00edl na celkov\u00e9 kriminalit\u011b, zat\u00ed\u017een\u00ed kraj\u016f, skladba zji\u0161t\u011bn\u00fdch trestn\u00fdch \u010din\u016f). Pozornost je zam\u011b\u0159ena na meziro\u010dn\u00ed srovn\u00e1n\u00ed (2011, 2010) a v neposledn\u00ed \u0159ad\u011b p\u0159\u00edsp\u011bvek vyty\u010duje dlouhodob\u00e9 trendy extremistick\u00e9 kriminality na \u00fazem\u00ed \u010cR a upozor\u0148uje na dal\u0161\u00ed mo\u017en\u00e9 viktimizovan\u00e9 skupiny. Text je dopln\u011bn grafy a tabulkami. V &#8222;Dodatku&#8220; pak autorka stru\u010dn\u011b zmi\u0148uje zaevidovanou trestnou \u010dinnost za cel\u00fd uplynul\u00fd rok 2011. Z vyhodnocen\u00ed vypl\u00fdv\u00e1, \u017ee z\u00e1v\u011br roku 2011 nep\u0159inesl, ve srovn\u00e1n\u00ed s hodnocen\u00fdm obdob\u00edm od 1. ledna do 30. z\u00e1\u0159\u00ed 2011, \u017e\u00e1dn\u00e9 podstatn\u00e9 zm\u011bny. Trend trestn\u00e9 \u010dinnosti s extremistick\u00fdm podtextem, zaznamenan\u00fd na konci t\u0159et\u00edho \u010dtvrtlet\u00ed, se ve \u010dtvrt\u00e9m \u010dtvrtlet\u00ed 2011 potvrdil.<br \/>\n<strong>Kl\u00ed\u010dov\u00e1 slova:<\/strong>\u00a0extremismus, extremistick\u00e1 kriminalita, trestn\u00e1 \u010dinnost s extre-mistick\u00fdm podtextem, skladba trestn\u00fdch \u010din\u016f, v\u00fdvoj po\u010dtu zji\u0161t\u011bn\u00fdch trestn\u00fdch \u010din\u016f v kraj\u00edch, m\u00edra objasn\u011bnosti, dlouhodob\u00e9 trendy.<\/p>\n<p><a href=\"https:\/\/veda.polac.cz\/?page_id=1175\">01\/2012<\/a><\/p>\n","protected":false},"excerpt":{"rendered":"<p>Resum\u00e9 \u010dl\u00e1nku Trestn\u00e1 \u010dinnost s extremistick\u00fdm podtextem na \u00fazem\u00ed \u010cesk\u00e9 republiky (od 1. ledna do 30. z\u00e1\u0159\u00ed 2011 ve srovn\u00e1n\u00ed se stejn\u00fdm obdob\u00edm r. 2010) PhDr. Ladislava Tejchmanov\u00e1,CSc. P\u0159\u00edsp\u011bvek nasti\u0148uje v\u00fdvoj trestn\u00e9 \u010dinnosti s extremistick\u00fdm podtextem na \u00fazem\u00ed \u010cR od 1. 1. do 30. 9. 2011. V \u00favodu seznamuje s pozic\u00ed \u010cesk\u00e9 republiky mezi unijn\u00edmi [&hellip;]<\/p>\n","protected":false},"author":2,"featured_media":0,"parent":0,"menu_order":6,"comment_status":"closed","ping_status":"closed","template":"","meta":{"footnotes":""},"class_list":["post-1202","page","type-page","status-publish","hentry"],"_links":{"self":[{"href":"https:\/\/veda.polac.cz\/index.php?rest_route=\/wp\/v2\/pages\/1202","targetHints":{"allow":["GET"]}}],"collection":[{"href":"https:\/\/veda.polac.cz\/index.php?rest_route=\/wp\/v2\/pages"}],"about":[{"href":"https:\/\/veda.polac.cz\/index.php?rest_route=\/wp\/v2\/types\/page"}],"author":[{"embeddable":true,"href":"https:\/\/veda.polac.cz\/index.php?rest_route=\/wp\/v2\/users\/2"}],"replies":[{"embeddable":true,"href":"https:\/\/veda.polac.cz\/index.php?rest_route=%2Fwp%2Fv2%2Fcomments&post=1202"}],"version-history":[{"count":2,"href":"https:\/\/veda.polac.cz\/index.php?rest_route=\/wp\/v2\/pages\/1202\/revisions"}],"predecessor-version":[{"id":1220,"href":"https:\/\/veda.polac.cz\/index.php?rest_route=\/wp\/v2\/pages\/1202\/revisions\/1220"}],"wp:attachment":[{"href":"https:\/\/veda.polac.cz\/index.php?rest_route=%2Fwp%2Fv2%2Fmedia&parent=1202"}],"curies":[{"name":"wp","href":"https:\/\/api.w.org\/{rel}","templated":true}]}}