{"id":1200,"date":"2018-09-14T01:18:49","date_gmt":"2018-09-14T01:18:49","guid":{"rendered":"http:\/\/veda.polac.cz\/?page_id=1200"},"modified":"2018-10-27T18:59:24","modified_gmt":"2018-10-27T18:59:24","slug":"5-2-4","status":"publish","type":"page","link":"https:\/\/veda.polac.cz\/?page_id=1200","title":{"rendered":""},"content":{"rendered":"<p style=\"text-align: center;\">Resum\u00e9 \u010dl\u00e1nku<\/p>\n<p><strong>Rizika transmis\u00ed m\u011bnov\u00e9 politiky v kontextu ekonomick\u00fdch teori\u00ed &#8211; jedny z determinant\u016f bezpe\u010dnostn\u00ed situace st\u00e1tu<\/strong><br \/>\n<i>Ing. Stanislav Burian, Ing. Pavel Svoboda, Mgr. Franti\u0161ek H\u0159eb\u00edk, Ph.D. , doc. Ing. Josef Br\u010d\u00e1k, CSc<\/p>\n<p><\/i>M\u011bnov\u00e1 transmise p\u0159edstavuje jeden ze z\u00e1kladn\u00edch regulativ\u016f bezpe\u010dnostn\u00ed situace st\u00e1tu. Uveden\u00fd p\u0159\u00edsp\u011bvek pojedn\u00e1v\u00e1 o kauz\u00e1ln\u00edch vztaz\u00edch v r\u00e1mci dvou z\u00e1kladn\u00edch transmisn\u00edch mechanism\u016f m\u011bnov\u00e9 politiky v prost\u0159ed\u00ed \u010cesk\u00e9 republiky. V jeho \u00favodn\u00ed \u010d\u00e1sti je p\u0159edstavena metodika vyu\u017eit\u00e1 pro \u00fapravu \u010dasov\u00fdch \u0159ad relevantn\u00edch makroekonomick\u00fdch veli\u010din a ur\u010den\u00ed kauz\u00e1ln\u00edch vztah\u016f v jednotliv\u00fdch f\u00e1z\u00edch transmis\u00ed. Na tuto \u010d\u00e1st navazuje stru\u010dn\u00e9 vymezen\u00ed keynesi\u00e1nsk\u00e9, resp. monetaristick\u00e9 teorie m\u011bnov\u00fdch transmisn\u00edch mechanism\u016f. Obecn\u011b definovan\u00e9 jednotliv\u00e9 vazby obou transmis\u00ed jsou n\u00e1sledn\u011b testov\u00e1ny na z\u00e1klad\u011b metodiky Grangerova pojet\u00ed kauzality. Z v\u00fdsledk\u016f testov\u00e1n\u00ed jsou pot\u00e9 identifikov\u00e1ny problematick\u00e9 f\u00e1ze transmis\u00ed, kter\u00e9 p\u0159edstavuj\u00ed rizika dysfunk\u010dnosti dan\u00fdch f\u00e1z\u00ed p\u0159edstavovan\u00e9 rozpory re\u00e1ln\u00fdch relac\u00ed s p\u0159edpoklady p\u0159\u00edslu\u0161n\u00fdch ekonomick\u00fdch teori\u00ed.<br \/>\n<strong>Kl\u00ed\u010dov\u00e1 slova:<\/strong>\u00a0\u010cesk\u00e1 republika, keynesi\u00e1nstv\u00ed, m\u011bnov\u00e1 politika, monetarismus, riziko bezpe\u010dnostn\u00ed situace st\u00e1tu, transmisn\u00ed mechanismus.<\/p>\n<p><a href=\"https:\/\/veda.polac.cz\/?page_id=1175\">01\/2012<\/a><\/p>\n","protected":false},"excerpt":{"rendered":"<p>Resum\u00e9 \u010dl\u00e1nku Rizika transmis\u00ed m\u011bnov\u00e9 politiky v kontextu ekonomick\u00fdch teori\u00ed &#8211; jedny z determinant\u016f bezpe\u010dnostn\u00ed situace st\u00e1tu Ing. Stanislav Burian, Ing. Pavel Svoboda, Mgr. Franti\u0161ek H\u0159eb\u00edk, Ph.D. , doc. Ing. Josef Br\u010d\u00e1k, CSc M\u011bnov\u00e1 transmise p\u0159edstavuje jeden ze z\u00e1kladn\u00edch regulativ\u016f bezpe\u010dnostn\u00ed situace st\u00e1tu. Uveden\u00fd p\u0159\u00edsp\u011bvek pojedn\u00e1v\u00e1 o kauz\u00e1ln\u00edch vztaz\u00edch v r\u00e1mci dvou z\u00e1kladn\u00edch transmisn\u00edch mechanism\u016f [&hellip;]<\/p>\n","protected":false},"author":2,"featured_media":0,"parent":0,"menu_order":5,"comment_status":"closed","ping_status":"closed","template":"","meta":{"footnotes":""},"class_list":["post-1200","page","type-page","status-publish","hentry"],"_links":{"self":[{"href":"https:\/\/veda.polac.cz\/index.php?rest_route=\/wp\/v2\/pages\/1200","targetHints":{"allow":["GET"]}}],"collection":[{"href":"https:\/\/veda.polac.cz\/index.php?rest_route=\/wp\/v2\/pages"}],"about":[{"href":"https:\/\/veda.polac.cz\/index.php?rest_route=\/wp\/v2\/types\/page"}],"author":[{"embeddable":true,"href":"https:\/\/veda.polac.cz\/index.php?rest_route=\/wp\/v2\/users\/2"}],"replies":[{"embeddable":true,"href":"https:\/\/veda.polac.cz\/index.php?rest_route=%2Fwp%2Fv2%2Fcomments&post=1200"}],"version-history":[{"count":2,"href":"https:\/\/veda.polac.cz\/index.php?rest_route=\/wp\/v2\/pages\/1200\/revisions"}],"predecessor-version":[{"id":1219,"href":"https:\/\/veda.polac.cz\/index.php?rest_route=\/wp\/v2\/pages\/1200\/revisions\/1219"}],"wp:attachment":[{"href":"https:\/\/veda.polac.cz\/index.php?rest_route=%2Fwp%2Fv2%2Fmedia&parent=1200"}],"curies":[{"name":"wp","href":"https:\/\/api.w.org\/{rel}","templated":true}]}}