{"id":1198,"date":"2018-09-14T01:17:54","date_gmt":"2018-09-14T01:17:54","guid":{"rendered":"http:\/\/veda.polac.cz\/?page_id=1198"},"modified":"2018-10-27T18:59:24","modified_gmt":"2018-10-27T18:59:24","slug":"4-2-4","status":"publish","type":"page","link":"https:\/\/veda.polac.cz\/?page_id=1198","title":{"rendered":""},"content":{"rendered":"<p style=\"text-align: center;\">Resum\u00e9 \u010dl\u00e1nku<\/p>\n<p><strong>Konceptualizace vnit\u0159n\u00ed bezpe\u010dnosti v SRN<\/strong><br \/>\n<i>Mgr. et Mgr. Kate\u0159ina Tvrd\u00e1, PhDr. Josef Smol\u00edk, Ph.D.<\/p>\n<p><\/i>Tento \u010dl\u00e1nek popisuje pojet\u00ed vnit\u0159n\u00ed bezpe\u010dnosti podle leg\u00e1ln\u00edho a koncep\u010dn\u00edho r\u00e1mce Spolkov\u00e9 republiky N\u011bmecko. P\u0159edev\u0161\u00edm se zam\u011b\u0159uje na z\u00e1kladn\u00ed chr\u00e1n\u011bn\u00e9 hodnoty (referen\u010dn\u00ed objekty) v r\u00e1mci vnit\u0159n\u00ed bezpe\u010dnosti. V n\u00e1vaznosti na referen\u010dn\u00ed objekty jsou tak\u00e9 v textu nast\u00edn\u011bny z\u00e1kladn\u00ed hrozby, jim\u017e \u010del\u00ed SRN v oblasti vnit\u0159n\u00ed bezpe\u010dnosti. D\u00e1le je v \u010dl\u00e1nku kladen d\u016fraz na identifikaci akt\u00e9r\u016f pod\u00edlej\u00edc\u00edch se na zaji\u0161t\u011bn\u00ed vnit\u0159n\u00ed bezpe\u010dnosti v SRN.<br \/>\n<strong>Kl\u00ed\u010dov\u00e1 slova:<\/strong>\u00a0Vnit\u0159n\u00ed bezpe\u010dnost, Spolkov\u00e1 republika N\u011bmecko, sekuritizace, akt\u00e9r sekuritizace, ochrana \u00fastavy, ochrana spole\u010dnosti, hrozby.<\/p>\n<p><a href=\"https:\/\/veda.polac.cz\/?page_id=1175\">01\/2012<\/a><\/p>\n","protected":false},"excerpt":{"rendered":"<p>Resum\u00e9 \u010dl\u00e1nku Konceptualizace vnit\u0159n\u00ed bezpe\u010dnosti v SRN Mgr. et Mgr. Kate\u0159ina Tvrd\u00e1, PhDr. Josef Smol\u00edk, Ph.D. Tento \u010dl\u00e1nek popisuje pojet\u00ed vnit\u0159n\u00ed bezpe\u010dnosti podle leg\u00e1ln\u00edho a koncep\u010dn\u00edho r\u00e1mce Spolkov\u00e9 republiky N\u011bmecko. P\u0159edev\u0161\u00edm se zam\u011b\u0159uje na z\u00e1kladn\u00ed chr\u00e1n\u011bn\u00e9 hodnoty (referen\u010dn\u00ed objekty) v r\u00e1mci vnit\u0159n\u00ed bezpe\u010dnosti. V n\u00e1vaznosti na referen\u010dn\u00ed objekty jsou tak\u00e9 v textu nast\u00edn\u011bny z\u00e1kladn\u00ed hrozby, [&hellip;]<\/p>\n","protected":false},"author":2,"featured_media":0,"parent":0,"menu_order":4,"comment_status":"closed","ping_status":"closed","template":"","meta":{"footnotes":""},"class_list":["post-1198","page","type-page","status-publish","hentry"],"_links":{"self":[{"href":"https:\/\/veda.polac.cz\/index.php?rest_route=\/wp\/v2\/pages\/1198","targetHints":{"allow":["GET"]}}],"collection":[{"href":"https:\/\/veda.polac.cz\/index.php?rest_route=\/wp\/v2\/pages"}],"about":[{"href":"https:\/\/veda.polac.cz\/index.php?rest_route=\/wp\/v2\/types\/page"}],"author":[{"embeddable":true,"href":"https:\/\/veda.polac.cz\/index.php?rest_route=\/wp\/v2\/users\/2"}],"replies":[{"embeddable":true,"href":"https:\/\/veda.polac.cz\/index.php?rest_route=%2Fwp%2Fv2%2Fcomments&post=1198"}],"version-history":[{"count":2,"href":"https:\/\/veda.polac.cz\/index.php?rest_route=\/wp\/v2\/pages\/1198\/revisions"}],"predecessor-version":[{"id":1218,"href":"https:\/\/veda.polac.cz\/index.php?rest_route=\/wp\/v2\/pages\/1198\/revisions\/1218"}],"wp:attachment":[{"href":"https:\/\/veda.polac.cz\/index.php?rest_route=%2Fwp%2Fv2%2Fmedia&parent=1198"}],"curies":[{"name":"wp","href":"https:\/\/api.w.org\/{rel}","templated":true}]}}