{"id":1196,"date":"2018-09-14T01:17:00","date_gmt":"2018-09-14T01:17:00","guid":{"rendered":"http:\/\/veda.polac.cz\/?page_id=1196"},"modified":"2018-10-27T18:59:24","modified_gmt":"2018-10-27T18:59:24","slug":"3-2-5","status":"publish","type":"page","link":"https:\/\/veda.polac.cz\/?page_id=1196","title":{"rendered":""},"content":{"rendered":"<p style=\"text-align: center;\">Resum\u00e9 \u010dl\u00e1nku<\/p>\n<p><strong>Biomechanick\u00e1 anal\u00fdza nestandardn\u00edho cvi\u010den\u00ed s kojenci<\/strong><br \/>\n<i>prof. PhDr. Ji\u0159\u00ed Straus, DrSc., pplk. JUDr. Zden\u011bk Sad\u00edlek, Ph.D., Mgr. Filip Danko, Mgr. Lucie Filipensk\u00e1<\/p>\n<p><\/i>Cvi\u010den\u00ed &#8222;l\u00e9t\u00e1n\u00ed miminek&#8220; je metoda zalo\u017een\u00e1 na cvi\u010den\u00ed s kojenci a mal\u00fdmi d\u011btmi. V\u011bk d\u011bt\u00ed je limitov\u00e1n fyzickou zdatnost\u00ed dosp\u011bl\u00fdch osob (nej\u010dast\u011bji rodi\u010d\u016f) d\u00edt\u011b udr\u017eet v ruk\u00e1ch a prov\u00e1d\u011bt s n\u00edm jednotliv\u00e9 krou\u017eiv\u00e9 pohyby kolem sv\u00e9ho t\u011bla. C\u00edlem m\u011b\u0159en\u00ed bylo proveden\u00ed video anal\u00fdzy pro stanoven\u00ed pr\u016fm\u011brn\u00e9ho a maxim\u00e1ln\u00edho zrychlen\u00ed hlavy a stanoven\u00ed mo\u017enosti zran\u011bn\u00ed v pr\u016fb\u011bhu cvi\u010den\u00ed. M\u011b\u0159en\u00ed jsme provedli v bloku se 4 kojenci ve v\u011bku od 17 dn\u016f do 19 m\u011bs\u00edc\u016f, hmotnost 3,3 a\u017e 10 kg. Cel\u00fd blok cvi\u010den\u00ed trv\u00e1 7 &#8211; 10 minut, cvi\u010den\u00ed prov\u00e1d\u011bj\u00ed rodi\u010de s d\u011btmi minim\u00e1ln\u011b dvakr\u00e1t denn\u011b.<br \/>\n<strong>Kl\u00ed\u010dov\u00e1 slova:<\/strong>\u00a0Biomechanika, l\u00e9t\u00e1n\u00ed miminek, MTBI, video anal\u00fdza.<\/p>\n<p><a href=\"https:\/\/veda.polac.cz\/?page_id=1175\">01\/2012<\/a><\/p>\n","protected":false},"excerpt":{"rendered":"<p>Resum\u00e9 \u010dl\u00e1nku Biomechanick\u00e1 anal\u00fdza nestandardn\u00edho cvi\u010den\u00ed s kojenci prof. PhDr. Ji\u0159\u00ed Straus, DrSc., pplk. JUDr. Zden\u011bk Sad\u00edlek, Ph.D., Mgr. Filip Danko, Mgr. Lucie Filipensk\u00e1 Cvi\u010den\u00ed &#8222;l\u00e9t\u00e1n\u00ed miminek&#8220; je metoda zalo\u017een\u00e1 na cvi\u010den\u00ed s kojenci a mal\u00fdmi d\u011btmi. V\u011bk d\u011bt\u00ed je limitov\u00e1n fyzickou zdatnost\u00ed dosp\u011bl\u00fdch osob (nej\u010dast\u011bji rodi\u010d\u016f) d\u00edt\u011b udr\u017eet v ruk\u00e1ch a prov\u00e1d\u011bt s n\u00edm [&hellip;]<\/p>\n","protected":false},"author":2,"featured_media":0,"parent":0,"menu_order":3,"comment_status":"closed","ping_status":"closed","template":"","meta":{"footnotes":""},"class_list":["post-1196","page","type-page","status-publish","hentry"],"_links":{"self":[{"href":"https:\/\/veda.polac.cz\/index.php?rest_route=\/wp\/v2\/pages\/1196","targetHints":{"allow":["GET"]}}],"collection":[{"href":"https:\/\/veda.polac.cz\/index.php?rest_route=\/wp\/v2\/pages"}],"about":[{"href":"https:\/\/veda.polac.cz\/index.php?rest_route=\/wp\/v2\/types\/page"}],"author":[{"embeddable":true,"href":"https:\/\/veda.polac.cz\/index.php?rest_route=\/wp\/v2\/users\/2"}],"replies":[{"embeddable":true,"href":"https:\/\/veda.polac.cz\/index.php?rest_route=%2Fwp%2Fv2%2Fcomments&post=1196"}],"version-history":[{"count":2,"href":"https:\/\/veda.polac.cz\/index.php?rest_route=\/wp\/v2\/pages\/1196\/revisions"}],"predecessor-version":[{"id":1217,"href":"https:\/\/veda.polac.cz\/index.php?rest_route=\/wp\/v2\/pages\/1196\/revisions\/1217"}],"wp:attachment":[{"href":"https:\/\/veda.polac.cz\/index.php?rest_route=%2Fwp%2Fv2%2Fmedia&parent=1196"}],"curies":[{"name":"wp","href":"https:\/\/api.w.org\/{rel}","templated":true}]}}