{"id":1194,"date":"2018-09-14T01:15:12","date_gmt":"2018-09-14T01:15:12","guid":{"rendered":"http:\/\/veda.polac.cz\/?page_id=1194"},"modified":"2018-11-02T22:20:14","modified_gmt":"2018-11-02T22:20:14","slug":"2-2-6","status":"publish","type":"page","link":"https:\/\/veda.polac.cz\/?page_id=1194","title":{"rendered":""},"content":{"rendered":"<p style=\"text-align: center;\">Resum\u00e9 \u010dl\u00e1nku<\/p>\n<p><strong>Selbstentz\u00fcndung von Ernte Gut und Futtermitteln. Spont\u00e1ln\u00ed samovzn\u00edcen\u00ed sena.<\/strong><br \/>\n<i>Frank D. Stolt M. MSc.<\/i><\/p>\n<p>Samovzn\u00edcen\u00ed sena je pravd\u011bpodobn\u011b nejd\u00e9le zn\u00e1mou, biologicky nebo chemicky vyvolanou p\u0159\u00ed\u010dinou po\u017e\u00e1ru jako d\u016fsledek pozvoln\u00e9ho mnoha\u00farov\u0148ov\u00e9ho procesu samovzn\u00edcen\u00ed. Je dob\u0159e zn\u00e1mo, \u017ee u voln\u00e9ho nelisovan\u00e9ho sena m\u016f\u017ee doj\u00edt ke samovzn\u00edcen\u00ed spont\u00e1nn\u011b. Do sou\u010dasn\u00e9 doby chyb\u00ed d\u016fkazy, zda se seno slisovan\u00e9 do \u010dtvercov\u00fdch bal\u00edk\u016f m\u016f\u017ee zah\u0159\u00e1t k samovzn\u00edcen\u00ed. Za pozornost zde stoj\u00ed vysok\u00e1 komprese ve velk\u00fdch bal\u00edc\u00edch, kter\u00e1 umo\u017e\u0148uje pouze mal\u00fd vstup kysl\u00edku. Vy\u0161et\u0159ov\u00e1n\u00ed po\u017e\u00e1ru po hypotetick\u00e9m spont\u00e1nn\u00edm ho\u0159en\u00ed (eliminaci) m\u00e1 velice komplexn\u00ed charakter. Zhodnocen\u00ed, zda jde o po\u017e\u00e1r spont\u00e1nn\u00edho vzn\u00edcen\u00ed \u00farody nebo krmiva pro zv\u00ed\u0159ata, z\u00e1vis\u00ed na extern\u00edch rysech, jako jsou spr\u00e1vn\u00e9 vzorky, pokud je mo\u017en\u00e9 takov\u00e9 po uha\u0161en\u00ed po\u017e\u00e1ru z\u00edskat.<br \/>\n<strong>Kl\u00ed\u010dov\u00e1 slova:<\/strong>\u00a0po\u017e\u00e1ry, samovzn\u00edcen\u00ed, seno, \u00faroda<\/p>\n<p><a href=\"https:\/\/veda.polac.cz\/?page_id=1175\">01\/2012<\/a><\/p>\n","protected":false},"excerpt":{"rendered":"<p>Resum\u00e9 \u010dl\u00e1nku Selbstentz\u00fcndung von Ernte Gut und Futtermitteln. Spont\u00e1ln\u00ed samovzn\u00edcen\u00ed sena. Frank D. Stolt M. MSc. Samovzn\u00edcen\u00ed sena je pravd\u011bpodobn\u011b nejd\u00e9le zn\u00e1mou, biologicky nebo chemicky vyvolanou p\u0159\u00ed\u010dinou po\u017e\u00e1ru jako d\u016fsledek pozvoln\u00e9ho mnoha\u00farov\u0148ov\u00e9ho procesu samovzn\u00edcen\u00ed. Je dob\u0159e zn\u00e1mo, \u017ee u voln\u00e9ho nelisovan\u00e9ho sena m\u016f\u017ee doj\u00edt ke samovzn\u00edcen\u00ed spont\u00e1nn\u011b. Do sou\u010dasn\u00e9 doby chyb\u00ed d\u016fkazy, zda se seno [&hellip;]<\/p>\n","protected":false},"author":2,"featured_media":0,"parent":1175,"menu_order":2,"comment_status":"closed","ping_status":"closed","template":"","meta":{"footnotes":""},"class_list":["post-1194","page","type-page","status-publish","hentry"],"_links":{"self":[{"href":"https:\/\/veda.polac.cz\/index.php?rest_route=\/wp\/v2\/pages\/1194","targetHints":{"allow":["GET"]}}],"collection":[{"href":"https:\/\/veda.polac.cz\/index.php?rest_route=\/wp\/v2\/pages"}],"about":[{"href":"https:\/\/veda.polac.cz\/index.php?rest_route=\/wp\/v2\/types\/page"}],"author":[{"embeddable":true,"href":"https:\/\/veda.polac.cz\/index.php?rest_route=\/wp\/v2\/users\/2"}],"replies":[{"embeddable":true,"href":"https:\/\/veda.polac.cz\/index.php?rest_route=%2Fwp%2Fv2%2Fcomments&post=1194"}],"version-history":[{"count":3,"href":"https:\/\/veda.polac.cz\/index.php?rest_route=\/wp\/v2\/pages\/1194\/revisions"}],"predecessor-version":[{"id":2147,"href":"https:\/\/veda.polac.cz\/index.php?rest_route=\/wp\/v2\/pages\/1194\/revisions\/2147"}],"up":[{"embeddable":true,"href":"https:\/\/veda.polac.cz\/index.php?rest_route=\/wp\/v2\/pages\/1175"}],"wp:attachment":[{"href":"https:\/\/veda.polac.cz\/index.php?rest_route=%2Fwp%2Fv2%2Fmedia&parent=1194"}],"curies":[{"name":"wp","href":"https:\/\/api.w.org\/{rel}","templated":true}]}}