{"id":1191,"date":"2018-09-14T01:13:25","date_gmt":"2018-09-14T01:13:25","guid":{"rendered":"http:\/\/veda.polac.cz\/?page_id=1191"},"modified":"2018-11-02T20:41:03","modified_gmt":"2018-11-02T20:41:03","slug":"1-2-5","status":"publish","type":"page","link":"https:\/\/veda.polac.cz\/?page_id=1191","title":{"rendered":""},"content":{"rendered":"<p style=\"text-align: center;\">Resum\u00e9 \u010dl\u00e1nku<\/p>\n<p><strong>V\u00fdznam Etick\u00e9ho k\u00f3dexu pr\u00edslu\u0161n\u00edka Policajn\u00e9ho zboru Slovenskej republiky v kontexte s\u00fa\u010dasn\u00e9ho bezpe\u010dnostn\u00e9ho prostredia<\/strong><br \/>\n<i>PhDr. Jozef Gre\u0148o<\/i><\/p>\n<p>Pr\u00edspevok sa zaober\u00e1 problematikou Etick\u00e9ho k\u00f3dexu pr\u00edslu\u0161n\u00edka PZ SR v kontexte s\u00fa\u010dasn\u00e9ho bezpe\u010dnostn\u00e9ho prostredia. D\u00f4raz na \u013eudsk\u00fd pr\u00edstup je v aktu\u00e1lnom bezpe\u010dnostnom prostred\u00ed jednou z mo\u017en\u00fdch ciest, ako \u00faspe\u0161ne zn\u00e1sobi\u0165 pocit zodpovednosti slobodn\u00e9ho \u010dloveka za svoje konanie. Ide o re\u00e1lne dosiahnute\u013en\u00fd sp\u00f4sob, prostredn\u00edctvom ktor\u00e9ho bude jednotlivec schopn\u00fd v z\u00e1ujme bezpe\u010dnostn\u00fdch h\u013ead\u00edsk, d\u00f4sledne re\u0161pektova\u0165 platn\u00e9 regulat\u00edvne in\u0161trumenty vpe\u010daten\u00e9 do mor\u00e1lnej, resp. z\u00e1konnej architekt\u00fary. Jedn\u00fdm z d\u00f4le\u017eit\u00fdch regul\u00e1torov v\u00fdkonu policajnej profesie je Etick\u00fd k\u00f3dex pr\u00edslu\u0161n\u00edka PZ SR, ktor\u00fd pre\u0161iel kvalitat\u00edvnym v\u00fdvojom. Etick\u00fd k\u00f3dex pr\u00edslu\u0161n\u00edka PZ SR otvorene prezentuje etick\u00e9 po\u017eiadavky, \u010d\u00edm v\u00fdznamn\u00fdm sp\u00f4sobom pozit\u00edvne ovplyv\u0148uje kvalitu slu\u017eobnej \u010dinnosti a podie\u013ea sa na elimin\u00e1cii konania, ktor\u00e9 je v rozpore s etick\u00fdmi normami, resp. napom\u00e1ha pri rie\u0161en\u00ed mor\u00e1lnych dilem. Etick\u00fd k\u00f3dex pr\u00edslu\u0161n\u00edka PZ SR m\u00e1 svoje opodstatnenie aj pri organizovan\u00ed policajnej \u010dinnosti, ako \u00fa\u010dinn\u00fd n\u00e1stroj v oblasti riadenia. Pre dosiahnutie po\u017eadovan\u00fdch etick\u00fdch \u0161tandardov je nutn\u00e9 pokra\u010dova\u0165 v procese implement\u00e1cie princ\u00edpov Etick\u00e9ho k\u00f3dexu pr\u00edslu\u0161n\u00edka PZ SR do roviny policajnej praxe.<br \/>\n<strong>K\u013e\u00fa\u010dov\u00e9 slov\u00e1:<\/strong>\u00a0bezpe\u010dnos\u0165, profesijn\u00e1 etika, etick\u00e9 normy, etick\u00fd k\u00f3dex<\/p>\n<p><a href=\"https:\/\/veda.polac.cz\/?page_id=1175\">01\/2012<\/a><\/p>\n","protected":false},"excerpt":{"rendered":"<p>Resum\u00e9 \u010dl\u00e1nku V\u00fdznam Etick\u00e9ho k\u00f3dexu pr\u00edslu\u0161n\u00edka Policajn\u00e9ho zboru Slovenskej republiky v kontexte s\u00fa\u010dasn\u00e9ho bezpe\u010dnostn\u00e9ho prostredia PhDr. Jozef Gre\u0148o Pr\u00edspevok sa zaober\u00e1 problematikou Etick\u00e9ho k\u00f3dexu pr\u00edslu\u0161n\u00edka PZ SR v kontexte s\u00fa\u010dasn\u00e9ho bezpe\u010dnostn\u00e9ho prostredia. D\u00f4raz na \u013eudsk\u00fd pr\u00edstup je v aktu\u00e1lnom bezpe\u010dnostnom prostred\u00ed jednou z mo\u017en\u00fdch ciest, ako \u00faspe\u0161ne zn\u00e1sobi\u0165 pocit zodpovednosti slobodn\u00e9ho \u010dloveka za svoje konanie. [&hellip;]<\/p>\n","protected":false},"author":2,"featured_media":0,"parent":1175,"menu_order":1,"comment_status":"closed","ping_status":"closed","template":"","meta":{"footnotes":""},"class_list":["post-1191","page","type-page","status-publish","hentry"],"_links":{"self":[{"href":"https:\/\/veda.polac.cz\/index.php?rest_route=\/wp\/v2\/pages\/1191","targetHints":{"allow":["GET"]}}],"collection":[{"href":"https:\/\/veda.polac.cz\/index.php?rest_route=\/wp\/v2\/pages"}],"about":[{"href":"https:\/\/veda.polac.cz\/index.php?rest_route=\/wp\/v2\/types\/page"}],"author":[{"embeddable":true,"href":"https:\/\/veda.polac.cz\/index.php?rest_route=\/wp\/v2\/users\/2"}],"replies":[{"embeddable":true,"href":"https:\/\/veda.polac.cz\/index.php?rest_route=%2Fwp%2Fv2%2Fcomments&post=1191"}],"version-history":[{"count":3,"href":"https:\/\/veda.polac.cz\/index.php?rest_route=\/wp\/v2\/pages\/1191\/revisions"}],"predecessor-version":[{"id":1226,"href":"https:\/\/veda.polac.cz\/index.php?rest_route=\/wp\/v2\/pages\/1191\/revisions\/1226"}],"up":[{"embeddable":true,"href":"https:\/\/veda.polac.cz\/index.php?rest_route=\/wp\/v2\/pages\/1175"}],"wp:attachment":[{"href":"https:\/\/veda.polac.cz\/index.php?rest_route=%2Fwp%2Fv2%2Fmedia&parent=1191"}],"curies":[{"name":"wp","href":"https:\/\/api.w.org\/{rel}","templated":true}]}}