{"id":1175,"date":"2018-09-14T01:10:19","date_gmt":"2018-09-14T01:10:19","guid":{"rendered":"http:\/\/veda.polac.cz\/?page_id=1175"},"modified":"2019-04-18T10:43:06","modified_gmt":"2019-04-18T10:43:06","slug":"01-2012","status":"publish","type":"page","link":"https:\/\/veda.polac.cz\/?page_id=1175","title":{"rendered":"01\/2012"},"content":{"rendered":"<p><a href=\"https:\/\/veda.polac.cz\/?page_id=1191\"><strong>V\u00fdznam Etick\u00e9ho k\u00f3dexu pr\u00edslu\u0161n\u00edka Policajn\u00e9ho zboru Slovenskej republiky v kontexte s\u00fa\u010dasn\u00e9ho bezpe\u010dnostn\u00e9ho prostredia<\/strong><\/a><br \/>\nPhDr. Jozef Gre\u0148o<\/p>\n<hr \/>\n<p><a href=\"https:\/\/veda.polac.cz\/?page_id=1194\"><strong>Selbstentz\u00fcndung von Ernte Gut und Futtermitteln<\/strong><\/a><br \/>\nFrank D. Stolt M. MSc.<\/p>\n<hr \/>\n<p><a href=\"https:\/\/veda.polac.cz\/?page_id=1196\"><strong>Biomechanick\u00e1 anal\u00fdza nestandardn\u00edho cvi\u010den\u00ed s kojenci<\/strong><\/a><br \/>\nprof. PhDr. Ji\u0159\u00ed Straus, DrSc., pplk. JUDr. Zden\u011bk Sad\u00edlek, Ph.D., Mgr. Filip Danko, Mgr. Lucie Filipensk\u00e1<\/p>\n<hr \/>\n<p><a href=\"https:\/\/veda.polac.cz\/?page_id=1198\"><strong>Konceptualizace vnit\u0159n\u00ed bezpe\u010dnosti v SRN<\/strong><\/a><br \/>\nMgr. et Mgr. Kate\u0159ina Tvrd\u00e1, PhDr. Josef Smol\u00edk, Ph.D.<\/p>\n<hr \/>\n<p><a href=\"https:\/\/veda.polac.cz\/?page_id=1200\"><strong>Rizika transmis\u00ed m\u011bnov\u00e9 politiky v kontextu ekonomick\u00fdch teori\u00ed &#8211; jedny z determinant\u016f bezpe\u010dnostn\u00ed situace st\u00e1tu<\/strong><\/a><br \/>\nIng. Stanislav Burian, Ing. Pavel Svoboda, Mgr. Franti\u0161ek H\u0159eb\u00edk, Ph.D., doc. Ing. Josef Br\u010d\u00e1k, CSc.<\/p>\n<hr \/>\n<p><a href=\"https:\/\/veda.polac.cz\/?page_id=1202\"><strong>Trestn\u00e1 \u010dinnost s extremistick\u00fdm podtextem na \u00fazem\u00ed \u010cesk\u00e9 republiky (od 1. ledna do 30. z\u00e1\u0159\u00ed 2011 ve srovn\u00e1n\u00ed se stejn\u00fdm obdob\u00edm r. 2010)<\/strong><\/a><br \/>\nPhDr. Ladislava Tejchmanov\u00e1,CSc.<\/p>\n<hr \/>\n<p><a href=\"https:\/\/veda.polac.cz\/?page_id=1204\"><strong>Interdisciplin\u00e1rn\u00ed pohled na trestn\u00fd \u010din vra\u017edy<\/strong><\/a><br \/>\nkpt. Mgr. Pavel Dorn\u00edk<\/p>\n<hr \/>\n<p><a href=\"https:\/\/veda.polac.cz\/?page_id=1206\"><strong>Explicitnost policejn\u00ed terminologie v p\u0159ekladech sou\u010dasn\u00e9 beletrie<\/strong><\/a><br \/>\nMgr. Alena Luk\u00e1\u010dov\u00e1, Ph.D.<\/p>\n<hr \/>\n<p><a href=\"https:\/\/veda.polac.cz\/?page_id=1208\"><strong>Trestn\u00fd \u010din opilstv\u00ed v b\u011bhu \u010dasu<\/strong><\/a><br \/>\nJUDr. Milan \u0160ubrt, Ph.D.<\/p>\n<hr \/>\n<p><a href=\"https:\/\/veda.polac.cz\/?page_id=1210\"><strong>V\u00fdzkumn\u00e9 centrum bezpe\u010dnostn\u00edho managementu &#8211; d\u00edl\u010d\u00ed zpr\u00e1va o pln\u011bn\u00ed v\u00fdzkumn\u00e9ho \u00fakolu v roce 2011)<\/strong><\/a><br \/>\nMgr. Anton\u00edn Slab\u00fd, Ph.D.<\/p>\n<hr \/>\n<p><a href=\"https:\/\/veda.polac.cz\/?page_id=1212\"><strong>Sa\u00fadsk\u00e1 Ar\u00e1bie: Exotick\u00fd partner &#8211; nejenom &#8211; v oblasti bezpe\u010dnostn\u00edho vzd\u011bl\u00e1v\u00e1n\u00ed (II. \u010d\u00e1st)\u00a0<\/strong><\/a><br \/>\nMgr. Old\u0159ich Krul\u00edk, Ph.D., prof. Ing. Bed\u0159ich \u0160est\u00e1k, DrSc.<\/p>\n<hr \/>\n<p><strong>Informace o kon\u00e1n\u00ed odborn\u00e9ho semin\u00e1\u0159e pro vysok\u00e9 \u0161koly vzd\u011bl\u00e1vaj\u00edc\u00ed odborn\u00edky v oblasti bezpe\u010dnosti<\/strong><br \/>\nMgr. Jaroslava Nov\u00e1kov\u00e1, Ing. Ondrej Tar\u010d\u00e1ni.<\/p>\n<hr \/>\n<p><strong>Informace o mezin\u00e1rodn\u00edm odborn\u00e9m semin\u00e1\u0159i &#8222;Penitenci\u00e1rn\u00ed pr\u00e1ce s vybran\u00fdmi skupinami odsouzen\u00fdch &#8211; p\u0159\u00edklady dobr\u00e9 praxe&#8220;<\/strong><br \/>\npplk. PhDr. JUDr. Jana Firstov\u00e1<\/p>\n<hr \/>\n<p><strong>Informace o kon\u00e1n\u00ed mezin\u00e1rodn\u00edho symp\u00f3zia kriminolog\u016f &#8211; &#8222;Kriminologie jako samostatn\u00fd v\u011bdn\u00ed obor v rovin\u011b v\u011bdeckov\u00fdzkumn\u00e9 a akademick\u00e9 v\u00fduky na vysok\u00fdch \u0161kol\u00e1ch v SR, \u010cR a v Polsku&#8220;<\/strong><br \/>\npplk. PhDr. JUDr. Jana Firstov\u00e1<\/p>\n<hr \/>\n<p><strong>Jubilejn\u00ed 10. setk\u00e1n\u00ed kriminologick\u00e9 obce a jejich spolupracovn\u00edk\u016f\u00a0<\/strong><br \/>\nMgr. et. Ing. et. Bc.Viera Jonsztov\u00e1<\/p>\n<hr \/>\n<p><strong>Recenze publikace &#8222;Dom\u00e1c\u00ed n\u00e1sil\u00ed&#8220;<\/strong><br \/>\ndoc. PhDr. Ludmila \u010c\u00edrtkov\u00e1, CSc.<\/p>\n<hr \/>\n<p><strong>Recenze publikace &#8222;Jak si lid\u00e9 hraj\u00ed&#8220;<\/strong><br \/>\nPhDr. Jitka Vesel\u00e1, Ph.D.<\/p>\n<hr \/>\n<p><strong>Recenze publikace &#8222;Kniha o mu\u017estv\u00ed&#8220;<\/strong><br \/>\ndoc. PhDr. Ludmila \u010c\u00edrtkov\u00e1, CSc.<\/p>\n<hr \/>\n<p><a href=\"https:\/\/veda.polac.cz\/?page_id=235\">Zp\u011bt<\/a><\/p>\n","protected":false},"excerpt":{"rendered":"<p>V\u00fdznam Etick\u00e9ho k\u00f3dexu pr\u00edslu\u0161n\u00edka Policajn\u00e9ho zboru Slovenskej republiky v kontexte s\u00fa\u010dasn\u00e9ho bezpe\u010dnostn\u00e9ho prostredia PhDr. Jozef Gre\u0148o Selbstentz\u00fcndung von Ernte Gut und Futtermitteln Frank D. Stolt M. MSc. Biomechanick\u00e1 anal\u00fdza nestandardn\u00edho cvi\u010den\u00ed s kojenci prof. PhDr. Ji\u0159\u00ed Straus, DrSc., pplk. JUDr. Zden\u011bk Sad\u00edlek, Ph.D., Mgr. Filip Danko, Mgr. Lucie Filipensk\u00e1 Konceptualizace vnit\u0159n\u00ed bezpe\u010dnosti v SRN Mgr. [&hellip;]<\/p>\n","protected":false},"author":2,"featured_media":0,"parent":235,"menu_order":20,"comment_status":"closed","ping_status":"closed","template":"","meta":{"footnotes":""},"class_list":["post-1175","page","type-page","status-publish","hentry"],"_links":{"self":[{"href":"https:\/\/veda.polac.cz\/index.php?rest_route=\/wp\/v2\/pages\/1175","targetHints":{"allow":["GET"]}}],"collection":[{"href":"https:\/\/veda.polac.cz\/index.php?rest_route=\/wp\/v2\/pages"}],"about":[{"href":"https:\/\/veda.polac.cz\/index.php?rest_route=\/wp\/v2\/types\/page"}],"author":[{"embeddable":true,"href":"https:\/\/veda.polac.cz\/index.php?rest_route=\/wp\/v2\/users\/2"}],"replies":[{"embeddable":true,"href":"https:\/\/veda.polac.cz\/index.php?rest_route=%2Fwp%2Fv2%2Fcomments&post=1175"}],"version-history":[{"count":3,"href":"https:\/\/veda.polac.cz\/index.php?rest_route=\/wp\/v2\/pages\/1175\/revisions"}],"predecessor-version":[{"id":2625,"href":"https:\/\/veda.polac.cz\/index.php?rest_route=\/wp\/v2\/pages\/1175\/revisions\/2625"}],"up":[{"embeddable":true,"href":"https:\/\/veda.polac.cz\/index.php?rest_route=\/wp\/v2\/pages\/235"}],"wp:attachment":[{"href":"https:\/\/veda.polac.cz\/index.php?rest_route=%2Fwp%2Fv2%2Fmedia&parent=1175"}],"curies":[{"name":"wp","href":"https:\/\/api.w.org\/{rel}","templated":true}]}}