{"id":1171,"date":"2018-09-14T01:02:14","date_gmt":"2018-09-14T01:02:14","guid":{"rendered":"http:\/\/veda.polac.cz\/?page_id=1171"},"modified":"2018-10-27T19:01:54","modified_gmt":"2018-10-27T19:01:54","slug":"13-2","status":"publish","type":"page","link":"https:\/\/veda.polac.cz\/?page_id=1171","title":{"rendered":""},"content":{"rendered":"<p style=\"text-align: center;\">Resum\u00e9 \u010dl\u00e1nku<\/p>\n<p><strong>Specifika policejn\u00edho slangu<br \/>\n<\/strong><i>Mgr. Alena Luk\u00e1\u010dov\u00e1, Ph.D., JUDr. Martin Kloubek, Ph.D.<\/p>\n<p><\/i>\u010cl\u00e1nek pojedn\u00e1v\u00e1 o slangu, kter\u00fd je sou\u010d\u00e1st\u00ed ka\u017ed\u00e9ho n\u00e1rodn\u00edho jazyka. Jedn\u00e1 se o nespisovnou formu jazyka. Slang je klasifikov\u00e1n jako tzv. soci\u00e1ln\u011b vymezen\u00e1 lexik\u00e1ln\u00ed z\u00e1soba, ve kter\u00e9 se vytv\u00e1\u0159\u00ed speci\u00e1ln\u00ed pojmenov\u00e1n\u00ed. Policejn\u00ed slang m\u00e1 sv\u00e1 specifika tak, jak je tomu obdobn\u011b u mnoha jin\u00fdch slang\u016f charakterizuj\u00edc\u00edch nejr\u016fzn\u011bj\u0161\u00ed profesn\u00ed a z\u00e1jmov\u00e9 komunity. Specifika policejn\u00edho slangu bezprost\u0159edn\u011b souvis\u00ed se specifi\u010dnost\u00ed policie jako komunity, v r\u00e1mci kter\u00e9 policejn\u00ed slang vznikl a bude se i nad\u00e1le kontinu\u00e1ln\u011b tvo\u0159it v reakci na nov\u00e9 podn\u011bty a skute\u010dnosti. Auto\u0159i se p\u0159ikl\u00e1n\u011bj\u00ed k n\u00e1zoru, \u017ee i p\u0159es nespornou zaj\u00edmavost policejn\u00edho slangu, m\u011bl by tento z\u016fstat z mnoha d\u016fvod\u016f i nad\u00e1le nezve\u0159ej\u0148ov\u00e1n mimo r\u00e1mec Policie \u010cR a MV \u010cR.<br \/>\n<strong>Kl\u00ed\u010dov\u00e1 slova:<\/strong>\u00a0slang, specifika, n\u00e1rodn\u00ed jazyk, nespisovn\u00e1 forma jazyka, speci\u00e1ln\u00ed pojmenov\u00e1n\u00ed, policejn\u00ed komunita.<i><br \/>\n<\/i><\/p>\n<p><a href=\"https:\/\/veda.polac.cz\/?page_id=1132\">02\/2012<\/a><\/p>\n","protected":false},"excerpt":{"rendered":"<p>Resum\u00e9 \u010dl\u00e1nku Specifika policejn\u00edho slangu Mgr. Alena Luk\u00e1\u010dov\u00e1, Ph.D., JUDr. Martin Kloubek, Ph.D. \u010cl\u00e1nek pojedn\u00e1v\u00e1 o slangu, kter\u00fd je sou\u010d\u00e1st\u00ed ka\u017ed\u00e9ho n\u00e1rodn\u00edho jazyka. Jedn\u00e1 se o nespisovnou formu jazyka. Slang je klasifikov\u00e1n jako tzv. soci\u00e1ln\u011b vymezen\u00e1 lexik\u00e1ln\u00ed z\u00e1soba, ve kter\u00e9 se vytv\u00e1\u0159\u00ed speci\u00e1ln\u00ed pojmenov\u00e1n\u00ed. Policejn\u00ed slang m\u00e1 sv\u00e1 specifika tak, jak je tomu obdobn\u011b u [&hellip;]<\/p>\n","protected":false},"author":2,"featured_media":0,"parent":1132,"menu_order":13,"comment_status":"closed","ping_status":"closed","template":"","meta":{"footnotes":""},"class_list":["post-1171","page","type-page","status-publish","hentry"],"_links":{"self":[{"href":"https:\/\/veda.polac.cz\/index.php?rest_route=\/wp\/v2\/pages\/1171","targetHints":{"allow":["GET"]}}],"collection":[{"href":"https:\/\/veda.polac.cz\/index.php?rest_route=\/wp\/v2\/pages"}],"about":[{"href":"https:\/\/veda.polac.cz\/index.php?rest_route=\/wp\/v2\/types\/page"}],"author":[{"embeddable":true,"href":"https:\/\/veda.polac.cz\/index.php?rest_route=\/wp\/v2\/users\/2"}],"replies":[{"embeddable":true,"href":"https:\/\/veda.polac.cz\/index.php?rest_route=%2Fwp%2Fv2%2Fcomments&post=1171"}],"version-history":[{"count":2,"href":"https:\/\/veda.polac.cz\/index.php?rest_route=\/wp\/v2\/pages\/1171\/revisions"}],"predecessor-version":[{"id":1189,"href":"https:\/\/veda.polac.cz\/index.php?rest_route=\/wp\/v2\/pages\/1171\/revisions\/1189"}],"up":[{"embeddable":true,"href":"https:\/\/veda.polac.cz\/index.php?rest_route=\/wp\/v2\/pages\/1132"}],"wp:attachment":[{"href":"https:\/\/veda.polac.cz\/index.php?rest_route=%2Fwp%2Fv2%2Fmedia&parent=1171"}],"curies":[{"name":"wp","href":"https:\/\/api.w.org\/{rel}","templated":true}]}}