{"id":117,"date":"2018-08-28T04:18:23","date_gmt":"2018-08-28T04:18:23","guid":{"rendered":"http:\/\/veda.polac.cz\/?page_id=117"},"modified":"2020-02-04T14:24:18","modified_gmt":"2020-02-04T14:24:18","slug":"02-2017","status":"publish","type":"page","link":"https:\/\/veda.polac.cz\/?page_id=117","title":{"rendered":"02\/2017"},"content":{"rendered":"<p><a href=\"https:\/\/veda.polac.cz\/?page_id=348\"><strong>Zm\u011bny hodnotov\u00e9 hierarchie mlad\u00fdch delikvent\u016f jako reflexe patologie v kvalit\u011b jejich \u017eivota\u00a0<\/strong><\/a><br \/>\nPhDr. Petr Ju\u0159\u00ed\u010dek, Ph.D., Vysok\u00e1 \u0161kola Karla Engli\u0161e, a.s.<br \/>\n\u00dastav bezpe\u010dnosti a pr\u00e1va<\/p>\n<p><a href=\"https:\/\/veda.polac.cz\/wp-content\/uploads\/2018\/11\/022017Zm\u011bny-hodnotov\u00e9-hierarchie-mlad\u00fdch-delikvent\u016f-jako-reflexe-patologie-v-kvalit\u011b-jejich-\u017eivota-kopie.pdf\" target=\"_blank\" rel=\"noopener noreferrer\">Pdf form\u00e1t<\/a><\/p>\n<hr \/>\n<p><a href=\"https:\/\/veda.polac.cz\/?page_id=356\"><strong>Sc\u00e9n\u00e1\u0159e zkou\u0161ek spolehlivosti &#8211; v\u00fdzkumn\u00e1 zji\u0161t\u011bn\u00ed z prost\u0159ed\u00ed V\u011bze\u0148sk\u00e9 slu\u017eby \u010cR\u00a0<\/strong><\/a><br \/>\npplk. JUDr. Josef Hrudka, Ph.D., Fakulta bezpe\u010dnostn\u011b pr\u00e1vn\u00ed PA \u010cR v Praze Katedra policejn\u00edch \u010dinnost\u00ed\u00a0<i><\/i><\/p>\n<p><a href=\"https:\/\/veda.polac.cz\/wp-content\/uploads\/2018\/11\/022017Sc\u00e9n\u00e1\u0159e-zkou\u0161ek-spolehlivosti-\u2013-v\u00fdzkumn\u00e1-zji\u0161t\u011bn\u00ed-z-prost\u0159ed\u00ed-V\u011bze\u0148sk\u00e9-slu\u017eby-\u010cR.pdf\" target=\"_blank\" rel=\"noopener noreferrer\">Pdf form\u00e1t<\/a><\/p>\n<hr \/>\n<p><a href=\"https:\/\/veda.polac.cz\/?page_id=358\"><strong>Problematika odhalov\u00e1n\u00ed trestn\u00e9 \u010dinnosti spojen\u00e9 s ve\u0159ejn\u00fdmi zak\u00e1zkami\u00a0<\/strong><\/a><br \/>\ndoc. Ing. Lubor Hru\u0161ka, Ph.D.; Ing. Ivana Foldynov\u00e1, Ph.D.; Ing. Radek Fujak;<br \/>\nV\u011bdeckov\u00fdzkumn\u00fd \u00fastav ACCENDO &#8211; Centrum pro v\u011bdu a v\u00fdzkum, z.\u00fa.<br \/>\nIng. Vratislav Dvo\u0159\u00e1k, Ph.D., Fakulta bezpe\u010dnostn\u011b pr\u00e1vn\u00ed PA \u010cR v Praze Katedra krimin\u00e1ln\u00ed policie<\/p>\n<p><a href=\"https:\/\/veda.polac.cz\/wp-content\/uploads\/2018\/11\/022017Problematika-odhalov\u00e1n\u00ed-trestn\u00e9-\u010dinnosti-spojen\u00e9-s-ve\u0159ejn\u00fdmi-zak\u00e1zkami.pdf\" target=\"_blank\" rel=\"noopener noreferrer\">Pdf form\u00e1t<\/a><\/p>\n<hr \/>\n<p><a href=\"https:\/\/veda.polac.cz\/?page_id=361\"><strong>Niektor\u00e9 vybran\u00e9 aspekty trestn\u00fdch \u010dinov proti \u017eivotu v pr\u00e1vnej \u00faprave Trestn\u00e9ho z\u00e1kona Slovenskej a \u010ceskej republiky<\/strong><\/a><br \/>\npplk. JUDr. Veronika Markov\u00e1, PhD., JUDr. Ladislav Bal\u00fan<br \/>\nAkad\u00e9mia Policajn\u00e9ho zboru v Bratislave, Katedra trestn\u00e9ho pr\u00e1va<\/p>\n<p><a href=\"https:\/\/veda.polac.cz\/wp-content\/uploads\/2018\/11\/022017Niektor\u00e9-vybran\u00e9-aspekty-trestn\u00fdch-\u010dinov-proti-\u017eivotu-v-pr\u00e1vnej-\u00faprave-Trestn\u00e9ho-z\u00e1kona-Slovenskej-a-\u010ceskej-republiky.pdf\" target=\"_blank\" rel=\"noopener noreferrer\">Pdf form\u00e1t<\/a><\/p>\n<hr \/>\n<p><a href=\"https:\/\/veda.polac.cz\/?page_id=363\"><strong>Pojem extremismus a jeho aktu\u00e1ln\u00ed mo\u017enosti pou\u017eit\u00ed v \u010cesk\u00e9 republice<\/strong><\/a><br \/>\nMgr. Jan Charv\u00e1t, Ph.D. et M.A., Filozofick\u00e1 fakulta UJEP \u00dast\u00ed nad Labem,<br \/>\nKatedra politologie a filozofie<\/p>\n<p><a href=\"https:\/\/veda.polac.cz\/wp-content\/uploads\/2018\/11\/022017Pojem-extremismus-a-jeho-aktu\u00e1ln\u00ed-mo\u017enosti-pou\u017eit\u00ed-v-\u010cesk\u00e9-republice1.pdf\" target=\"_blank\" rel=\"noopener noreferrer\">Pdf form\u00e1t<\/a><\/p>\n<hr \/>\n<p><strong>Aspekty strategick\u00e9ho managementu policie<\/strong><br \/>\ndoc. Ing. Roman Zuz\u00e1k, Ph.D., Ing. Dana Junkov\u00e1, Ph.D.<br \/>\nFakulta bezpe\u010dnostn\u00edho managementu PA \u010cR v Praze, Katedra managementu a informatiky<\/p>\n<p><a href=\"https:\/\/veda.polac.cz\/wp-content\/uploads\/2018\/11\/022017Aspekty-strategick\u00e9ho-managementu-policie.pdf\" target=\"_blank\" rel=\"noopener noreferrer\">Pdf form\u00e1t<\/a><\/p>\n<hr \/>\n<p><strong>Dezinform\u00e1cie a rusk\u00e1 propaganda ako bezpe\u010dnostn\u00e9 hrozby<\/strong><br \/>\nMartin Kovani\u010d, M.A., PhD., \u00dastav soci\u00e1ln\u00edho rozvoje,<br \/>\nFakulta region\u00e1ln\u00edho rozvoje a mezin\u00e1rodn\u00edch studi\u00ed, Mendelova Univerzita v Brn\u011b<\/p>\n<p><a href=\"https:\/\/veda.polac.cz\/wp-content\/uploads\/2018\/11\/022017Dezinformacie-a-propaganda.pdf\" target=\"_blank\" rel=\"noopener noreferrer\">Pdf form\u00e1t<\/a><\/p>\n<hr \/>\n<p><strong>Ochrana pr\u016fmyslov\u00fdch pr\u00e1v se zam\u011b\u0159en\u00edm na civiln\u00ed pr\u00e1vo<\/strong><br \/>\nJUDr. Ale\u0161 Zp\u011bv\u00e1k, Ph.D., Univerzita Jana Amose Komensk\u00e9ho Praha<br \/>\nJUDr. Ing. Martin Kohout, Ph.D., Univerzita Jana Amose Komensk\u00e9ho Praha<\/p>\n<p><a href=\"https:\/\/veda.polac.cz\/wp-content\/uploads\/2018\/11\/022017Ochrana-pr\u016fmyslov\u00fdch-pr\u00e1v-se-zam\u011b\u0159en\u00edm-na-civiln\u00ed-pr\u00e1vo.pdf\" target=\"_blank\" rel=\"noopener noreferrer\">Pdf form\u00e1t<\/a><\/p>\n<hr \/>\n<p><strong>VIII. mezin\u00e1rodn\u00ed t\u00fdden v r\u00e1mci Polizeiakademie Niedersachsen<\/strong><br \/>\nMgr. Old\u0159ich Krul\u00edk, Ph.D., Fakulta bezpe\u010dnostn\u00edho managementu PA \u010cR v Praze<br \/>\nkatedra krizov\u00e9ho \u0159\u00edzen\u00ed<\/p>\n<p><a href=\"https:\/\/veda.polac.cz\/wp-content\/uploads\/2018\/11\/022017VIII.-mezin\u00e1rodn\u00ed-t\u00fdden-v-r\u00e1mci-Polizeiakademie-Niedersachsen.pdf\" target=\"_blank\" rel=\"noopener noreferrer\">Pdf form\u00e1t<\/a><\/p>\n","protected":false},"excerpt":{"rendered":"<p>Zm\u011bny hodnotov\u00e9 hierarchie mlad\u00fdch delikvent\u016f jako reflexe patologie v kvalit\u011b jejich \u017eivota\u00a0 PhDr. Petr Ju\u0159\u00ed\u010dek, Ph.D., Vysok\u00e1 \u0161kola Karla Engli\u0161e, a.s. \u00dastav bezpe\u010dnosti a pr\u00e1va Pdf form\u00e1t Sc\u00e9n\u00e1\u0159e zkou\u0161ek spolehlivosti &#8211; v\u00fdzkumn\u00e1 zji\u0161t\u011bn\u00ed z prost\u0159ed\u00ed V\u011bze\u0148sk\u00e9 slu\u017eby \u010cR\u00a0 pplk. JUDr. Josef Hrudka, Ph.D., Fakulta bezpe\u010dnostn\u011b pr\u00e1vn\u00ed PA \u010cR v Praze Katedra policejn\u00edch \u010dinnost\u00ed\u00a0 Pdf form\u00e1t [&hellip;]<\/p>\n","protected":false},"author":6,"featured_media":0,"parent":231,"menu_order":5,"comment_status":"closed","ping_status":"closed","template":"","meta":{"footnotes":""},"class_list":["post-117","page","type-page","status-publish","hentry"],"_links":{"self":[{"href":"https:\/\/veda.polac.cz\/index.php?rest_route=\/wp\/v2\/pages\/117","targetHints":{"allow":["GET"]}}],"collection":[{"href":"https:\/\/veda.polac.cz\/index.php?rest_route=\/wp\/v2\/pages"}],"about":[{"href":"https:\/\/veda.polac.cz\/index.php?rest_route=\/wp\/v2\/types\/page"}],"author":[{"embeddable":true,"href":"https:\/\/veda.polac.cz\/index.php?rest_route=\/wp\/v2\/users\/6"}],"replies":[{"embeddable":true,"href":"https:\/\/veda.polac.cz\/index.php?rest_route=%2Fwp%2Fv2%2Fcomments&post=117"}],"version-history":[{"count":8,"href":"https:\/\/veda.polac.cz\/index.php?rest_route=\/wp\/v2\/pages\/117\/revisions"}],"predecessor-version":[{"id":5947,"href":"https:\/\/veda.polac.cz\/index.php?rest_route=\/wp\/v2\/pages\/117\/revisions\/5947"}],"up":[{"embeddable":true,"href":"https:\/\/veda.polac.cz\/index.php?rest_route=\/wp\/v2\/pages\/231"}],"wp:attachment":[{"href":"https:\/\/veda.polac.cz\/index.php?rest_route=%2Fwp%2Fv2%2Fmedia&parent=117"}],"curies":[{"name":"wp","href":"https:\/\/api.w.org\/{rel}","templated":true}]}}