{"id":1169,"date":"2018-09-14T01:00:56","date_gmt":"2018-09-14T01:00:56","guid":{"rendered":"http:\/\/veda.polac.cz\/?page_id=1169"},"modified":"2018-10-27T19:01:54","modified_gmt":"2018-10-27T19:01:54","slug":"12-2","status":"publish","type":"page","link":"https:\/\/veda.polac.cz\/?page_id=1169","title":{"rendered":""},"content":{"rendered":"<p style=\"text-align: center;\">Resum\u00e9 \u010dl\u00e1nku<\/p>\n<p><strong>Zm\u011bny v pr\u00e1vn\u00edch p\u0159edpisech v oblasti \u010dinnosti Hasi\u010dsk\u00e9ho z\u00e1chrann\u00e9ho sboru \u010cR<br \/>\n<\/strong><i>plk. JUDr. Franti\u0161ek Vavera, Ph.D.<\/p>\n<p><\/i>\u010cl\u00e1nek upozor\u0148uje na zm\u011bny v pr\u00e1vn\u00edm \u0159\u00e1du \u010cesk\u00e9 republiky (nastal\u00fdch zejm\u00e9na v roce 2010 a 2011), kter\u00e9 se dotkly \u010dinnosti Hasi\u010dsk\u00e9ho z\u00e1chrann\u00e9ho sboru, integrovan\u00e9ho z\u00e1chrann\u00e9ho syst\u00e9mu a obecn\u011b bezpe\u010dnostn\u00ed problematiky. Ukotven\u00ed Hasi\u010dsk\u00e9ho z\u00e1chrann\u00e9ho sboru \u010cR a cel\u00e9ho integrovan\u00e9ho z\u00e1chrann\u00e9ho syst\u00e9mu v pr\u00e1vu, je jedn\u00edm z d\u016fle\u017eit\u00fdch aspekt\u016f pro spolehliv\u00fd a \u0159\u00e1dn\u00fd chod p\u0159\u00edslu\u0161n\u00fdch org\u00e1n\u016f nebo \u00fa\u0159ad\u016f v t\u00e9to oblasti. C\u00edlem \u010dl\u00e1nku nen\u00ed v\u0161e popsat podrobn\u011b, ale sp\u00ed\u0161e na n\u011bkter\u00e9 legislativn\u00ed zm\u011bny upozornit a popsat je v kontextu jejich mo\u017en\u00fdch dopad\u016f. Autor \u010dl\u00e1nku vych\u00e1z\u00ed z dlouholet\u00fdch zku\u0161enost\u00ed praxe v dan\u00e9 oblasti.<br \/>\n<strong>Kl\u00ed\u010dov\u00e1 slova:<\/strong>\u00a0hasi\u010dsk\u00fd z\u00e1chrann\u00fd sbor, integrovan\u00fd z\u00e1chrann\u00fd syst\u00e9m, legislativa, \u010cesk\u00e1 republika.<i><br \/>\n<\/i><\/p>\n<p><a href=\"https:\/\/veda.polac.cz\/?page_id=1132\">02\/2012<\/a><\/p>\n","protected":false},"excerpt":{"rendered":"<p>Resum\u00e9 \u010dl\u00e1nku Zm\u011bny v pr\u00e1vn\u00edch p\u0159edpisech v oblasti \u010dinnosti Hasi\u010dsk\u00e9ho z\u00e1chrann\u00e9ho sboru \u010cR plk. JUDr. Franti\u0161ek Vavera, Ph.D. \u010cl\u00e1nek upozor\u0148uje na zm\u011bny v pr\u00e1vn\u00edm \u0159\u00e1du \u010cesk\u00e9 republiky (nastal\u00fdch zejm\u00e9na v roce 2010 a 2011), kter\u00e9 se dotkly \u010dinnosti Hasi\u010dsk\u00e9ho z\u00e1chrann\u00e9ho sboru, integrovan\u00e9ho z\u00e1chrann\u00e9ho syst\u00e9mu a obecn\u011b bezpe\u010dnostn\u00ed problematiky. Ukotven\u00ed Hasi\u010dsk\u00e9ho z\u00e1chrann\u00e9ho sboru \u010cR a cel\u00e9ho [&hellip;]<\/p>\n","protected":false},"author":2,"featured_media":0,"parent":1132,"menu_order":12,"comment_status":"closed","ping_status":"closed","template":"","meta":{"footnotes":""},"class_list":["post-1169","page","type-page","status-publish","hentry"],"_links":{"self":[{"href":"https:\/\/veda.polac.cz\/index.php?rest_route=\/wp\/v2\/pages\/1169","targetHints":{"allow":["GET"]}}],"collection":[{"href":"https:\/\/veda.polac.cz\/index.php?rest_route=\/wp\/v2\/pages"}],"about":[{"href":"https:\/\/veda.polac.cz\/index.php?rest_route=\/wp\/v2\/types\/page"}],"author":[{"embeddable":true,"href":"https:\/\/veda.polac.cz\/index.php?rest_route=\/wp\/v2\/users\/2"}],"replies":[{"embeddable":true,"href":"https:\/\/veda.polac.cz\/index.php?rest_route=%2Fwp%2Fv2%2Fcomments&post=1169"}],"version-history":[{"count":2,"href":"https:\/\/veda.polac.cz\/index.php?rest_route=\/wp\/v2\/pages\/1169\/revisions"}],"predecessor-version":[{"id":1188,"href":"https:\/\/veda.polac.cz\/index.php?rest_route=\/wp\/v2\/pages\/1169\/revisions\/1188"}],"up":[{"embeddable":true,"href":"https:\/\/veda.polac.cz\/index.php?rest_route=\/wp\/v2\/pages\/1132"}],"wp:attachment":[{"href":"https:\/\/veda.polac.cz\/index.php?rest_route=%2Fwp%2Fv2%2Fmedia&parent=1169"}],"curies":[{"name":"wp","href":"https:\/\/api.w.org\/{rel}","templated":true}]}}