{"id":1165,"date":"2018-09-14T00:56:49","date_gmt":"2018-09-14T00:56:49","guid":{"rendered":"http:\/\/veda.polac.cz\/?page_id=1165"},"modified":"2018-10-27T19:01:43","modified_gmt":"2018-10-27T19:01:43","slug":"10-2-14","status":"publish","type":"page","link":"https:\/\/veda.polac.cz\/?page_id=1165","title":{"rendered":""},"content":{"rendered":"<p style=\"text-align: center;\">Resum\u00e9 \u010dl\u00e1nku<\/p>\n<p><strong>N\u00e1sil\u00ed mladistv\u00fdch z pohledu sou\u010dasn\u00e9 forenzn\u00ed psychologie<br \/>\n<\/strong><i>doc. PhDr. Ludmila \u010c\u00edrtkov\u00e1, CSc.<\/p>\n<p><\/i>P\u0159\u00edsp\u011bvek nab\u00edz\u00ed vybran\u00e9 impulzy pro pr\u00e1ci s delikventn\u00ed ml\u00e1de\u017e\u00ed z pohledu forenzn\u00ed psychologie. Autorka otev\u00edr\u00e1 3 t\u00e9mata: v\u010dasnou intervenci, diferencovan\u00fd p\u0159\u00edstup a ohro\u017een\u00e9 d\u011bti. Stru\u010dn\u011b zmi\u0148uje i v\u00fdvojov\u00e9 trendy n\u00e1sil\u00ed u mladistv\u00fdch.<br \/>\n<strong>Kl\u00ed\u010dov\u00e1 slova:<\/strong>\u00a0forenzn\u00ed psychologie, kriminalita ml\u00e1de\u017ee, prevence.<\/p>\n<p><a href=\"https:\/\/veda.polac.cz\/?page_id=1132\">02\/2012<\/a><\/p>\n","protected":false},"excerpt":{"rendered":"<p>Resum\u00e9 \u010dl\u00e1nku N\u00e1sil\u00ed mladistv\u00fdch z pohledu sou\u010dasn\u00e9 forenzn\u00ed psychologie doc. PhDr. Ludmila \u010c\u00edrtkov\u00e1, CSc. P\u0159\u00edsp\u011bvek nab\u00edz\u00ed vybran\u00e9 impulzy pro pr\u00e1ci s delikventn\u00ed ml\u00e1de\u017e\u00ed z pohledu forenzn\u00ed psychologie. Autorka otev\u00edr\u00e1 3 t\u00e9mata: v\u010dasnou intervenci, diferencovan\u00fd p\u0159\u00edstup a ohro\u017een\u00e9 d\u011bti. Stru\u010dn\u011b zmi\u0148uje i v\u00fdvojov\u00e9 trendy n\u00e1sil\u00ed u mladistv\u00fdch. Kl\u00ed\u010dov\u00e1 slova:\u00a0forenzn\u00ed psychologie, kriminalita ml\u00e1de\u017ee, prevence. 02\/2012<\/p>\n","protected":false},"author":2,"featured_media":0,"parent":0,"menu_order":10,"comment_status":"closed","ping_status":"closed","template":"","meta":{"footnotes":""},"class_list":["post-1165","page","type-page","status-publish","hentry"],"_links":{"self":[{"href":"https:\/\/veda.polac.cz\/index.php?rest_route=\/wp\/v2\/pages\/1165","targetHints":{"allow":["GET"]}}],"collection":[{"href":"https:\/\/veda.polac.cz\/index.php?rest_route=\/wp\/v2\/pages"}],"about":[{"href":"https:\/\/veda.polac.cz\/index.php?rest_route=\/wp\/v2\/types\/page"}],"author":[{"embeddable":true,"href":"https:\/\/veda.polac.cz\/index.php?rest_route=\/wp\/v2\/users\/2"}],"replies":[{"embeddable":true,"href":"https:\/\/veda.polac.cz\/index.php?rest_route=%2Fwp%2Fv2%2Fcomments&post=1165"}],"version-history":[{"count":2,"href":"https:\/\/veda.polac.cz\/index.php?rest_route=\/wp\/v2\/pages\/1165\/revisions"}],"predecessor-version":[{"id":1186,"href":"https:\/\/veda.polac.cz\/index.php?rest_route=\/wp\/v2\/pages\/1165\/revisions\/1186"}],"wp:attachment":[{"href":"https:\/\/veda.polac.cz\/index.php?rest_route=%2Fwp%2Fv2%2Fmedia&parent=1165"}],"curies":[{"name":"wp","href":"https:\/\/api.w.org\/{rel}","templated":true}]}}