{"id":1163,"date":"2018-09-14T00:51:14","date_gmt":"2018-09-14T00:51:14","guid":{"rendered":"http:\/\/veda.polac.cz\/?page_id=1163"},"modified":"2018-10-27T18:59:03","modified_gmt":"2018-10-27T18:59:03","slug":"9-2-2","status":"publish","type":"page","link":"https:\/\/veda.polac.cz\/?page_id=1163","title":{"rendered":""},"content":{"rendered":"<p style=\"text-align: center;\">Resum\u00e9 \u010dl\u00e1nku<\/p>\n<p><strong>Zpravodajsk\u00e9 slu\u017eby, jejich p\u016fsobnost a opr\u00e1vn\u011bn\u00ed<br \/>\n<\/strong><i>JUDr. Ladislav Pokorn\u00fd, Ph.D.<\/p>\n<p><\/i>Pro studium a pochopen\u00ed role zpravodajsk\u00fdch slu\u017eeb je pot\u0159ebn\u00e9 vymezit jejich p\u016fsobnost a okruh jejich opr\u00e1vn\u011bn\u00ed. Obecn\u00e9 po\u017eadavky na charakter postaven\u00ed zpravodajsk\u00fdch slu\u017eeb vypl\u00fdvaj\u00ed z p\u0159edm\u011btu jejich \u010dinnosti, j\u00edm\u017e je zabezpe\u010dov\u00e1n\u00ed informac\u00ed t\u00fdkaj\u00edc\u00edch se ot\u00e1zek n\u00e1rodn\u00ed bezpe\u010dnosti, a poskytov\u00e1n\u00ed informa\u010dn\u00ed podpory opr\u00e1vn\u011bn\u00fdm adres\u00e1t\u016fm p\u0159i jejich rozhodovac\u00ed \u010dinnosti zaji\u0161\u0165uj\u00edc\u00ed specifick\u00e9 bezpe\u010dnostn\u00ed funkce st\u00e1tu. V \u010dl\u00e1nku jsou z institucion\u00e1ln\u00edho pohledu vymezeny specifick\u00e9 rysy zpravodajsk\u00fdch slu\u017eeb a identifikov\u00e1ny oblasti, kter\u00e9 lze do sf\u00e9ry p\u016fsobnosti zpravodajsk\u00fdch slu\u017eeb za\u0159adit, a d\u00e1le okruh opr\u00e1vn\u011bn\u00ed, jimi\u017e by zpravodajsk\u00e9 slu\u017eby m\u011bly k zaji\u0161t\u011bn\u00ed pln\u011bn\u00ed sv\u00fdch \u00fakol\u016f disponovat.<br \/>\n<strong>Kl\u00ed\u010dov\u00e1 slova:<\/strong>\u00a0zpravodajsk\u00e9 slu\u017eby, p\u016fsobnost, opr\u00e1vn\u011bn\u00ed, klasifikace, specifick\u00e9 prost\u0159edky z\u00edsk\u00e1v\u00e1n\u00ed informac\u00ed.<i><br \/>\n<\/i><\/p>\n<p><a href=\"https:\/\/veda.polac.cz\/?page_id=1132\">02\/2012<\/a><\/p>\n","protected":false},"excerpt":{"rendered":"<p>Resum\u00e9 \u010dl\u00e1nku Zpravodajsk\u00e9 slu\u017eby, jejich p\u016fsobnost a opr\u00e1vn\u011bn\u00ed JUDr. Ladislav Pokorn\u00fd, Ph.D. Pro studium a pochopen\u00ed role zpravodajsk\u00fdch slu\u017eeb je pot\u0159ebn\u00e9 vymezit jejich p\u016fsobnost a okruh jejich opr\u00e1vn\u011bn\u00ed. Obecn\u00e9 po\u017eadavky na charakter postaven\u00ed zpravodajsk\u00fdch slu\u017eeb vypl\u00fdvaj\u00ed z p\u0159edm\u011btu jejich \u010dinnosti, j\u00edm\u017e je zabezpe\u010dov\u00e1n\u00ed informac\u00ed t\u00fdkaj\u00edc\u00edch se ot\u00e1zek n\u00e1rodn\u00ed bezpe\u010dnosti, a poskytov\u00e1n\u00ed informa\u010dn\u00ed podpory opr\u00e1vn\u011bn\u00fdm adres\u00e1t\u016fm [&hellip;]<\/p>\n","protected":false},"author":2,"featured_media":0,"parent":0,"menu_order":9,"comment_status":"closed","ping_status":"closed","template":"","meta":{"footnotes":""},"class_list":["post-1163","page","type-page","status-publish","hentry"],"_links":{"self":[{"href":"https:\/\/veda.polac.cz\/index.php?rest_route=\/wp\/v2\/pages\/1163","targetHints":{"allow":["GET"]}}],"collection":[{"href":"https:\/\/veda.polac.cz\/index.php?rest_route=\/wp\/v2\/pages"}],"about":[{"href":"https:\/\/veda.polac.cz\/index.php?rest_route=\/wp\/v2\/types\/page"}],"author":[{"embeddable":true,"href":"https:\/\/veda.polac.cz\/index.php?rest_route=\/wp\/v2\/users\/2"}],"replies":[{"embeddable":true,"href":"https:\/\/veda.polac.cz\/index.php?rest_route=%2Fwp%2Fv2%2Fcomments&post=1163"}],"version-history":[{"count":2,"href":"https:\/\/veda.polac.cz\/index.php?rest_route=\/wp\/v2\/pages\/1163\/revisions"}],"predecessor-version":[{"id":1185,"href":"https:\/\/veda.polac.cz\/index.php?rest_route=\/wp\/v2\/pages\/1163\/revisions\/1185"}],"wp:attachment":[{"href":"https:\/\/veda.polac.cz\/index.php?rest_route=%2Fwp%2Fv2%2Fmedia&parent=1163"}],"curies":[{"name":"wp","href":"https:\/\/api.w.org\/{rel}","templated":true}]}}