{"id":1159,"date":"2018-09-14T00:47:30","date_gmt":"2018-09-14T00:47:30","guid":{"rendered":"http:\/\/veda.polac.cz\/?page_id=1159"},"modified":"2018-10-27T18:59:03","modified_gmt":"2018-10-27T18:59:03","slug":"7-2-3","status":"publish","type":"page","link":"https:\/\/veda.polac.cz\/?page_id=1159","title":{"rendered":""},"content":{"rendered":"<p style=\"text-align: center;\">Resum\u00e9 \u010dl\u00e1nku<\/p>\n<p><strong>Recentn\u00ed reflexe problematiky svobody projevu s akcentem na extremistick\u00e9 chov\u00e1n\u00ed<br \/>\n<\/strong><i>JUDr. Ale\u0161 Zp\u011bv\u00e1k<\/p>\n<p><\/i>Z\u00e1v\u011brem si m\u016f\u017eeme polo\u017eit ot\u00e1zku, zda je v\u016fbec je\u0161t\u011b na po\u010d\u00e1tku 21. stolet\u00ed nutn\u00e9 ps\u00e1t o svobod\u011b projevu, respektive rovnopr\u00e1vnosti. Odpov\u011b\u010f si mus\u00ed polo\u017eit ka\u017ed\u00fd \u010dlov\u011bk s\u00e1m. Nejedn\u00e1 se p\u0159ece o samoz\u0159ejmost, kterou m\u00e1 ka\u017ed\u00fd \u010dlov\u011bk na sv\u011bt\u011b, ale o jakousi v\u00fdjime\u010dnost, kter\u00e1 je spjata s fungov\u00e1n\u00edm demokratick\u00e9ho pr\u00e1vn\u00edho st\u00e1tu, do kter\u00e9ho \u010cesk\u00e1 republika dorostla. Pr\u00e1v\u011b mnohost a pestrost n\u00e1zor\u016f, je\u017e m\u016f\u017eeme sly\u0161et na ka\u017ed\u00e9m kroku, a\u0165 ji\u017e z masm\u00e9di\u00ed \u010di od sv\u00fdch zn\u00e1m\u00fdch, jsou jedn\u00edm z pil\u00ed\u0159\u016f demokracie, nicm\u00e9n\u011b n\u011bkter\u00e9 takto u\u010din\u011bn\u00e9 projevy, a\u0165 ji\u017e verb\u00e1ln\u011b \u010di nonverb\u00e1ln\u011b u\u010din\u011bn\u00e9 mohou \u0161okovat sv\u00fdm podn\u011bcov\u00e1n\u00edm k nesn\u00e1\u0161enlivosti v\u016f\u010di ostatn\u00edm. Proto i demokratick\u00e1 spole\u010dnost mus\u00ed strp\u011bt omezen\u00ed tohoto pr\u00e1va z d\u016fvod\u016f mo\u017en\u00e9ho zneu\u017eit\u00ed skupin naklon\u011bn\u00fdch k extremismu.<br \/>\n<strong>Kl\u00ed\u010dov\u00e1 slova:<\/strong>\u00a0Lidsk\u00e1 pr\u00e1va, extremismus, svoboda projevu, Listina z\u00e1kladn\u00edch pr\u00e1v a svobod, demokracie, liberalismus, pr\u00e1vn\u00ed st\u00e1t.<\/p>\n<p><a href=\"https:\/\/veda.polac.cz\/?page_id=1132\">02\/2012<\/a><\/p>\n","protected":false},"excerpt":{"rendered":"<p>Resum\u00e9 \u010dl\u00e1nku Recentn\u00ed reflexe problematiky svobody projevu s akcentem na extremistick\u00e9 chov\u00e1n\u00ed JUDr. Ale\u0161 Zp\u011bv\u00e1k Z\u00e1v\u011brem si m\u016f\u017eeme polo\u017eit ot\u00e1zku, zda je v\u016fbec je\u0161t\u011b na po\u010d\u00e1tku 21. stolet\u00ed nutn\u00e9 ps\u00e1t o svobod\u011b projevu, respektive rovnopr\u00e1vnosti. Odpov\u011b\u010f si mus\u00ed polo\u017eit ka\u017ed\u00fd \u010dlov\u011bk s\u00e1m. Nejedn\u00e1 se p\u0159ece o samoz\u0159ejmost, kterou m\u00e1 ka\u017ed\u00fd \u010dlov\u011bk na sv\u011bt\u011b, ale o [&hellip;]<\/p>\n","protected":false},"author":2,"featured_media":0,"parent":0,"menu_order":7,"comment_status":"closed","ping_status":"closed","template":"","meta":{"footnotes":""},"class_list":["post-1159","page","type-page","status-publish","hentry"],"_links":{"self":[{"href":"https:\/\/veda.polac.cz\/index.php?rest_route=\/wp\/v2\/pages\/1159","targetHints":{"allow":["GET"]}}],"collection":[{"href":"https:\/\/veda.polac.cz\/index.php?rest_route=\/wp\/v2\/pages"}],"about":[{"href":"https:\/\/veda.polac.cz\/index.php?rest_route=\/wp\/v2\/types\/page"}],"author":[{"embeddable":true,"href":"https:\/\/veda.polac.cz\/index.php?rest_route=\/wp\/v2\/users\/2"}],"replies":[{"embeddable":true,"href":"https:\/\/veda.polac.cz\/index.php?rest_route=%2Fwp%2Fv2%2Fcomments&post=1159"}],"version-history":[{"count":2,"href":"https:\/\/veda.polac.cz\/index.php?rest_route=\/wp\/v2\/pages\/1159\/revisions"}],"predecessor-version":[{"id":1183,"href":"https:\/\/veda.polac.cz\/index.php?rest_route=\/wp\/v2\/pages\/1159\/revisions\/1183"}],"wp:attachment":[{"href":"https:\/\/veda.polac.cz\/index.php?rest_route=%2Fwp%2Fv2%2Fmedia&parent=1159"}],"curies":[{"name":"wp","href":"https:\/\/api.w.org\/{rel}","templated":true}]}}