{"id":1157,"date":"2018-09-14T00:44:46","date_gmt":"2018-09-14T00:44:46","guid":{"rendered":"http:\/\/veda.polac.cz\/?page_id=1157"},"modified":"2018-10-27T18:59:03","modified_gmt":"2018-10-27T18:59:03","slug":"6-2-3","status":"publish","type":"page","link":"https:\/\/veda.polac.cz\/?page_id=1157","title":{"rendered":""},"content":{"rendered":"<p style=\"text-align: center;\">Resum\u00e9 \u010dl\u00e1nku<\/p>\n<p><strong>Vybran\u00e9 ot\u00e1zky trestn\u00ed odpov\u011bdnosti pr\u00e1vnick\u00fdch osob podle z\u00e1kona \u010d. 418\/2011 Sb.<br \/>\n<\/strong><i>JUDr. Vladim\u00edr Plecit\u00fd<\/p>\n<p><\/i>P\u0159edlo\u017een\u00e1 sta\u0165 je stru\u010dn\u00fdm zamy\u0161len\u00edm autora nad vybran\u00fdmi z\u00e1kladn\u00edmi zm\u011bnami, kter\u00e9 z\u00e1kon o trestn\u00ed odpov\u011bdnosti pr\u00e1vnick\u00fdch osob a \u0159\u00edzen\u00ed proti nim p\u0159in\u00e1\u0161\u00ed do soudob\u00e9ho \u010desk\u00e9ho trestn\u00edho pr\u00e1va, je\u017e bylo tradi\u010dn\u011b budov\u00e1no na individu\u00e1ln\u00ed trestn\u00ed odpov\u011bdnosti fyzick\u00fdch osob. Pojedn\u00e1n\u00ed je zam\u011b\u0159eno p\u0159edev\u0161\u00edm na z\u00e1klady trestn\u00ed odpov\u011bdnosti pr\u00e1vnick\u00fdch osob podle z\u00e1kona \u010d. 418\/2011 Sb. Pozornost je v\u011bnov\u00e1na rovn\u011b\u017e vybran\u00fdm procesn\u011bpr\u00e1vn\u00edm aspekt\u016fm, kter\u00e9 souvisej\u00ed s p\u0159edm\u011btnou problematikou. Ve velmi omezen\u00e9m rozsahu je nast\u00edn\u011bna t\u00e9\u017e oblast sankcionov\u00e1n\u00ed pr\u00e1vnick\u00fdch osob a n\u011bkter\u00e1 dal\u0161\u00ed relevantn\u00ed ustanoven\u00ed z\u00e1kona o trestn\u00ed odpov\u011bdnosti pr\u00e1vnick\u00fdch osob a \u0159\u00edzen\u00ed proti nim.<br \/>\n<strong>Kl\u00ed\u010dov\u00e1 slova:<\/strong>\u00a0Trestn\u00ed pr\u00e1vo, trestn\u00ed odpov\u011bdnost pr\u00e1vnick\u00fdch osob, z\u00e1klady trestn\u00ed odpov\u011bdnosti, sankcionov\u00e1n\u00ed pr\u00e1vnick\u00fdch osob, z\u00e1kon o trestn\u00ed odpov\u011bdnosti pr\u00e1vnick\u00fdch osob a \u0159\u00edzen\u00ed proti nim.<i><\/p>\n<p><\/i><\/p>\n<p><a href=\"https:\/\/veda.polac.cz\/?page_id=1132\">02\/2012<\/a><\/p>\n","protected":false},"excerpt":{"rendered":"<p>Resum\u00e9 \u010dl\u00e1nku Vybran\u00e9 ot\u00e1zky trestn\u00ed odpov\u011bdnosti pr\u00e1vnick\u00fdch osob podle z\u00e1kona \u010d. 418\/2011 Sb. JUDr. Vladim\u00edr Plecit\u00fd P\u0159edlo\u017een\u00e1 sta\u0165 je stru\u010dn\u00fdm zamy\u0161len\u00edm autora nad vybran\u00fdmi z\u00e1kladn\u00edmi zm\u011bnami, kter\u00e9 z\u00e1kon o trestn\u00ed odpov\u011bdnosti pr\u00e1vnick\u00fdch osob a \u0159\u00edzen\u00ed proti nim p\u0159in\u00e1\u0161\u00ed do soudob\u00e9ho \u010desk\u00e9ho trestn\u00edho pr\u00e1va, je\u017e bylo tradi\u010dn\u011b budov\u00e1no na individu\u00e1ln\u00ed trestn\u00ed odpov\u011bdnosti fyzick\u00fdch osob. Pojedn\u00e1n\u00ed je [&hellip;]<\/p>\n","protected":false},"author":2,"featured_media":0,"parent":0,"menu_order":6,"comment_status":"closed","ping_status":"closed","template":"","meta":{"footnotes":""},"class_list":["post-1157","page","type-page","status-publish","hentry"],"_links":{"self":[{"href":"https:\/\/veda.polac.cz\/index.php?rest_route=\/wp\/v2\/pages\/1157","targetHints":{"allow":["GET"]}}],"collection":[{"href":"https:\/\/veda.polac.cz\/index.php?rest_route=\/wp\/v2\/pages"}],"about":[{"href":"https:\/\/veda.polac.cz\/index.php?rest_route=\/wp\/v2\/types\/page"}],"author":[{"embeddable":true,"href":"https:\/\/veda.polac.cz\/index.php?rest_route=\/wp\/v2\/users\/2"}],"replies":[{"embeddable":true,"href":"https:\/\/veda.polac.cz\/index.php?rest_route=%2Fwp%2Fv2%2Fcomments&post=1157"}],"version-history":[{"count":2,"href":"https:\/\/veda.polac.cz\/index.php?rest_route=\/wp\/v2\/pages\/1157\/revisions"}],"predecessor-version":[{"id":1182,"href":"https:\/\/veda.polac.cz\/index.php?rest_route=\/wp\/v2\/pages\/1157\/revisions\/1182"}],"wp:attachment":[{"href":"https:\/\/veda.polac.cz\/index.php?rest_route=%2Fwp%2Fv2%2Fmedia&parent=1157"}],"curies":[{"name":"wp","href":"https:\/\/api.w.org\/{rel}","templated":true}]}}