{"id":1155,"date":"2018-09-14T00:43:40","date_gmt":"2018-09-14T00:43:40","guid":{"rendered":"http:\/\/veda.polac.cz\/?page_id=1155"},"modified":"2018-10-27T18:59:03","modified_gmt":"2018-10-27T18:59:03","slug":"5-2-3","status":"publish","type":"page","link":"https:\/\/veda.polac.cz\/?page_id=1155","title":{"rendered":""},"content":{"rendered":"<p style=\"text-align: center;\">Resum\u00e9 \u010dl\u00e1nku<\/p>\n<p><strong>Privatizace v\u011bze\u0148stv\u00ed &#8211; modern\u00ed trend \u010di p\u0159e\u017eitek?<br \/>\n<\/strong><i>Mgr. Petr Martinovsk\u00fd<\/p>\n<p><\/i>Privatizace bezpe\u010dnosti je v\u00fdznamn\u00fdm fenom\u00e9nem posledn\u00edch desetilet\u00ed. Soukrom\u00e9 spole\u010dnosti pronikaj\u00ed do sf\u00e9ry tradi\u010dn\u011b vyhrazen\u00e9 st\u00e1tu, vznikaj\u00ed soukrom\u00e9 vojensk\u00e9 spole\u010dnosti i velk\u00e9 mno\u017estv\u00ed bezpe\u010dnostn\u00edch agentur. Postupn\u011b soukrom\u00fd sektor pronik\u00e1 i do v\u011bze\u0148stv\u00ed. V n\u011bkter\u00fdch st\u00e1tech vznikaj\u00ed ryze soukrom\u00e9 v\u011bznice, vybudovan\u00e9, spravovan\u00e9 i st\u0159e\u017een\u00e9 spole\u010dnost\u00ed orientovanou na zisk. Tento \u010dl\u00e1nek pojedn\u00e1v\u00e1 o sou\u010dasn\u00e9m stavu soukrom\u00e9ho v\u011bze\u0148stv\u00ed ve sv\u011bt\u011b a nab\u00edz\u00ed shrnut\u00ed sou\u010dasn\u00fdch trend\u016f privatizace v\u011bze\u0148stv\u00ed.<br \/>\n<strong>Kl\u00ed\u010dov\u00e1 slova:<\/strong>\u00a0privatizace bezpe\u010dnosti, reforma v\u011bze\u0148stv\u00ed, soukrom\u00e9 v\u011bznice, v\u011bze\u0148stv\u00ed.<i><br \/>\n<\/i><\/p>\n<p><a href=\"https:\/\/veda.polac.cz\/?page_id=1132\">02\/2012<\/a><\/p>\n","protected":false},"excerpt":{"rendered":"<p>Resum\u00e9 \u010dl\u00e1nku Privatizace v\u011bze\u0148stv\u00ed &#8211; modern\u00ed trend \u010di p\u0159e\u017eitek? Mgr. Petr Martinovsk\u00fd Privatizace bezpe\u010dnosti je v\u00fdznamn\u00fdm fenom\u00e9nem posledn\u00edch desetilet\u00ed. Soukrom\u00e9 spole\u010dnosti pronikaj\u00ed do sf\u00e9ry tradi\u010dn\u011b vyhrazen\u00e9 st\u00e1tu, vznikaj\u00ed soukrom\u00e9 vojensk\u00e9 spole\u010dnosti i velk\u00e9 mno\u017estv\u00ed bezpe\u010dnostn\u00edch agentur. Postupn\u011b soukrom\u00fd sektor pronik\u00e1 i do v\u011bze\u0148stv\u00ed. V n\u011bkter\u00fdch st\u00e1tech vznikaj\u00ed ryze soukrom\u00e9 v\u011bznice, vybudovan\u00e9, spravovan\u00e9 i st\u0159e\u017een\u00e9 spole\u010dnost\u00ed [&hellip;]<\/p>\n","protected":false},"author":2,"featured_media":0,"parent":0,"menu_order":5,"comment_status":"closed","ping_status":"closed","template":"","meta":{"footnotes":""},"class_list":["post-1155","page","type-page","status-publish","hentry"],"_links":{"self":[{"href":"https:\/\/veda.polac.cz\/index.php?rest_route=\/wp\/v2\/pages\/1155","targetHints":{"allow":["GET"]}}],"collection":[{"href":"https:\/\/veda.polac.cz\/index.php?rest_route=\/wp\/v2\/pages"}],"about":[{"href":"https:\/\/veda.polac.cz\/index.php?rest_route=\/wp\/v2\/types\/page"}],"author":[{"embeddable":true,"href":"https:\/\/veda.polac.cz\/index.php?rest_route=\/wp\/v2\/users\/2"}],"replies":[{"embeddable":true,"href":"https:\/\/veda.polac.cz\/index.php?rest_route=%2Fwp%2Fv2%2Fcomments&post=1155"}],"version-history":[{"count":2,"href":"https:\/\/veda.polac.cz\/index.php?rest_route=\/wp\/v2\/pages\/1155\/revisions"}],"predecessor-version":[{"id":1181,"href":"https:\/\/veda.polac.cz\/index.php?rest_route=\/wp\/v2\/pages\/1155\/revisions\/1181"}],"wp:attachment":[{"href":"https:\/\/veda.polac.cz\/index.php?rest_route=%2Fwp%2Fv2%2Fmedia&parent=1155"}],"curies":[{"name":"wp","href":"https:\/\/api.w.org\/{rel}","templated":true}]}}