{"id":1153,"date":"2018-09-14T00:42:40","date_gmt":"2018-09-14T00:42:40","guid":{"rendered":"http:\/\/veda.polac.cz\/?page_id=1153"},"modified":"2018-10-27T18:59:03","modified_gmt":"2018-10-27T18:59:03","slug":"4-2-3","status":"publish","type":"page","link":"https:\/\/veda.polac.cz\/?page_id=1153","title":{"rendered":""},"content":{"rendered":"<p style=\"text-align: center;\">Resum\u00e9 \u010dl\u00e1nku<\/p>\n<p><strong>K ot\u00e1zk\u00e1m pr\u00e1vn\u00ed kvalifikace p\u0159estupku a efektivit\u011b spr\u00e1vn\u00edho trest\u00e1n\u00ed<br \/>\n<\/strong><i>JUDr. Lydia Ottov\u00e1<\/p>\n<p><\/i>Autorka se zam\u00fd\u0161l\u00ed nad zm\u011bnami v p\u0159\u00edstupu ke kvalifikaci p\u0159estupku a trestn\u00e9ho \u010dinu v souvislosti s rekodifikac\u00ed trestn\u00edho pr\u00e1va provedenou z\u00e1konem \u010d. 40\/2009 Sb., trestn\u00ed z\u00e1kon\u00edk, ve zn\u011bn\u00ed pozd\u011bj\u0161\u00edch p\u0159edpis\u016f. Form\u00e1ln\u00ed vymezen\u00ed obsahov\u00e9ho pojmu trestn\u00fd \u010din je vymezeno ustanoven\u00edm \u00a7 13 odst. 1. tohoto z\u00e1kona. P\u0159\u00edklady z praxe autorka dokl\u00e1d\u00e1, \u017ee stanoven\u00ed hranice mezi p\u0159estupkem a trestn\u00fdm \u010dinem nov\u00fd z\u00e1kon nikterak nezjednodu\u0161il, naopak sp\u00ed\u0161e zkomplikoval.<br \/>\n<strong>Kl\u00ed\u010dov\u00e1 slova:\u00a0<\/strong>legislativa, trestn\u00ed z\u00e1kon, p\u0159estupek, trestn\u00fd \u010din, efektivita spr\u00e1vn\u00edho trest\u00e1n\u00ed.<i><br \/>\n<\/i><\/p>\n<p><a href=\"https:\/\/veda.polac.cz\/?page_id=1132\">02\/2012<\/a><\/p>\n","protected":false},"excerpt":{"rendered":"<p>Resum\u00e9 \u010dl\u00e1nku K ot\u00e1zk\u00e1m pr\u00e1vn\u00ed kvalifikace p\u0159estupku a efektivit\u011b spr\u00e1vn\u00edho trest\u00e1n\u00ed JUDr. Lydia Ottov\u00e1 Autorka se zam\u00fd\u0161l\u00ed nad zm\u011bnami v p\u0159\u00edstupu ke kvalifikaci p\u0159estupku a trestn\u00e9ho \u010dinu v souvislosti s rekodifikac\u00ed trestn\u00edho pr\u00e1va provedenou z\u00e1konem \u010d. 40\/2009 Sb., trestn\u00ed z\u00e1kon\u00edk, ve zn\u011bn\u00ed pozd\u011bj\u0161\u00edch p\u0159edpis\u016f. Form\u00e1ln\u00ed vymezen\u00ed obsahov\u00e9ho pojmu trestn\u00fd \u010din je vymezeno ustanoven\u00edm \u00a7 13 [&hellip;]<\/p>\n","protected":false},"author":2,"featured_media":0,"parent":0,"menu_order":4,"comment_status":"closed","ping_status":"closed","template":"","meta":{"footnotes":""},"class_list":["post-1153","page","type-page","status-publish","hentry"],"_links":{"self":[{"href":"https:\/\/veda.polac.cz\/index.php?rest_route=\/wp\/v2\/pages\/1153","targetHints":{"allow":["GET"]}}],"collection":[{"href":"https:\/\/veda.polac.cz\/index.php?rest_route=\/wp\/v2\/pages"}],"about":[{"href":"https:\/\/veda.polac.cz\/index.php?rest_route=\/wp\/v2\/types\/page"}],"author":[{"embeddable":true,"href":"https:\/\/veda.polac.cz\/index.php?rest_route=\/wp\/v2\/users\/2"}],"replies":[{"embeddable":true,"href":"https:\/\/veda.polac.cz\/index.php?rest_route=%2Fwp%2Fv2%2Fcomments&post=1153"}],"version-history":[{"count":2,"href":"https:\/\/veda.polac.cz\/index.php?rest_route=\/wp\/v2\/pages\/1153\/revisions"}],"predecessor-version":[{"id":1180,"href":"https:\/\/veda.polac.cz\/index.php?rest_route=\/wp\/v2\/pages\/1153\/revisions\/1180"}],"wp:attachment":[{"href":"https:\/\/veda.polac.cz\/index.php?rest_route=%2Fwp%2Fv2%2Fmedia&parent=1153"}],"curies":[{"name":"wp","href":"https:\/\/api.w.org\/{rel}","templated":true}]}}