{"id":1151,"date":"2018-09-14T00:41:40","date_gmt":"2018-09-14T00:41:40","guid":{"rendered":"http:\/\/veda.polac.cz\/?page_id=1151"},"modified":"2018-10-27T18:59:03","modified_gmt":"2018-10-27T18:59:03","slug":"3-2-4","status":"publish","type":"page","link":"https:\/\/veda.polac.cz\/?page_id=1151","title":{"rendered":""},"content":{"rendered":"<p style=\"text-align: center;\">Resum\u00e9 \u010dl\u00e1nku<\/p>\n<p><strong>Nov\u00fd z\u00e1kon o zdravotn\u00edch slu\u017eb\u00e1ch<\/strong><i><strong><br \/>\n<\/strong>prof. JUDr. Vladim\u00edr Plecit\u00fd, CSc.<\/p>\n<p><\/i>Sta\u0165 pod\u00e1v\u00e1 stru\u010dnou informaci o nov\u011b p\u0159ijat\u00e9m z\u00e1kon\u011b o zdravotn\u00edch slu\u017eb\u00e1ch, kter\u00fd nahrazuje dosavadn\u00ed z\u00e1kon o p\u00e9\u010di o zdrav\u00ed lidu ze \u0161edes\u00e1t\u00fdch let. Hlavn\u00ed t\u011b\u017ei\u0161t\u011b v\u00fdkladu se zam\u011b\u0159uje na \u010d\u00e1st \u010dtvrtou, hlavu I nov\u00e9ho z\u00e1kona, kter\u00e1 upravuje pr\u00e1va a povinnosti pacient\u016f a jin\u00fdch osob. Jde pouze o d\u00edl\u010d\u00ed problematiku z tohoto z\u00e1kona, kter\u00e1 zpravidla zaj\u00edm\u00e1 ve\u0159ejnost jako potenci\u00e1ln\u00ed pacienty. S ohledem na p\u0159edm\u011bt \u00fapravy tohoto p\u0159edpisu a \u0161irok\u00fd okruh subjekt\u016f, je vhodn\u00e9, aby se s n\u00edm sezn\u00e1mila nejenom pr\u00e1vnick\u00e1 ve\u0159ejnost alespo\u0148 formou stru\u010dn\u00e9 z\u00e1kladn\u00ed informace. Pr\u00e1vn\u00ed \u00faprava nov\u00e9ho z\u00e1kona o zdravotn\u00edch slu\u017eb\u00e1ch v t\u00e9to \u010d\u00e1sti \u00fazce souvis\u00ed tak\u00e9 s problematikou ochrany osobnosti, zakotvenou v ob\u010dansk\u00e9m z\u00e1kon\u00edku, kterou t\u00edm vhodn\u011b dopl\u0148uje.<\/p>\n<p><a href=\"https:\/\/veda.polac.cz\/?page_id=1132\">02\/2012<\/a><\/p>\n","protected":false},"excerpt":{"rendered":"<p>Resum\u00e9 \u010dl\u00e1nku Nov\u00fd z\u00e1kon o zdravotn\u00edch slu\u017eb\u00e1ch prof. JUDr. Vladim\u00edr Plecit\u00fd, CSc. Sta\u0165 pod\u00e1v\u00e1 stru\u010dnou informaci o nov\u011b p\u0159ijat\u00e9m z\u00e1kon\u011b o zdravotn\u00edch slu\u017eb\u00e1ch, kter\u00fd nahrazuje dosavadn\u00ed z\u00e1kon o p\u00e9\u010di o zdrav\u00ed lidu ze \u0161edes\u00e1t\u00fdch let. Hlavn\u00ed t\u011b\u017ei\u0161t\u011b v\u00fdkladu se zam\u011b\u0159uje na \u010d\u00e1st \u010dtvrtou, hlavu I nov\u00e9ho z\u00e1kona, kter\u00e1 upravuje pr\u00e1va a povinnosti pacient\u016f a jin\u00fdch [&hellip;]<\/p>\n","protected":false},"author":2,"featured_media":0,"parent":0,"menu_order":3,"comment_status":"closed","ping_status":"closed","template":"","meta":{"footnotes":""},"class_list":["post-1151","page","type-page","status-publish","hentry"],"_links":{"self":[{"href":"https:\/\/veda.polac.cz\/index.php?rest_route=\/wp\/v2\/pages\/1151","targetHints":{"allow":["GET"]}}],"collection":[{"href":"https:\/\/veda.polac.cz\/index.php?rest_route=\/wp\/v2\/pages"}],"about":[{"href":"https:\/\/veda.polac.cz\/index.php?rest_route=\/wp\/v2\/types\/page"}],"author":[{"embeddable":true,"href":"https:\/\/veda.polac.cz\/index.php?rest_route=\/wp\/v2\/users\/2"}],"replies":[{"embeddable":true,"href":"https:\/\/veda.polac.cz\/index.php?rest_route=%2Fwp%2Fv2%2Fcomments&post=1151"}],"version-history":[{"count":2,"href":"https:\/\/veda.polac.cz\/index.php?rest_route=\/wp\/v2\/pages\/1151\/revisions"}],"predecessor-version":[{"id":1179,"href":"https:\/\/veda.polac.cz\/index.php?rest_route=\/wp\/v2\/pages\/1151\/revisions\/1179"}],"wp:attachment":[{"href":"https:\/\/veda.polac.cz\/index.php?rest_route=%2Fwp%2Fv2%2Fmedia&parent=1151"}],"curies":[{"name":"wp","href":"https:\/\/api.w.org\/{rel}","templated":true}]}}