{"id":1149,"date":"2018-09-14T00:40:32","date_gmt":"2018-09-14T00:40:32","guid":{"rendered":"http:\/\/veda.polac.cz\/?page_id=1149"},"modified":"2018-11-02T22:19:48","modified_gmt":"2018-11-02T22:19:48","slug":"2-2-5","status":"publish","type":"page","link":"https:\/\/veda.polac.cz\/?page_id=1149","title":{"rendered":""},"content":{"rendered":"<p style=\"text-align: center;\">Resum\u00e9 \u010dl\u00e1nku<\/p>\n<p><strong>Soudob\u00e9 pojet\u00ed individu\u00e1ln\u00edho d\u017eih\u00e1du.<br \/>\n<\/strong><strong>Anal\u00fdza vybran\u00fdch p\u0159\u00edsp\u011bvk\u016f z \u010dasopisu Inspire<\/strong><i><strong><br \/>\n<\/strong>Bc. Iveta Hlouchov\u00e1, doc. JUDr. PhDr. Miroslav Mare\u0161, Ph.D.<\/i><\/p>\n<p>P\u0159\u00edsp\u011bvek pojedn\u00e1v\u00e1 o praktick\u00fdch taktick\u00fdch n\u00e1vodech pro potenci\u00e1ln\u00ed teroristy, \u017eij\u00edc\u00ed a maj\u00edc\u00ed v \u00famyslu sp\u00e1chat \u00fatok v z\u00e1padn\u00edch zem\u00edch, a mo\u017en\u00fdch postupech proti nim. Vych\u00e1z\u00ed ze strategick\u00e9ho konceptu individu\u00e1ln\u00edho d\u017eih\u00e1du\u00b4, hl\u00e1san\u00e9ho v \u010dasopisech al-K\u00e1jdy Inspire, v\u010detn\u011b vybran\u00fdch p\u0159\u00edsp\u011bvk\u016f zam\u011b\u0159en\u00fdch na taktickou a opera\u010dn\u00ed oblast. Auto\u0159i formuluj\u00ed i doporu\u010den\u00ed pro eliminaci dopad\u016f propagandy individu\u00e1ln\u00edho d\u017eih\u00e1du.<br \/>\n<strong>Kl\u00ed\u010dov\u00e1 slova:<\/strong>\u00a0D\u017eih\u00e1d, individu\u00e1ln\u00ed d\u017eih\u00e1d, terorismus osam\u011bl\u00fdch vlk\u016f, taktick\u00e9 n\u00e1vody, postupy proti.<br \/>\n<i><br \/>\n<\/i><\/p>\n<p><a href=\"https:\/\/veda.polac.cz\/?page_id=1132\">02\/2012<\/a><\/p>\n","protected":false},"excerpt":{"rendered":"<p>Resum\u00e9 \u010dl\u00e1nku Soudob\u00e9 pojet\u00ed individu\u00e1ln\u00edho d\u017eih\u00e1du. Anal\u00fdza vybran\u00fdch p\u0159\u00edsp\u011bvk\u016f z \u010dasopisu Inspire Bc. Iveta Hlouchov\u00e1, doc. JUDr. PhDr. Miroslav Mare\u0161, Ph.D. P\u0159\u00edsp\u011bvek pojedn\u00e1v\u00e1 o praktick\u00fdch taktick\u00fdch n\u00e1vodech pro potenci\u00e1ln\u00ed teroristy, \u017eij\u00edc\u00ed a maj\u00edc\u00ed v \u00famyslu sp\u00e1chat \u00fatok v z\u00e1padn\u00edch zem\u00edch, a mo\u017en\u00fdch postupech proti nim. Vych\u00e1z\u00ed ze strategick\u00e9ho konceptu individu\u00e1ln\u00edho d\u017eih\u00e1du\u00b4, hl\u00e1san\u00e9ho v \u010dasopisech al-K\u00e1jdy [&hellip;]<\/p>\n","protected":false},"author":2,"featured_media":0,"parent":1132,"menu_order":2,"comment_status":"closed","ping_status":"closed","template":"","meta":{"footnotes":""},"class_list":["post-1149","page","type-page","status-publish","hentry"],"_links":{"self":[{"href":"https:\/\/veda.polac.cz\/index.php?rest_route=\/wp\/v2\/pages\/1149","targetHints":{"allow":["GET"]}}],"collection":[{"href":"https:\/\/veda.polac.cz\/index.php?rest_route=\/wp\/v2\/pages"}],"about":[{"href":"https:\/\/veda.polac.cz\/index.php?rest_route=\/wp\/v2\/types\/page"}],"author":[{"embeddable":true,"href":"https:\/\/veda.polac.cz\/index.php?rest_route=\/wp\/v2\/users\/2"}],"replies":[{"embeddable":true,"href":"https:\/\/veda.polac.cz\/index.php?rest_route=%2Fwp%2Fv2%2Fcomments&post=1149"}],"version-history":[{"count":3,"href":"https:\/\/veda.polac.cz\/index.php?rest_route=\/wp\/v2\/pages\/1149\/revisions"}],"predecessor-version":[{"id":2146,"href":"https:\/\/veda.polac.cz\/index.php?rest_route=\/wp\/v2\/pages\/1149\/revisions\/2146"}],"up":[{"embeddable":true,"href":"https:\/\/veda.polac.cz\/index.php?rest_route=\/wp\/v2\/pages\/1132"}],"wp:attachment":[{"href":"https:\/\/veda.polac.cz\/index.php?rest_route=%2Fwp%2Fv2%2Fmedia&parent=1149"}],"curies":[{"name":"wp","href":"https:\/\/api.w.org\/{rel}","templated":true}]}}