{"id":1147,"date":"2018-09-14T00:39:16","date_gmt":"2018-09-14T00:39:16","guid":{"rendered":"http:\/\/veda.polac.cz\/?page_id=1147"},"modified":"2018-11-02T20:40:33","modified_gmt":"2018-11-02T20:40:33","slug":"1-2-4","status":"publish","type":"page","link":"https:\/\/veda.polac.cz\/?page_id=1147","title":{"rendered":""},"content":{"rendered":"<p style=\"text-align: center;\">Resum\u00e9 \u010dl\u00e1nku<\/p>\n<p><strong>K aplikaci norem mezin\u00e1rodn\u00edho humanit\u00e1rn\u00edho pr\u00e1va<br \/>\n<\/strong><i>JUDr. Pavel Li\u0161ka<\/i><\/p>\n<p>St\u00e1ty sjedn\u00e1n\u00edm akt\u016f mezin\u00e1rodn\u00edho humanit\u00e1rn\u00edho pr\u00e1va p\u0159evzaly rozs\u00e1hl\u00e9 povinnosti na \u00faseku jejich implementace. Jde o z\u00e1vazky, kter\u00e9 mus\u00ed b\u00fdt realizov\u00e1ny p\u0159ed propuknut\u00edm ozbrojen\u00e9ho konfliktu i v jeho pr\u016fb\u011bhu. Implementaci ovliv\u0148uj\u00ed recentn\u00ed procesy globalizace, charakteristick\u00e9 postupuj\u00edc\u00edmi zm\u011bnami tradi\u010dn\u00edho pojet\u00ed suverenity st\u00e1tu. Tato \u010dinnost dnes nab\u00fdv\u00e1 neb\u00fdval\u00e9 nal\u00e9havosti. Diseminaci znalost\u00ed o mezin\u00e1rodn\u00edm humanit\u00e1rn\u00edm pr\u00e1vu v Policejn\u00ed akademii \u010cR dosud nebyla v\u011bnov\u00e1na odpov\u00eddaj\u00edc\u00ed pozornost, nicm\u00e9n\u011b akademie m\u016f\u017ee p\u0159isp\u011bt sv\u00fdm specifick\u00fdm d\u00edlem k napl\u0148ov\u00e1n\u00ed z\u00e1vazku \u0161\u00ed\u0159it pozn\u00e1n\u00ed humanit\u00e1rn\u00edch pravidel, jeho\u017e nositelem je vedle ostatn\u00edch subjekt\u016f mezin\u00e1rodn\u00edho spole\u010denstv\u00ed i \u010cesk\u00e1 republika. V uveden\u00e9m smyslu je p\u0159ipravov\u00e1na \u00faprava v\u00fduky mezin\u00e1rodn\u00edho pr\u00e1va ve\u0159ejn\u00e9ho.<br \/>\n<strong>Kl\u00ed\u010dov\u00e1 slova:<\/strong>\u00a0Globalizace, mezin\u00e1rodn\u00ed vztahy, pr\u00e1vo ozbrojen\u00fdch konflikt\u016f, mezin\u00e1rodn\u00ed humanit\u00e1rn\u00ed pr\u00e1vo, \u017eenevsk\u00e9 pr\u00e1vo, haagsk\u00e9 pr\u00e1vo, Mezin\u00e1rodn\u00ed v\u00fdbor \u010cerven\u00e9ho k\u0159\u00ed\u017ee, Organizace spojen\u00fdch n\u00e1rod\u016f, implementace, diseminace.<i><br \/>\n<\/i><\/p>\n<p><a href=\"https:\/\/veda.polac.cz\/?page_id=1132\">02\/2012<\/a><\/p>\n","protected":false},"excerpt":{"rendered":"<p>Resum\u00e9 \u010dl\u00e1nku K aplikaci norem mezin\u00e1rodn\u00edho humanit\u00e1rn\u00edho pr\u00e1va JUDr. Pavel Li\u0161ka St\u00e1ty sjedn\u00e1n\u00edm akt\u016f mezin\u00e1rodn\u00edho humanit\u00e1rn\u00edho pr\u00e1va p\u0159evzaly rozs\u00e1hl\u00e9 povinnosti na \u00faseku jejich implementace. Jde o z\u00e1vazky, kter\u00e9 mus\u00ed b\u00fdt realizov\u00e1ny p\u0159ed propuknut\u00edm ozbrojen\u00e9ho konfliktu i v jeho pr\u016fb\u011bhu. Implementaci ovliv\u0148uj\u00ed recentn\u00ed procesy globalizace, charakteristick\u00e9 postupuj\u00edc\u00edmi zm\u011bnami tradi\u010dn\u00edho pojet\u00ed suverenity st\u00e1tu. Tato \u010dinnost dnes nab\u00fdv\u00e1 [&hellip;]<\/p>\n","protected":false},"author":2,"featured_media":0,"parent":1132,"menu_order":1,"comment_status":"closed","ping_status":"closed","template":"","meta":{"footnotes":""},"class_list":["post-1147","page","type-page","status-publish","hentry"],"_links":{"self":[{"href":"https:\/\/veda.polac.cz\/index.php?rest_route=\/wp\/v2\/pages\/1147","targetHints":{"allow":["GET"]}}],"collection":[{"href":"https:\/\/veda.polac.cz\/index.php?rest_route=\/wp\/v2\/pages"}],"about":[{"href":"https:\/\/veda.polac.cz\/index.php?rest_route=\/wp\/v2\/types\/page"}],"author":[{"embeddable":true,"href":"https:\/\/veda.polac.cz\/index.php?rest_route=\/wp\/v2\/users\/2"}],"replies":[{"embeddable":true,"href":"https:\/\/veda.polac.cz\/index.php?rest_route=%2Fwp%2Fv2%2Fcomments&post=1147"}],"version-history":[{"count":3,"href":"https:\/\/veda.polac.cz\/index.php?rest_route=\/wp\/v2\/pages\/1147\/revisions"}],"predecessor-version":[{"id":2139,"href":"https:\/\/veda.polac.cz\/index.php?rest_route=\/wp\/v2\/pages\/1147\/revisions\/2139"}],"up":[{"embeddable":true,"href":"https:\/\/veda.polac.cz\/index.php?rest_route=\/wp\/v2\/pages\/1132"}],"wp:attachment":[{"href":"https:\/\/veda.polac.cz\/index.php?rest_route=%2Fwp%2Fv2%2Fmedia&parent=1147"}],"curies":[{"name":"wp","href":"https:\/\/api.w.org\/{rel}","templated":true}]}}