{"id":114,"date":"2018-08-28T04:11:42","date_gmt":"2018-08-28T04:11:42","guid":{"rendered":"http:\/\/veda.polac.cz\/?page_id=114"},"modified":"2020-02-04T14:23:27","modified_gmt":"2020-02-04T14:23:27","slug":"03-2017","status":"publish","type":"page","link":"https:\/\/veda.polac.cz\/?page_id=114","title":{"rendered":"03\/2017"},"content":{"rendered":"<h1><\/h1>\n<p><a href=\"https:\/\/veda.polac.cz\/?page_id=327\"><strong>Grafick\u00e1 extremistick\u00e1 symbolika na ve\u0159ejn\u00e9m prostranstv\u00ed\u00a0<\/strong><\/a><br \/>\npplk. PhDr. Barbora Vegrichtov\u00e1, Ph.D., MBA, Policejn\u00ed akademie \u010cesk\u00e9 republiky v Praze,<br \/>\nFakulta bezpe\u010dnostn\u011b pr\u00e1vn\u00ed, katedra krimin\u00e1ln\u00ed policie<\/p>\n<p><a href=\"https:\/\/veda.polac.cz\/wp-content\/uploads\/2018\/11\/032017Grafick\u00e1-extremistick\u00e1-symbolika-na-ve\u0159ejn\u00e9m-prostranstv\u00ed1.pdf\" target=\"_blank\" rel=\"noopener noreferrer\">Pdf form\u00e1t<\/a><\/p>\n<hr \/>\n<p><a href=\"https:\/\/veda.polac.cz\/?page_id=330\"><strong>Elektronick\u00fd monitoring do budoucna &#8211; vybran\u00e9 poznatky z ankety mezi soudci a st\u00e1tn\u00edmi z\u00e1stupci\u00a0<\/strong><\/a><br \/>\nJUDr. Simona Dibl\u00edkov\u00e1, Institut pro kriminologii a soci\u00e1ln\u00ed prevenci<i><\/i><\/p>\n<p><a href=\"https:\/\/veda.polac.cz\/wp-content\/uploads\/2018\/11\/032017Elektronick\u00fd-monitoring-do-budoucna-\u2013-vybran\u00e9-poznatky-z-ankety-mezi-soudci-a-st\u00e1tn\u00edmi-z\u00e1stupci.pdf\" target=\"_blank\" rel=\"noopener noreferrer\">Pdf form\u00e1t<\/a><\/p>\n<hr \/>\n<p><a href=\"https:\/\/veda.polac.cz\/?page_id=333\"><strong>Mo\u017enosti rozvoje ochrany kritick\u00e9 infrastruktury v \u010cesk\u00e9 republice<\/strong><\/a><br \/>\nPhDr. Petra Skalick\u00e1, Policejn\u00ed akademie \u010cesk\u00e9 republiky v Praze,<br \/>\nFakulta bezpe\u010dnostn\u00edho managementu, katedra krizov\u00e9ho \u0159\u00edzen\u00ed<\/p>\n<p><a href=\"https:\/\/veda.polac.cz\/wp-content\/uploads\/2018\/11\/032017Mo\u017enosti-rozvoje-ochrany-kritick\u00e9-infrastruktury-v-\u010cesk\u00e9-republice.pdf\" target=\"_blank\" rel=\"noopener noreferrer\">Pdf form\u00e1t<\/a><\/p>\n<hr \/>\n<p><a href=\"https:\/\/veda.polac.cz\/?page_id=335\"><strong>Trestnopr\u00e1vna \u00faprava mladistv\u00fdch p\u00e1chate\u013eov z h\u013eadiska pr\u00e1va Eur\u00f3pskej \u00fanie a pr\u00e1vnej \u00fapravy platnej v Slovenskej republike<\/strong><\/a><br \/>\nJUDr. Ladislav Bal\u00fan, mjr. JUDr. Daniela Benedekov\u00e1, PhD.,<br \/>\nAkad\u00e9mia Policajn\u00e9ho zboru v Bratislave, katedra trestn\u00e9ho pr\u00e1va<\/p>\n<p><a href=\"https:\/\/veda.polac.cz\/wp-content\/uploads\/2018\/11\/032017Trestnopr\u00e1vna-\u00faprava-mladistv\u00fdch-p\u00e1chate\u013eov-z-h\u013eadiska-pr\u00e1va-Eur\u00f3pskej-\u00fanie-a-pr\u00e1vnej-\u00fapravy-platnej-v-Slovenskej-republike.pdf\" target=\"_blank\" rel=\"noopener noreferrer\">Pdf form\u00e1t<\/a><\/p>\n<hr \/>\n<p><a href=\"https:\/\/veda.polac.cz\/?page_id=338\"><strong>Tvorba sc\u00e9n\u00e1\u0159e pro p\u0159\u00edpad teroristick\u00e9ho \u00fatoku s vyu\u017eit\u00edm sil a prost\u0159edk\u016f Arm\u00e1dy \u010cesk\u00e9 republiky\u00a0<\/strong><\/a><br \/>\npplk. Ing. Janka Kosecov\u00e1, Ph.D., Ing. Roman Kop\u0159iva, Univerzita obrany v Brn\u011b,<br \/>\nCentrum bezpe\u010dnostn\u00edch vojenskostrategick\u00fdch studi\u00ed<\/p>\n<p><a href=\"https:\/\/veda.polac.cz\/wp-content\/uploads\/2018\/11\/032017Tvorba-sc\u00e9n\u00e1\u0159e-pro-p\u0159\u00edpad-teroristick\u00e9ho-\u00fatoku-s-vyu\u017eit\u00edm-sil-a-prost\u0159edk\u016f-Arm\u00e1dy-\u010cesk\u00e9-republiky.pdf\" target=\"_blank\" rel=\"noopener noreferrer\">Pdf form\u00e1t<\/a><\/p>\n<hr \/>\n<p><a href=\"https:\/\/veda.polac.cz\/?page_id=340\"><strong>Teoretick\u00e9 \u0161koly mezin\u00e1rodn\u00edch vztah\u016f a jejich odraz v typologi\u00edch strategick\u00fdch p\u0159\u00edstup\u016f proti n\u00e1siln\u00fdm nest\u00e1tn\u00edm akt\u00e9r\u016fm<\/strong><\/a><br \/>\nMgr. Zden\u011bk Ludv\u00edk, Univerzita Karlova v Praze,<br \/>\nFakulta soci\u00e1ln\u00edch v\u011bd, Institut politologick\u00fdch studi\u00ed<\/p>\n<p><a href=\"https:\/\/veda.polac.cz\/wp-content\/uploads\/2018\/11\/032017Teoretick\u00e9-\u0161koly-mezin\u00e1rodn\u00edch-vztah\u016f-a-jejich-odraz-v-typologi\u00edch-strategick\u00fdch-p\u0159\u00edstup\u016f-proti-n\u00e1siln\u00fdm-nest\u00e1tn\u00edm-akt\u00e9r\u016fm.pdf\" target=\"_blank\" rel=\"noopener noreferrer\">Pdf form\u00e1t<\/a><\/p>\n<hr \/>\n<p><a href=\"https:\/\/veda.polac.cz\/?page_id=342\"><strong>Situa\u010dn\u00ed prevence versus ochrana osobn\u00edch \u00fadaj\u016f<\/strong><\/a><br \/>\nMgr. Vladim\u00edr Oliberius, Policejn\u00ed akademie \u010cesk\u00e9 republiky v Praze,<br \/>\nFakulta bezpe\u010dnostn\u011b pr\u00e1vn\u00ed, katedra krimin\u00e1ln\u00ed policie<\/p>\n<p><a href=\"https:\/\/veda.polac.cz\/wp-content\/uploads\/2018\/11\/032017Situa\u010dn\u00ed-prevence-versus-ochrana-osobn\u00edch-\u00fadaj\u016f.pdf\" target=\"_blank\" rel=\"noopener noreferrer\">Pdf form\u00e1t<\/a><\/p>\n<hr \/>\n<p><a href=\"https:\/\/veda.polac.cz\/?page_id=344\"><strong>Evropsk\u00fd vy\u0161et\u0159ovac\u00ed p\u0159\u00edkaz, nov\u00fd unijn\u00ed n\u00e1stroj justi\u010dn\u00ed spolupr\u00e1ce<\/strong><\/a><br \/>\ndoc. JUDr. Bohumil Pikna, CSc., Metropolitn\u00ed univerzita Praha,<br \/>\nkatedra mezin\u00e1rodn\u00edch vztah\u016f a evropsk\u00fdch studi\u00ed<i><\/i><\/p>\n<p><a href=\"https:\/\/veda.polac.cz\/wp-content\/uploads\/2018\/11\/032017Evropsk\u00fd-vy\u0161et\u0159ovac\u00ed-p\u0159\u00edkaz-nov\u00fd-unijn\u00ed-n\u00e1stroj-justi\u010dn\u00ed-spolupr\u00e1ce.pdf\" target=\"_blank\" rel=\"noopener noreferrer\">Pdf form\u00e1t<\/a><\/p>\n<hr \/>\n<p><strong>Osobnost jedince a psychick\u00e1 odolnost v r\u016fzn\u00fdch typech \u010dinnosti\u00a0<\/strong><br \/>\nPhDr. Jaroslav Dvorsk\u00fd, Ph.D., Univerzita Karlova,<br \/>\nFakulta t\u011blesn\u00e9 v\u00fdchovy a sportu, katedra technick\u00fdch a \u00fapolov\u00fdch sport\u016f<\/p>\n<p><a href=\"https:\/\/veda.polac.cz\/wp-content\/uploads\/2018\/11\/032017Osobnost-jedince-a-psychick\u00e1-odolnost-v-r\u016fzn\u00fdch-typech-\u010dinnosti.pdf\" target=\"_blank\" rel=\"noopener noreferrer\">Pdf form\u00e1t<\/a><\/p>\n<hr \/>\n<p><strong>Protipr\u00e1vn\u00ed jedn\u00e1n\u00ed v\u011bzn\u011bn\u00fdch osob a role Pov\u011b\u0159en\u00e9ho org\u00e1nu V\u011bze\u0148sk\u00e9 slu\u017eby \u010cR\u00a0<\/strong><br \/>\nmjr. Mgr. Ond\u0159ej Kol\u00e1\u0159, V\u011bznice Sv\u011btl\u00e1 nad S\u00e1zavou, vedouc\u00ed odd\u011blen\u00ed prevence a st\u00ed\u017enost\u00ed,<br \/>\nplk. Mgr. Tom\u00e1\u0161 Kub\u00edn, \u0159editel V\u011bznice Odolov<\/p>\n<p><a href=\"https:\/\/veda.polac.cz\/wp-content\/uploads\/2018\/11\/032017Protipr\u00e1vn\u00ed-jedn\u00e1n\u00ed-v\u011bzn\u011bn\u00fdch-osob-a-role-Pov\u011b\u0159en\u00e9ho-org\u00e1nu-V\u011bze\u0148sk\u00e9-slu\u017eby-\u010cR.pdf\" target=\"_blank\" rel=\"noopener noreferrer\">Pdf form\u00e1t<\/a><\/p>\n","protected":false},"excerpt":{"rendered":"<p>Grafick\u00e1 extremistick\u00e1 symbolika na ve\u0159ejn\u00e9m prostranstv\u00ed\u00a0 pplk. PhDr. Barbora Vegrichtov\u00e1, Ph.D., MBA, Policejn\u00ed akademie \u010cesk\u00e9 republiky v Praze, Fakulta bezpe\u010dnostn\u011b pr\u00e1vn\u00ed, katedra krimin\u00e1ln\u00ed policie Pdf form\u00e1t Elektronick\u00fd monitoring do budoucna &#8211; vybran\u00e9 poznatky z ankety mezi soudci a st\u00e1tn\u00edmi z\u00e1stupci\u00a0 JUDr. Simona Dibl\u00edkov\u00e1, Institut pro kriminologii a soci\u00e1ln\u00ed prevenci Pdf form\u00e1t Mo\u017enosti rozvoje ochrany kritick\u00e9 [&hellip;]<\/p>\n","protected":false},"author":6,"featured_media":0,"parent":231,"menu_order":4,"comment_status":"closed","ping_status":"closed","template":"","meta":{"footnotes":""},"class_list":["post-114","page","type-page","status-publish","hentry"],"_links":{"self":[{"href":"https:\/\/veda.polac.cz\/index.php?rest_route=\/wp\/v2\/pages\/114","targetHints":{"allow":["GET"]}}],"collection":[{"href":"https:\/\/veda.polac.cz\/index.php?rest_route=\/wp\/v2\/pages"}],"about":[{"href":"https:\/\/veda.polac.cz\/index.php?rest_route=\/wp\/v2\/types\/page"}],"author":[{"embeddable":true,"href":"https:\/\/veda.polac.cz\/index.php?rest_route=\/wp\/v2\/users\/6"}],"replies":[{"embeddable":true,"href":"https:\/\/veda.polac.cz\/index.php?rest_route=%2Fwp%2Fv2%2Fcomments&post=114"}],"version-history":[{"count":9,"href":"https:\/\/veda.polac.cz\/index.php?rest_route=\/wp\/v2\/pages\/114\/revisions"}],"predecessor-version":[{"id":5945,"href":"https:\/\/veda.polac.cz\/index.php?rest_route=\/wp\/v2\/pages\/114\/revisions\/5945"}],"up":[{"embeddable":true,"href":"https:\/\/veda.polac.cz\/index.php?rest_route=\/wp\/v2\/pages\/231"}],"wp:attachment":[{"href":"https:\/\/veda.polac.cz\/index.php?rest_route=%2Fwp%2Fv2%2Fmedia&parent=114"}],"curies":[{"name":"wp","href":"https:\/\/api.w.org\/{rel}","templated":true}]}}