{"id":1132,"date":"2018-09-14T00:35:58","date_gmt":"2018-09-14T00:35:58","guid":{"rendered":"http:\/\/veda.polac.cz\/?page_id=1132"},"modified":"2019-04-18T10:43:33","modified_gmt":"2019-04-18T10:43:33","slug":"02-2012","status":"publish","type":"page","link":"https:\/\/veda.polac.cz\/?page_id=1132","title":{"rendered":"02\/2012"},"content":{"rendered":"<p><a href=\"https:\/\/veda.polac.cz\/?page_id=1147\"><strong>K aplikaci norem mezin\u00e1rodn\u00edho humanit\u00e1rn\u00edho pr\u00e1va\u00a0<\/strong><\/a><br \/>\nJUDr. Pavel Li\u0161ka<\/p>\n<hr \/>\n<p><a href=\"https:\/\/veda.polac.cz\/?page_id=1149\"><strong>Soudob\u00e9 pojet\u00ed individu\u00e1ln\u00edho d\u017eih\u00e1du<\/strong><\/a><br \/>\nAnal\u00fdza vybran\u00fdch p\u0159\u00edsp\u011bvk\u016f z \u010dasopisu Inspire<br \/>\nBc. Iveta Hlouchov\u00e1, doc. JUDr. PhDr. Miroslav Mare\u0161, Ph.D.<\/p>\n<hr \/>\n<p><a href=\"https:\/\/veda.polac.cz\/?page_id=1151\"><strong>Nov\u00fd z\u00e1kon o zdravotn\u00edch slu\u017eb\u00e1ch <\/strong><\/a><br \/>\nprof. JUDr. Vladim\u00edr Plecit\u00fd, CSc.<\/p>\n<hr \/>\n<p><a href=\"https:\/\/veda.polac.cz\/?page_id=1153\"><strong>K ot\u00e1zk\u00e1m pr\u00e1vn\u00ed kvalifikace p\u0159estupku a efektivit\u011b spr\u00e1vn\u00edho trest\u00e1n\u00ed<\/strong><\/a><br \/>\nJUDr. Lydia Ottov\u00e1<\/p>\n<hr \/>\n<p><a href=\"https:\/\/veda.polac.cz\/?page_id=1155\"><strong>Privatizace v\u011bze\u0148stv\u00ed &#8211; modern\u00ed trend \u010di p\u0159e\u017eitek? <\/strong><\/a><br \/>\nMgr. Petr Martinovsk\u00fd<\/p>\n<hr \/>\n<p><a href=\"https:\/\/veda.polac.cz\/?page_id=1157\"><strong>Vybran\u00e9 ot\u00e1zky trestn\u00ed odpov\u011bdnosti pr\u00e1vnick\u00fdch osob podle z\u00e1kona \u010d. 418\/2011 Sb. <\/strong><\/a><br \/>\nJUDr. Vladim\u00edr Plecit\u00fd<\/p>\n<hr \/>\n<p><a href=\"https:\/\/veda.polac.cz\/?page_id=1159\"><strong>Recentn\u00ed reflexe problematiky svobody projevu s akcentem na extremistick\u00e9 chov\u00e1n\u00ed <\/strong><\/a><br \/>\nJUDr. Ale\u0161 Zp\u011bv\u00e1k<\/p>\n<hr \/>\n<p><a href=\"https:\/\/veda.polac.cz\/?page_id=1161\"><strong>Vznik, v\u00fdvoj a s\u00fa\u010dasn\u00fd stav organizovanej kriminality v Slovenskej republike <\/strong><\/a><br \/>\nMgr. \u0160tefan Zeman<\/p>\n<hr \/>\n<p><a href=\"https:\/\/veda.polac.cz\/?page_id=1163\"><strong>Zpravodajsk\u00e9 slu\u017eby, jejich p\u016fsobnost a opr\u00e1vn\u011bn\u00ed <\/strong><\/a><br \/>\nJUDr. Ladislav Pokorn\u00fd, Ph.D.<\/p>\n<hr \/>\n<p><a href=\"https:\/\/veda.polac.cz\/?page_id=1165\"><strong>N\u00e1sil\u00ed mladistv\u00fdch z pohledu sou\u010dasn\u00e9 forenzn\u00ed psychologie <\/strong><\/a><br \/>\ndoc. PhDr. Ludmila \u010c\u00edrtkov\u00e1, CSc.<\/p>\n<hr \/>\n<p><a href=\"https:\/\/veda.polac.cz\/?page_id=1167\"><strong>Tailoring &#8211; nov\u00fd p\u0159\u00edstup managementu organizace v r\u00e1mci \u0159\u00edzen\u00ed lidsk\u00fdch zdroj\u016f <\/strong><\/a><br \/>\nPhDr. Petr Jedin\u00e1k, Ph.D.<\/p>\n<hr \/>\n<p><a href=\"https:\/\/veda.polac.cz\/?page_id=1169\"><strong>Zm\u011bny v pr\u00e1vn\u00edch p\u0159edpisech v oblasti \u010dinnosti Hasi\u010dsk\u00e9ho z\u00e1chrann\u00e9ho sboru \u010cR <\/strong><\/a><br \/>\nplk. JUDr. Franti\u0161ek Vavera, Ph.D.<\/p>\n<hr \/>\n<p><a href=\"https:\/\/veda.polac.cz\/?page_id=1171\"><strong>Specifika policejn\u00edho slangu <\/strong><\/a><br \/>\nMgr. Alena Luk\u00e1\u010dov\u00e1, Ph.D., JUDr. Martin Kloubek, Ph.D.<\/p>\n<hr \/>\n<p><strong>Recenze monografie: Kova\u0159\u00edk Zden\u011bk, Krej\u010d\u00ed Pavel: <\/strong><br \/>\n<strong>&#8222;Spolupr\u00e1ce Policie \u010cR s ve\u0159ejnost\u00ed&#8220; <\/strong><br \/>\nprof. PhDr. Ji\u0159\u00ed Straus, DrSc.<\/p>\n<hr \/>\n<p><strong>Informace o z\u00e1v\u011bre\u010dn\u00e9 mezin\u00e1rodn\u00ed konferenci k projektu &#8222;Legislativa&#8220; <\/strong><br \/>\nplk. JUDr. Franti\u0161ek Vavera, Ph.D.<\/p>\n<hr \/>\n<p><strong>Informace o kon\u00e1n\u00ed mezin\u00e1rodn\u00ed v\u011bdeck\u00e9 konference <\/strong><br \/>\n<strong>&#8222;Rie\u0161enie kr\u00edzov\u00fdch situ\u00e1ci\u00ed v \u0161pecifickom prostred\u00ed&#8220; <\/strong><br \/>\nMgr. Jaroslava Nov\u00e1kov\u00e1<\/p>\n<hr \/>\n<p><a href=\"https:\/\/veda.polac.cz\/?page_id=235\">Zp\u011bt<\/a><\/p>\n","protected":false},"excerpt":{"rendered":"<p>K aplikaci norem mezin\u00e1rodn\u00edho humanit\u00e1rn\u00edho pr\u00e1va\u00a0 JUDr. Pavel Li\u0161ka Soudob\u00e9 pojet\u00ed individu\u00e1ln\u00edho d\u017eih\u00e1du Anal\u00fdza vybran\u00fdch p\u0159\u00edsp\u011bvk\u016f z \u010dasopisu Inspire Bc. Iveta Hlouchov\u00e1, doc. JUDr. PhDr. Miroslav Mare\u0161, Ph.D. Nov\u00fd z\u00e1kon o zdravotn\u00edch slu\u017eb\u00e1ch prof. JUDr. Vladim\u00edr Plecit\u00fd, CSc. K ot\u00e1zk\u00e1m pr\u00e1vn\u00ed kvalifikace p\u0159estupku a efektivit\u011b spr\u00e1vn\u00edho trest\u00e1n\u00ed JUDr. Lydia Ottov\u00e1 Privatizace v\u011bze\u0148stv\u00ed &#8211; modern\u00ed trend [&hellip;]<\/p>\n","protected":false},"author":2,"featured_media":0,"parent":235,"menu_order":20,"comment_status":"closed","ping_status":"closed","template":"","meta":{"footnotes":""},"class_list":["post-1132","page","type-page","status-publish","hentry"],"_links":{"self":[{"href":"https:\/\/veda.polac.cz\/index.php?rest_route=\/wp\/v2\/pages\/1132","targetHints":{"allow":["GET"]}}],"collection":[{"href":"https:\/\/veda.polac.cz\/index.php?rest_route=\/wp\/v2\/pages"}],"about":[{"href":"https:\/\/veda.polac.cz\/index.php?rest_route=\/wp\/v2\/types\/page"}],"author":[{"embeddable":true,"href":"https:\/\/veda.polac.cz\/index.php?rest_route=\/wp\/v2\/users\/2"}],"replies":[{"embeddable":true,"href":"https:\/\/veda.polac.cz\/index.php?rest_route=%2Fwp%2Fv2%2Fcomments&post=1132"}],"version-history":[{"count":3,"href":"https:\/\/veda.polac.cz\/index.php?rest_route=\/wp\/v2\/pages\/1132\/revisions"}],"predecessor-version":[{"id":2626,"href":"https:\/\/veda.polac.cz\/index.php?rest_route=\/wp\/v2\/pages\/1132\/revisions\/2626"}],"up":[{"embeddable":true,"href":"https:\/\/veda.polac.cz\/index.php?rest_route=\/wp\/v2\/pages\/235"}],"wp:attachment":[{"href":"https:\/\/veda.polac.cz\/index.php?rest_route=%2Fwp%2Fv2%2Fmedia&parent=1132"}],"curies":[{"name":"wp","href":"https:\/\/api.w.org\/{rel}","templated":true}]}}