{"id":1126,"date":"2018-09-14T00:17:03","date_gmt":"2018-09-14T00:17:03","guid":{"rendered":"http:\/\/veda.polac.cz\/?page_id=1126"},"modified":"2018-10-27T18:59:02","modified_gmt":"2018-10-27T18:59:02","slug":"10-2","status":"publish","type":"page","link":"https:\/\/veda.polac.cz\/?page_id=1126","title":{"rendered":""},"content":{"rendered":"<p style=\"text-align: center;\">Resum\u00e9 \u010dl\u00e1nku<\/p>\n<p align=\"justify\"><strong>Drobn\u00e1 kriminalita a jej\u00ed p\u016fsoben\u00ed na image obchodn\u00edka\u00a0<\/strong><br \/>\n<em>Ing. Pavel Kulf\u00e1nek<\/em><\/p>\n<p>\u010cl\u00e1nek na t\u00e9ma &#8222;Drobn\u00e1 kriminalita a jej\u00ed p\u016fsoben\u00ed na image obchodn\u00edka&#8220; je rozd\u011blen do dvou hlavn\u00edch \u010d\u00e1st\u00ed. Prvn\u00ed, praktick\u00e1 \u010d\u00e1st je provedena metodou liter\u00e1rn\u00ed re\u0161er\u0161e a shrnuje teoretick\u00e1 v\u00fdchodiska pro dan\u00e9 t\u00e9ma, a to i po str\u00e1nce metodiky. Druh\u00e1, praktick\u00e1 \u010d\u00e1st je tvo\u0159ena p\u0159edev\u0161\u00edm metodou dotazn\u00edkov\u00e9ho \u0161et\u0159en\u00ed a modifi-kovan\u00e9ho s\u00e9mantick\u00e9ho diferenci\u00e1lu. V t\u00e9to \u010d\u00e1sti se zkoum\u00e1 image organizace, kde se stala drobn\u00e1 kr\u00e1de\u017e. Praktick\u00e1 \u010d\u00e1st je zakon\u010dena z\u00e1v\u011brem a tedy shrnut\u00edm jednotliv\u00fdch zji\u0161t\u011bn\u00ed a d\u00edl\u010d\u00edm doporu\u010den\u00edm, kter\u00e9 by m\u011blo v\u00e9st ke zlep\u0161en\u00ed st\u00e1vaj\u00edc\u00edho stavu ze strany organizace. D\u016fle\u017eit\u00fdm zji\u0161t\u011bn\u00edm byla nep\u0159ipravenost zam\u011bstnanc\u016f obchodn\u00edka vznikl\u00e9 situace \u0159e\u0161it a po\u0161kozen\u00fdm z\u00e1kazn\u00edk\u016fm pomoci. Pr\u00e1v\u011b tuto skute\u010dnost lze ze strany obchodn\u00edka ovlivnit a vylep\u0161it si tak sv\u00e9 image.<br \/>\n<strong>Kl\u00ed\u010dov\u00e1 slova:<\/strong>\u00a0Image, kr\u00e1de\u017e, vn\u00edm\u00e1n\u00ed, z\u00e1kazn\u00edk, obchodn\u00edk.<\/p>\n<p align=\"justify\"><a href=\"https:\/\/veda.polac.cz\/?page_id=1093\">03\/2012<\/a><\/p>\n<p>&nbsp;<\/p>\n","protected":false},"excerpt":{"rendered":"<p>Resum\u00e9 \u010dl\u00e1nku Drobn\u00e1 kriminalita a jej\u00ed p\u016fsoben\u00ed na image obchodn\u00edka\u00a0 Ing. Pavel Kulf\u00e1nek \u010cl\u00e1nek na t\u00e9ma &#8222;Drobn\u00e1 kriminalita a jej\u00ed p\u016fsoben\u00ed na image obchodn\u00edka&#8220; je rozd\u011blen do dvou hlavn\u00edch \u010d\u00e1st\u00ed. Prvn\u00ed, praktick\u00e1 \u010d\u00e1st je provedena metodou liter\u00e1rn\u00ed re\u0161er\u0161e a shrnuje teoretick\u00e1 v\u00fdchodiska pro dan\u00e9 t\u00e9ma, a to i po str\u00e1nce metodiky. Druh\u00e1, praktick\u00e1 \u010d\u00e1st je [&hellip;]<\/p>\n","protected":false},"author":2,"featured_media":0,"parent":0,"menu_order":10,"comment_status":"closed","ping_status":"closed","template":"","meta":{"footnotes":""},"class_list":["post-1126","page","type-page","status-publish","hentry"],"_links":{"self":[{"href":"https:\/\/veda.polac.cz\/index.php?rest_route=\/wp\/v2\/pages\/1126","targetHints":{"allow":["GET"]}}],"collection":[{"href":"https:\/\/veda.polac.cz\/index.php?rest_route=\/wp\/v2\/pages"}],"about":[{"href":"https:\/\/veda.polac.cz\/index.php?rest_route=\/wp\/v2\/types\/page"}],"author":[{"embeddable":true,"href":"https:\/\/veda.polac.cz\/index.php?rest_route=\/wp\/v2\/users\/2"}],"replies":[{"embeddable":true,"href":"https:\/\/veda.polac.cz\/index.php?rest_route=%2Fwp%2Fv2%2Fcomments&post=1126"}],"version-history":[{"count":3,"href":"https:\/\/veda.polac.cz\/index.php?rest_route=\/wp\/v2\/pages\/1126\/revisions"}],"predecessor-version":[{"id":1145,"href":"https:\/\/veda.polac.cz\/index.php?rest_route=\/wp\/v2\/pages\/1126\/revisions\/1145"}],"wp:attachment":[{"href":"https:\/\/veda.polac.cz\/index.php?rest_route=%2Fwp%2Fv2%2Fmedia&parent=1126"}],"curies":[{"name":"wp","href":"https:\/\/api.w.org\/{rel}","templated":true}]}}