{"id":1124,"date":"2018-09-14T00:16:05","date_gmt":"2018-09-14T00:16:05","guid":{"rendered":"http:\/\/veda.polac.cz\/?page_id=1124"},"modified":"2018-10-27T18:59:02","modified_gmt":"2018-10-27T18:59:02","slug":"9-2","status":"publish","type":"page","link":"https:\/\/veda.polac.cz\/?page_id=1124","title":{"rendered":""},"content":{"rendered":"<p style=\"text-align: center;\">Resum\u00e9 \u010dl\u00e1nku<\/p>\n<p align=\"justify\"><strong>Teorie emisn\u00ed bezpe\u010dnosti<\/strong><br \/>\n<em>Ing. et Ing. Kate\u0159ina Sulovsk\u00e1 (student), doc. Mgr. Milan Ad\u00e1mek, Ph.D.<\/em><\/p>\n<p>Teoreticky zam\u011b\u0159en\u00fd \u010dl\u00e1nek na emisn\u00ed bezpe\u010dnost a jej\u00ed sou\u010d\u00e1st, odposlechy. \u010cl\u00e1nek uv\u00e1d\u00ed z\u00e1kladn\u00ed z\u00e1kony ovliv\u0148uj\u00edc\u00ed problematiku emisn\u00ed bezpe\u010dnosti. Ve sv\u00e9 prvn\u00ed \u010d\u00e1sti se zam\u011b\u0159uje na popis za\u0159\u00edzen\u00ed na ochranu p\u0159ed odposlechy, respektive detekci odposlech\u016f ve vybran\u00e9 m\u00edstnosti. Druh\u00e1 \u010d\u00e1st \u010dl\u00e1nku se pot\u00e9 zam\u011b\u0159uje na samotn\u00e9 detektory odposlech\u016f a skryt\u00fdch kamer a ru\u0161i\u010dky sign\u00e1l\u016f a mikrofon\u016f. V posledn\u00ed \u010d\u00e1sti se tak\u00e9 zam\u011b\u0159\u00edme na zabezpe\u010den\u00ed po\u010d\u00edta\u010d\u016f a s\u00edt\u00ed, jejich\u017e dennodenn\u00ed pou\u017eit\u00ed n\u00e1s ohro\u017euje nejv\u00edc.<br \/>\n<strong>Kl\u00ed\u010dov\u00e1 slova:<\/strong>\u00a0emisn\u00ed bezpe\u010dnost, odposlech, detekce odposlechu, \u0161ifrov\u00e1n\u00ed, informa\u010dn\u00ed syst\u00e9m<\/p>\n<p align=\"justify\"><a href=\"https:\/\/veda.polac.cz\/?page_id=1093\">03\/2012<\/a><\/p>\n<p>&nbsp;<\/p>\n","protected":false},"excerpt":{"rendered":"<p>Resum\u00e9 \u010dl\u00e1nku Teorie emisn\u00ed bezpe\u010dnosti Ing. et Ing. Kate\u0159ina Sulovsk\u00e1 (student), doc. Mgr. Milan Ad\u00e1mek, Ph.D. Teoreticky zam\u011b\u0159en\u00fd \u010dl\u00e1nek na emisn\u00ed bezpe\u010dnost a jej\u00ed sou\u010d\u00e1st, odposlechy. \u010cl\u00e1nek uv\u00e1d\u00ed z\u00e1kladn\u00ed z\u00e1kony ovliv\u0148uj\u00edc\u00ed problematiku emisn\u00ed bezpe\u010dnosti. Ve sv\u00e9 prvn\u00ed \u010d\u00e1sti se zam\u011b\u0159uje na popis za\u0159\u00edzen\u00ed na ochranu p\u0159ed odposlechy, respektive detekci odposlech\u016f ve vybran\u00e9 m\u00edstnosti. Druh\u00e1 \u010d\u00e1st [&hellip;]<\/p>\n","protected":false},"author":2,"featured_media":0,"parent":0,"menu_order":9,"comment_status":"closed","ping_status":"closed","template":"","meta":{"footnotes":""},"class_list":["post-1124","page","type-page","status-publish","hentry"],"_links":{"self":[{"href":"https:\/\/veda.polac.cz\/index.php?rest_route=\/wp\/v2\/pages\/1124","targetHints":{"allow":["GET"]}}],"collection":[{"href":"https:\/\/veda.polac.cz\/index.php?rest_route=\/wp\/v2\/pages"}],"about":[{"href":"https:\/\/veda.polac.cz\/index.php?rest_route=\/wp\/v2\/types\/page"}],"author":[{"embeddable":true,"href":"https:\/\/veda.polac.cz\/index.php?rest_route=\/wp\/v2\/users\/2"}],"replies":[{"embeddable":true,"href":"https:\/\/veda.polac.cz\/index.php?rest_route=%2Fwp%2Fv2%2Fcomments&post=1124"}],"version-history":[{"count":2,"href":"https:\/\/veda.polac.cz\/index.php?rest_route=\/wp\/v2\/pages\/1124\/revisions"}],"predecessor-version":[{"id":1143,"href":"https:\/\/veda.polac.cz\/index.php?rest_route=\/wp\/v2\/pages\/1124\/revisions\/1143"}],"wp:attachment":[{"href":"https:\/\/veda.polac.cz\/index.php?rest_route=%2Fwp%2Fv2%2Fmedia&parent=1124"}],"curies":[{"name":"wp","href":"https:\/\/api.w.org\/{rel}","templated":true}]}}