{"id":1121,"date":"2018-09-14T00:14:25","date_gmt":"2018-09-14T00:14:25","guid":{"rendered":"http:\/\/veda.polac.cz\/?page_id=1121"},"modified":"2018-10-27T18:59:02","modified_gmt":"2018-10-27T18:59:02","slug":"8-2","status":"publish","type":"page","link":"https:\/\/veda.polac.cz\/?page_id=1121","title":{"rendered":""},"content":{"rendered":"<p style=\"text-align: center;\">Resum\u00e9 \u010dl\u00e1nku<\/p>\n<p align=\"justify\"><strong>Kolektivn\u00ed n\u00e1sil\u00ed: teorie a praxe\u00a0<\/strong><br \/>\n<em>PhDr. Josef Smol\u00edk, Ph.D., Mgr. et Mgr. Kate\u0159ina Tvrd\u00e1<\/em><\/p>\n<p>Tento \u010dl\u00e1nek se zab\u00fdv\u00e1 v teoretick\u00e9 rovin\u011b kolektivn\u00edm n\u00e1sil\u00edm a davov\u00fdmi determinantami. D\u016fraz je kladen na vymezen\u00ed terminologie, teoretick\u00fdch v\u00fdchodisek p\u0159i zkoum\u00e1n\u00ed kolektivn\u00edho n\u00e1sil\u00ed, v\u010detn\u011b mechanism\u016f potla\u010den\u00ed konfliktn\u00edch situac\u00ed policejn\u00edmi silami. V dal\u0161\u00ed \u010d\u00e1sti textu jsou teoretick\u00e9 poznatky implementov\u00e1ny na p\u0159\u00edklad kolektivn\u00edho n\u00e1sil\u00ed, jen\u017e prob\u00edhal v roce 2011 na \u0160luknovsku v \u010cR.<br \/>\n<strong>Kl\u00ed\u010dov\u00e1 slova:<\/strong>\u00a0kolektivn\u00ed n\u00e1sil\u00ed, konflikt, demonstrace, dav, policie.<\/p>\n<p align=\"justify\"><a href=\"https:\/\/veda.polac.cz\/?page_id=1093\">03\/2012<\/a><\/p>\n<p>&nbsp;<\/p>\n","protected":false},"excerpt":{"rendered":"<p>Resum\u00e9 \u010dl\u00e1nku Kolektivn\u00ed n\u00e1sil\u00ed: teorie a praxe\u00a0 PhDr. Josef Smol\u00edk, Ph.D., Mgr. et Mgr. Kate\u0159ina Tvrd\u00e1 Tento \u010dl\u00e1nek se zab\u00fdv\u00e1 v teoretick\u00e9 rovin\u011b kolektivn\u00edm n\u00e1sil\u00edm a davov\u00fdmi determinantami. D\u016fraz je kladen na vymezen\u00ed terminologie, teoretick\u00fdch v\u00fdchodisek p\u0159i zkoum\u00e1n\u00ed kolektivn\u00edho n\u00e1sil\u00ed, v\u010detn\u011b mechanism\u016f potla\u010den\u00ed konfliktn\u00edch situac\u00ed policejn\u00edmi silami. V dal\u0161\u00ed \u010d\u00e1sti textu jsou teoretick\u00e9 poznatky implementov\u00e1ny [&hellip;]<\/p>\n","protected":false},"author":2,"featured_media":0,"parent":0,"menu_order":8,"comment_status":"closed","ping_status":"closed","template":"","meta":{"footnotes":""},"class_list":["post-1121","page","type-page","status-publish","hentry"],"_links":{"self":[{"href":"https:\/\/veda.polac.cz\/index.php?rest_route=\/wp\/v2\/pages\/1121","targetHints":{"allow":["GET"]}}],"collection":[{"href":"https:\/\/veda.polac.cz\/index.php?rest_route=\/wp\/v2\/pages"}],"about":[{"href":"https:\/\/veda.polac.cz\/index.php?rest_route=\/wp\/v2\/types\/page"}],"author":[{"embeddable":true,"href":"https:\/\/veda.polac.cz\/index.php?rest_route=\/wp\/v2\/users\/2"}],"replies":[{"embeddable":true,"href":"https:\/\/veda.polac.cz\/index.php?rest_route=%2Fwp%2Fv2%2Fcomments&post=1121"}],"version-history":[{"count":3,"href":"https:\/\/veda.polac.cz\/index.php?rest_route=\/wp\/v2\/pages\/1121\/revisions"}],"predecessor-version":[{"id":1142,"href":"https:\/\/veda.polac.cz\/index.php?rest_route=\/wp\/v2\/pages\/1121\/revisions\/1142"}],"wp:attachment":[{"href":"https:\/\/veda.polac.cz\/index.php?rest_route=%2Fwp%2Fv2%2Fmedia&parent=1121"}],"curies":[{"name":"wp","href":"https:\/\/api.w.org\/{rel}","templated":true}]}}