{"id":1119,"date":"2018-09-14T00:13:35","date_gmt":"2018-09-14T00:13:35","guid":{"rendered":"http:\/\/veda.polac.cz\/?page_id=1119"},"modified":"2018-10-27T18:59:02","modified_gmt":"2018-10-27T18:59:02","slug":"7-2-2","status":"publish","type":"page","link":"https:\/\/veda.polac.cz\/?page_id=1119","title":{"rendered":""},"content":{"rendered":"<p style=\"text-align: center;\">Resum\u00e9 \u010dl\u00e1nku<\/p>\n<p align=\"justify\"><strong>N\u011bkolik pozn\u00e1mek k postupu p\u0159ed zah\u00e1jen\u00edm spr\u00e1vn\u00edho \u0159\u00edzen\u00ed<\/strong><br \/>\n<em>doc. JUDr. Eva Horzinkov\u00e1, Ph.D.<\/em><\/p>\n<p>\u010cl\u00e1nek se zab\u00fdv\u00e1 obecnou problematikou postupu p\u0159ed zah\u00e1jen\u00edm spr\u00e1vn\u00edho \u0159\u00edzen\u00ed. Popisuje jednotliv\u00e9 procesn\u00ed instituty, jejich\u017e smyslem je p\u0159edev\u0161\u00edm realizace z\u00e1kladn\u00edch z\u00e1sad \u010dinnosti spr\u00e1vn\u00edch org\u00e1n\u016f, zejm\u00e9na z\u00e1sada rychlosti a procesn\u00ed ekonomie. Autorka \u010dl\u00e1nku rozeb\u00edr\u00e1 jednotliv\u00e9 postupy a poukazuje na to, \u017ee n\u011bkter\u00e9 z nich je mo\u017eno pou\u017e\u00edt pouze stanov\u00ed-li tak zvl\u00e1\u0161tn\u00ed z\u00e1kon, jin\u00e9 m\u016f\u017ee spr\u00e1vn\u00ed org\u00e1n vyu\u017e\u00edt, jsou-li spln\u011bny z\u00e1konn\u00e9 podm\u00ednky nebo to umo\u017e\u0148uje povaha v\u011bci.<br \/>\n<strong>Kl\u00ed\u010dov\u00e1 slova:\u00a0<\/strong>spr\u00e1vn\u00ed \u0159\u00edzen\u00ed, spr\u00e1vn\u00ed \u0159\u00e1d, spr\u00e1vn\u00ed org\u00e1n, d\u016fkazn\u00ed prost\u0159edek.<\/p>\n<p align=\"justify\"><a href=\"https:\/\/veda.polac.cz\/?page_id=1093\">03\/2012<\/a><\/p>\n<p>&nbsp;<\/p>\n","protected":false},"excerpt":{"rendered":"<p>Resum\u00e9 \u010dl\u00e1nku N\u011bkolik pozn\u00e1mek k postupu p\u0159ed zah\u00e1jen\u00edm spr\u00e1vn\u00edho \u0159\u00edzen\u00ed doc. JUDr. Eva Horzinkov\u00e1, Ph.D. \u010cl\u00e1nek se zab\u00fdv\u00e1 obecnou problematikou postupu p\u0159ed zah\u00e1jen\u00edm spr\u00e1vn\u00edho \u0159\u00edzen\u00ed. Popisuje jednotliv\u00e9 procesn\u00ed instituty, jejich\u017e smyslem je p\u0159edev\u0161\u00edm realizace z\u00e1kladn\u00edch z\u00e1sad \u010dinnosti spr\u00e1vn\u00edch org\u00e1n\u016f, zejm\u00e9na z\u00e1sada rychlosti a procesn\u00ed ekonomie. Autorka \u010dl\u00e1nku rozeb\u00edr\u00e1 jednotliv\u00e9 postupy a poukazuje na to, \u017ee [&hellip;]<\/p>\n","protected":false},"author":2,"featured_media":0,"parent":0,"menu_order":7,"comment_status":"closed","ping_status":"closed","template":"","meta":{"footnotes":""},"class_list":["post-1119","page","type-page","status-publish","hentry"],"_links":{"self":[{"href":"https:\/\/veda.polac.cz\/index.php?rest_route=\/wp\/v2\/pages\/1119","targetHints":{"allow":["GET"]}}],"collection":[{"href":"https:\/\/veda.polac.cz\/index.php?rest_route=\/wp\/v2\/pages"}],"about":[{"href":"https:\/\/veda.polac.cz\/index.php?rest_route=\/wp\/v2\/types\/page"}],"author":[{"embeddable":true,"href":"https:\/\/veda.polac.cz\/index.php?rest_route=\/wp\/v2\/users\/2"}],"replies":[{"embeddable":true,"href":"https:\/\/veda.polac.cz\/index.php?rest_route=%2Fwp%2Fv2%2Fcomments&post=1119"}],"version-history":[{"count":2,"href":"https:\/\/veda.polac.cz\/index.php?rest_route=\/wp\/v2\/pages\/1119\/revisions"}],"predecessor-version":[{"id":1141,"href":"https:\/\/veda.polac.cz\/index.php?rest_route=\/wp\/v2\/pages\/1119\/revisions\/1141"}],"wp:attachment":[{"href":"https:\/\/veda.polac.cz\/index.php?rest_route=%2Fwp%2Fv2%2Fmedia&parent=1119"}],"curies":[{"name":"wp","href":"https:\/\/api.w.org\/{rel}","templated":true}]}}