{"id":1115,"date":"2018-09-14T00:11:56","date_gmt":"2018-09-14T00:11:56","guid":{"rendered":"http:\/\/veda.polac.cz\/?page_id=1115"},"modified":"2018-10-27T18:59:02","modified_gmt":"2018-10-27T18:59:02","slug":"5-2-2","status":"publish","type":"page","link":"https:\/\/veda.polac.cz\/?page_id=1115","title":{"rendered":""},"content":{"rendered":"<p style=\"text-align: center;\">Resum\u00e9 \u010dl\u00e1nku<\/p>\n<p align=\"justify\"><strong>Pot\u0159ebuje \u010cesk\u00e1 republika z\u00e1kon o prevenci kriminality?<\/strong><br \/>\n<em>plk. v. v. JUDr. Roman Svato\u0161, Ph.D\u00a0<\/em><\/p>\n<p>\u010cl\u00e1nek upozor\u0148uje na probl\u00e9my, kter\u00e9 vznikaj\u00ed v \u010cesk\u00e9 republice p\u0159i organizov\u00e1n\u00ed prevence kriminality, pokud neexistuje z\u00e1konn\u00e1 \u00faprava, tedy z\u00e1kon o prevenci kriminality a tato oblast je regulov\u00e1na pouze usnesen\u00edm vl\u00e1dy. Tyto probl\u00e9my jsou demonstrov\u00e1ny nejenom rozborem sou\u010dasn\u00e9 \u00fapravy, ale zku\u0161enostmi ze Slovensk\u00e9 republiky, kde tento z\u00e1kon byl ji\u017e v minulosti p\u0159ijat.<br \/>\n<strong>Kl\u00ed\u010dov\u00e1 slova:<\/strong>\u00a0prevence kriminality, kriminalita, protispole\u010densk\u00e1 \u010dinnost, pr\u00e1vn\u00ed p\u0159edpis, usnesen\u00ed vl\u00e1dy.<\/p>\n<p align=\"justify\"><a href=\"https:\/\/veda.polac.cz\/?page_id=1093\">03\/2012<\/a><\/p>\n<p>&nbsp;<\/p>\n","protected":false},"excerpt":{"rendered":"<p>Resum\u00e9 \u010dl\u00e1nku Pot\u0159ebuje \u010cesk\u00e1 republika z\u00e1kon o prevenci kriminality? plk. v. v. JUDr. Roman Svato\u0161, Ph.D\u00a0 \u010cl\u00e1nek upozor\u0148uje na probl\u00e9my, kter\u00e9 vznikaj\u00ed v \u010cesk\u00e9 republice p\u0159i organizov\u00e1n\u00ed prevence kriminality, pokud neexistuje z\u00e1konn\u00e1 \u00faprava, tedy z\u00e1kon o prevenci kriminality a tato oblast je regulov\u00e1na pouze usnesen\u00edm vl\u00e1dy. Tyto probl\u00e9my jsou demonstrov\u00e1ny nejenom rozborem sou\u010dasn\u00e9 \u00fapravy, ale [&hellip;]<\/p>\n","protected":false},"author":2,"featured_media":0,"parent":0,"menu_order":5,"comment_status":"closed","ping_status":"closed","template":"","meta":{"footnotes":""},"class_list":["post-1115","page","type-page","status-publish","hentry"],"_links":{"self":[{"href":"https:\/\/veda.polac.cz\/index.php?rest_route=\/wp\/v2\/pages\/1115","targetHints":{"allow":["GET"]}}],"collection":[{"href":"https:\/\/veda.polac.cz\/index.php?rest_route=\/wp\/v2\/pages"}],"about":[{"href":"https:\/\/veda.polac.cz\/index.php?rest_route=\/wp\/v2\/types\/page"}],"author":[{"embeddable":true,"href":"https:\/\/veda.polac.cz\/index.php?rest_route=\/wp\/v2\/users\/2"}],"replies":[{"embeddable":true,"href":"https:\/\/veda.polac.cz\/index.php?rest_route=%2Fwp%2Fv2%2Fcomments&post=1115"}],"version-history":[{"count":2,"href":"https:\/\/veda.polac.cz\/index.php?rest_route=\/wp\/v2\/pages\/1115\/revisions"}],"predecessor-version":[{"id":1139,"href":"https:\/\/veda.polac.cz\/index.php?rest_route=\/wp\/v2\/pages\/1115\/revisions\/1139"}],"wp:attachment":[{"href":"https:\/\/veda.polac.cz\/index.php?rest_route=%2Fwp%2Fv2%2Fmedia&parent=1115"}],"curies":[{"name":"wp","href":"https:\/\/api.w.org\/{rel}","templated":true}]}}