{"id":1113,"date":"2018-09-14T00:10:58","date_gmt":"2018-09-14T00:10:58","guid":{"rendered":"http:\/\/veda.polac.cz\/?page_id=1113"},"modified":"2018-10-27T18:59:02","modified_gmt":"2018-10-27T18:59:02","slug":"4-2-2","status":"publish","type":"page","link":"https:\/\/veda.polac.cz\/?page_id=1113","title":{"rendered":""},"content":{"rendered":"<p style=\"text-align: center;\">Resum\u00e9 \u010dl\u00e1nku<\/p>\n<p align=\"justify\">\n<strong>V\u00fdznam a p\u0159\u00ednos Kongres\u016f OSN o prevenci kriminality a trestn\u00ed justici<\/strong><br \/>\n<em>pplk. Mgr. Barbora Vegrichtov\u00e1, MBA<\/em><\/p>\n<p>Tento \u010dl\u00e1nek se zab\u00fdv\u00e1 problematikou prevence a kongresy OSN o prevenci kriminality a trestn\u00ed justici. Text popisuje historii po\u0159\u00e1d\u00e1n\u00ed kongres\u016f OSN, p\u0159i\u010dem\u017e se bl\u00ed\u017ee zab\u00fdv\u00e1 hlavn\u00edmi prioritami a st\u011b\u017eejn\u00edmi t\u00e9maty kongres\u016f a vysv\u011btluje v\u00fdznam t\u00e9to \u010dinnosti. Na zam\u011b\u0159en\u00ed jednotliv\u00fdch kongres\u016f demonstruje v\u00fdvoj v oblasti technologie, politiky a ekonomiky a jejich praktick\u00fd dopad na stav a \u00farove\u0148 kriminality. V z\u00e1v\u011bre\u010dn\u00e9 \u010d\u00e1sti jsou pops\u00e1ny aktu\u00e1ln\u00ed trendy v t\u00e9to oblasti a v\u00fdznam mezin\u00e1rodn\u00ed spolupr\u00e1ce a prevence zlo\u010dinnosti v\u010detn\u011b perspektiv a v\u00fdzev do budoucnosti.<br \/>\n<strong>Kl\u00ed\u010dov\u00e1 slova:<\/strong>\u00a0prevence, kriminologie, trestn\u00ed justice, kongresy OSN, mezin\u00e1rodn\u00ed spolupr\u00e1ce, t\u00e9mata a strategie n\u00e1sil\u00ed.<\/p>\n<p align=\"justify\"><a href=\"https:\/\/veda.polac.cz\/?page_id=1093\">03\/2012<\/a><\/p>\n<p>&nbsp;<\/p>\n","protected":false},"excerpt":{"rendered":"<p>Resum\u00e9 \u010dl\u00e1nku V\u00fdznam a p\u0159\u00ednos Kongres\u016f OSN o prevenci kriminality a trestn\u00ed justici pplk. Mgr. Barbora Vegrichtov\u00e1, MBA Tento \u010dl\u00e1nek se zab\u00fdv\u00e1 problematikou prevence a kongresy OSN o prevenci kriminality a trestn\u00ed justici. Text popisuje historii po\u0159\u00e1d\u00e1n\u00ed kongres\u016f OSN, p\u0159i\u010dem\u017e se bl\u00ed\u017ee zab\u00fdv\u00e1 hlavn\u00edmi prioritami a st\u011b\u017eejn\u00edmi t\u00e9maty kongres\u016f a vysv\u011btluje v\u00fdznam t\u00e9to \u010dinnosti. Na [&hellip;]<\/p>\n","protected":false},"author":2,"featured_media":0,"parent":0,"menu_order":4,"comment_status":"closed","ping_status":"closed","template":"","meta":{"footnotes":""},"class_list":["post-1113","page","type-page","status-publish","hentry"],"_links":{"self":[{"href":"https:\/\/veda.polac.cz\/index.php?rest_route=\/wp\/v2\/pages\/1113","targetHints":{"allow":["GET"]}}],"collection":[{"href":"https:\/\/veda.polac.cz\/index.php?rest_route=\/wp\/v2\/pages"}],"about":[{"href":"https:\/\/veda.polac.cz\/index.php?rest_route=\/wp\/v2\/types\/page"}],"author":[{"embeddable":true,"href":"https:\/\/veda.polac.cz\/index.php?rest_route=\/wp\/v2\/users\/2"}],"replies":[{"embeddable":true,"href":"https:\/\/veda.polac.cz\/index.php?rest_route=%2Fwp%2Fv2%2Fcomments&post=1113"}],"version-history":[{"count":2,"href":"https:\/\/veda.polac.cz\/index.php?rest_route=\/wp\/v2\/pages\/1113\/revisions"}],"predecessor-version":[{"id":1138,"href":"https:\/\/veda.polac.cz\/index.php?rest_route=\/wp\/v2\/pages\/1113\/revisions\/1138"}],"wp:attachment":[{"href":"https:\/\/veda.polac.cz\/index.php?rest_route=%2Fwp%2Fv2%2Fmedia&parent=1113"}],"curies":[{"name":"wp","href":"https:\/\/api.w.org\/{rel}","templated":true}]}}