{"id":1095,"date":"2018-09-14T00:08:17","date_gmt":"2018-09-14T00:08:17","guid":{"rendered":"http:\/\/veda.polac.cz\/?page_id=1095"},"modified":"2018-11-02T20:40:17","modified_gmt":"2018-11-02T20:40:17","slug":"1-2-3","status":"publish","type":"page","link":"https:\/\/veda.polac.cz\/?page_id=1095","title":{"rendered":""},"content":{"rendered":"<p style=\"text-align: center;\">Resum\u00e9 \u010dl\u00e1nku<\/p>\n<p align=\"justify\"><strong>Dal\u0161\u00ed rozvoj celo\u017eivotn\u00edho vzd\u011bl\u00e1v\u00e1n\u00ed policist\u016f na Policejn\u00ed akademii \u010cesk\u00e9 republiky v Praze<\/strong><br \/>\n<em>Bc. Dr. J\u00e1n \u0160ug\u00e1r, CSc.<\/em><\/p>\n<p>\u010cl\u00e1nek popisuje metodiku prov\u00e1d\u011bn\u00ed celo\u017eivotn\u00edho vzd\u011bl\u00e1v\u00e1n\u00ed na Policejn\u00ed akademii \u010cR v Praze, v\u010detn\u011b kvantitativn\u00edch a kvalitativn\u00edch statistick\u00fdch ukazatel\u016f. Z t\u011bchto ukazatel\u016f je z\u0159ejm\u00e9, \u017ee celo\u017eivotn\u00ed vzd\u011bl\u00e1v\u00e1n\u00ed m\u00e1 na Policejn\u00ed akademii dlouholetou tradici a poskytuje ro\u010dn\u011b 1000 &#8211; 2000 z\u00e1jemc\u016fm, zejm\u00e9na z \u0159ad policie, na jedn\u00e9 stran\u011b dopl\u0148ov\u00e1n\u00ed znalost\u00ed a na stran\u011b druh\u00e9 z\u00edsk\u00e1v\u00e1n\u00ed nov\u00fdch. Od akademick\u00e9ho roku 2012\/2013 dojde k prohlouben\u00ed spojen\u00ed vzd\u011bl\u00e1vac\u00edch aktivit celo\u017eivotn\u00edho vzd\u011bl\u00e1v\u00e1n\u00ed s pot\u0159ebami praxe, co\u017e povede k jeho vy\u0161\u0161\u00ed efektivit\u011b ne\u017e dosud.<br \/>\n<strong>Kl\u00ed\u010dov\u00e1 slova:\u00a0<\/strong>celo\u017eivotn\u00ed vzd\u011bl\u00e1v\u00e1n\u00ed, policejn\u00ed povol\u00e1n\u00ed, odborn\u00fd kurz.<\/p>\n<p align=\"justify\"><a href=\"https:\/\/veda.polac.cz\/?page_id=1093\">03\/2012<\/a><\/p>\n<p>&nbsp;<\/p>\n","protected":false},"excerpt":{"rendered":"<p>Resum\u00e9 \u010dl\u00e1nku Dal\u0161\u00ed rozvoj celo\u017eivotn\u00edho vzd\u011bl\u00e1v\u00e1n\u00ed policist\u016f na Policejn\u00ed akademii \u010cesk\u00e9 republiky v Praze Bc. Dr. J\u00e1n \u0160ug\u00e1r, CSc. \u010cl\u00e1nek popisuje metodiku prov\u00e1d\u011bn\u00ed celo\u017eivotn\u00edho vzd\u011bl\u00e1v\u00e1n\u00ed na Policejn\u00ed akademii \u010cR v Praze, v\u010detn\u011b kvantitativn\u00edch a kvalitativn\u00edch statistick\u00fdch ukazatel\u016f. Z t\u011bchto ukazatel\u016f je z\u0159ejm\u00e9, \u017ee celo\u017eivotn\u00ed vzd\u011bl\u00e1v\u00e1n\u00ed m\u00e1 na Policejn\u00ed akademii dlouholetou tradici a poskytuje ro\u010dn\u011b 1000 [&hellip;]<\/p>\n","protected":false},"author":2,"featured_media":0,"parent":1093,"menu_order":1,"comment_status":"closed","ping_status":"closed","template":"","meta":{"footnotes":""},"class_list":["post-1095","page","type-page","status-publish","hentry"],"_links":{"self":[{"href":"https:\/\/veda.polac.cz\/index.php?rest_route=\/wp\/v2\/pages\/1095","targetHints":{"allow":["GET"]}}],"collection":[{"href":"https:\/\/veda.polac.cz\/index.php?rest_route=\/wp\/v2\/pages"}],"about":[{"href":"https:\/\/veda.polac.cz\/index.php?rest_route=\/wp\/v2\/types\/page"}],"author":[{"embeddable":true,"href":"https:\/\/veda.polac.cz\/index.php?rest_route=\/wp\/v2\/users\/2"}],"replies":[{"embeddable":true,"href":"https:\/\/veda.polac.cz\/index.php?rest_route=%2Fwp%2Fv2%2Fcomments&post=1095"}],"version-history":[{"count":3,"href":"https:\/\/veda.polac.cz\/index.php?rest_route=\/wp\/v2\/pages\/1095\/revisions"}],"predecessor-version":[{"id":2138,"href":"https:\/\/veda.polac.cz\/index.php?rest_route=\/wp\/v2\/pages\/1095\/revisions\/2138"}],"up":[{"embeddable":true,"href":"https:\/\/veda.polac.cz\/index.php?rest_route=\/wp\/v2\/pages\/1093"}],"wp:attachment":[{"href":"https:\/\/veda.polac.cz\/index.php?rest_route=%2Fwp%2Fv2%2Fmedia&parent=1095"}],"curies":[{"name":"wp","href":"https:\/\/api.w.org\/{rel}","templated":true}]}}