{"id":1063,"date":"2018-09-13T23:46:35","date_gmt":"2018-09-13T23:46:35","guid":{"rendered":"http:\/\/veda.polac.cz\/?page_id=1063"},"modified":"2019-04-18T10:44:56","modified_gmt":"2019-04-18T10:44:56","slug":"04-2012","status":"publish","type":"page","link":"https:\/\/veda.polac.cz\/?page_id=1063","title":{"rendered":"04\/2012"},"content":{"rendered":"<p><a href=\"https:\/\/veda.polac.cz\/?page_id=1064\"><strong>Komparace \u0159e\u0161en\u00ed problematiky shroma\u017e\u010fov\u00e1n\u00ed v pr\u00e1vn\u00edch p\u0159edpisech \u010cesk\u00e9 republiky a Slovenska\u00a0<\/strong><\/a><br \/>\nMgr. Lenka Burdov\u00e1<\/p>\n<hr \/>\n<p><a href=\"https:\/\/veda.polac.cz\/?page_id=1069\"><strong>Funkce konzul\u00e1rn\u00edch \u00fa\u0159ad\u016f p\u0159i ochran\u011b pr\u00e1v a z\u00e1jm\u016f ob\u010dan\u016f a st\u00e1tu <\/strong><\/a><br \/>\nJUDr. V\u00e1clav Mastn\u00fd<\/p>\n<hr \/>\n<p><a href=\"https:\/\/veda.polac.cz\/?page_id=1071\"><strong>Obavy \u010desk\u00e9 ve\u0159ejnosti ze sexu\u00e1ln\u011b motivovan\u00e9 kriminality <\/strong><\/a><br \/>\nJUDr. Petr Zeman, Ph.D.<\/p>\n<hr \/>\n<p><a href=\"https:\/\/veda.polac.cz\/?page_id=1073\"><strong>Sou\u010dasn\u00e9 trendy projev\u016f pravicov\u00e9ho extremismu na internetu <\/strong><\/a><br \/>\ndoc. JUDr. Miroslav N\u011aMEC, Ph.D, kpt. Mgr. Luk\u00e1\u0161 Vil\u00edm<\/p>\n<hr \/>\n<p><a href=\"https:\/\/veda.polac.cz\/?page_id=1075\"><strong>Neod\u016fvodn\u011bn\u00e9 pr\u016ftahy v trestn\u00edm \u0159\u00edzen\u00ed jako d\u016fsledek nekvalitn\u00ed organizace pr\u00e1ce policejn\u00edho org\u00e1nu\u00a0<\/strong><\/a><br \/>\nvrchn\u00ed komisa\u0159 kpt. Mgr. Zden\u011bk Krej\u010d\u00ed, Ph.D. et Ph.D, plk. JUDr. Franti\u0161ek Klimus<\/p>\n<hr \/>\n<p><a href=\"https:\/\/veda.polac.cz\/?page_id=1077\"><strong>Soukrom\u00e9 bezpe\u010dnostn\u00ed slu\u017eby v Pobalt\u00ed: Modely fungov\u00e1n\u00ed ve t\u0159ech mal\u00fdch st\u00e1tech Evropy (\u010d\u00e1st II)<\/strong><\/a><br \/>\nMgr. Old\u0159ich Krul\u00edk, Ph.D.<\/p>\n<hr \/>\n<p><a href=\"https:\/\/veda.polac.cz\/?page_id=1079\"><strong>Informa\u010dn\u00ed bezpe\u010dnost jako nezbytn\u00e1 sou\u010d\u00e1st pr\u00e1ce bodyguarda <\/strong><\/a><br \/>\nIng. Dora Lapkov\u00e1, doc. Mgr. Milan Ad\u00e1mek, Ph.D., doc. Mgr. Roman Ja\u0161ek, Ph.D.<\/p>\n<hr \/>\n<p><a href=\"https:\/\/veda.polac.cz\/?page_id=1081\"><strong>P\u0159edb\u011b\u017en\u00e9 hodnocen\u00ed cestuj\u00edc\u00edch za \u00fa\u010delem zv\u00fd\u0161en\u00ed bezpe\u010dnosti civiln\u00edho letectv\u00ed\u00a0<\/strong><\/a><br \/>\nBc. Ing. Daniel Mar\u0161\u00e1lek, Bc. Ondrej Palat\u00e1\u0161, doc. Mgr. Ing. Radom\u00edr \u0160\u010durek, Ph.D.<\/p>\n<hr \/>\n<p><a href=\"https:\/\/veda.polac.cz\/?page_id=1083\"><strong>Meranie akustick\u00e9ho v\u00fdkonu v\u00fdstra\u017en\u00fdch zariaden\u00ed a ich kompar\u00e1cia s vlastnos\u0165ami ud\u00e1van\u00fdmi v\u00fdrobcami\u00a0<\/strong><\/a><br \/>\nIng. Andrej Ve\u013eas, PhD., Ing. \u0160tefan Miho<\/p>\n<hr \/>\n<p><a href=\"https:\/\/veda.polac.cz\/?page_id=1085\"><strong>Metody zabezpe\u010den\u00ed medic\u00ednsk\u00fdch obrazov\u00fdch informac\u00ed vyu\u017e\u00edvaj\u00edc\u00ed princip\u016f digit\u00e1ln\u00edho vodozna\u010den\u00ed\u00a0<\/strong><\/a><br \/>\nIng. Ale\u0161 Ro\u010dek<\/p>\n<hr \/>\n<p><a href=\"https:\/\/veda.polac.cz\/?page_id=1087\"><strong>Speci\u00e1ln\u00ed chemick\u00e9 l\u00e1tky <\/strong><\/a><br \/>\npplk. Mgr. Tom\u00e1\u0161 Novotn\u00fd<\/p>\n<hr \/>\n<p><a href=\"https:\/\/veda.polac.cz\/?page_id=1089\"><strong>Kontrola v\u00fdvozu zem\u011bd\u011blsk\u00fdch produkt\u016f v \u010cesk\u00e9 republice <\/strong><\/a><br \/>\nIng. Radek Vanka<\/p>\n<hr \/>\n<p><strong>Recenze publikace &#8222;Krajn\u00ed pravice a krajn\u00ed levice v \u010cR&#8220; <\/strong><br \/>\nMgr. Michal Ku\u010dera<\/p>\n<hr \/>\n<p><strong>Informace o pr\u016fb\u011bhu t\u0159et\u00ed virtu\u00e1ln\u00ed v\u011bdeck\u00e9 konference s mezin\u00e1rodn\u00ed \u00fa\u010dast\u00ed &#8222;Scientific Reflection of Security Science&#8220;\u00a0<\/strong><br \/>\nMgr. Anton\u00edn Slab\u00fd, Ph.D.<\/p>\n<hr \/>\n<p><a href=\"https:\/\/veda.polac.cz\/?page_id=235\">Zp\u011bt<\/a><\/p>\n","protected":false},"excerpt":{"rendered":"<p>Komparace \u0159e\u0161en\u00ed problematiky shroma\u017e\u010fov\u00e1n\u00ed v pr\u00e1vn\u00edch p\u0159edpisech \u010cesk\u00e9 republiky a Slovenska\u00a0 Mgr. Lenka Burdov\u00e1 Funkce konzul\u00e1rn\u00edch \u00fa\u0159ad\u016f p\u0159i ochran\u011b pr\u00e1v a z\u00e1jm\u016f ob\u010dan\u016f a st\u00e1tu JUDr. V\u00e1clav Mastn\u00fd Obavy \u010desk\u00e9 ve\u0159ejnosti ze sexu\u00e1ln\u011b motivovan\u00e9 kriminality JUDr. Petr Zeman, Ph.D. Sou\u010dasn\u00e9 trendy projev\u016f pravicov\u00e9ho extremismu na internetu doc. JUDr. Miroslav N\u011aMEC, Ph.D, kpt. Mgr. Luk\u00e1\u0161 Vil\u00edm [&hellip;]<\/p>\n","protected":false},"author":2,"featured_media":0,"parent":235,"menu_order":18,"comment_status":"closed","ping_status":"closed","template":"","meta":{"footnotes":""},"class_list":["post-1063","page","type-page","status-publish","hentry"],"_links":{"self":[{"href":"https:\/\/veda.polac.cz\/index.php?rest_route=\/wp\/v2\/pages\/1063","targetHints":{"allow":["GET"]}}],"collection":[{"href":"https:\/\/veda.polac.cz\/index.php?rest_route=\/wp\/v2\/pages"}],"about":[{"href":"https:\/\/veda.polac.cz\/index.php?rest_route=\/wp\/v2\/types\/page"}],"author":[{"embeddable":true,"href":"https:\/\/veda.polac.cz\/index.php?rest_route=\/wp\/v2\/users\/2"}],"replies":[{"embeddable":true,"href":"https:\/\/veda.polac.cz\/index.php?rest_route=%2Fwp%2Fv2%2Fcomments&post=1063"}],"version-history":[{"count":3,"href":"https:\/\/veda.polac.cz\/index.php?rest_route=\/wp\/v2\/pages\/1063\/revisions"}],"predecessor-version":[{"id":2629,"href":"https:\/\/veda.polac.cz\/index.php?rest_route=\/wp\/v2\/pages\/1063\/revisions\/2629"}],"up":[{"embeddable":true,"href":"https:\/\/veda.polac.cz\/index.php?rest_route=\/wp\/v2\/pages\/235"}],"wp:attachment":[{"href":"https:\/\/veda.polac.cz\/index.php?rest_route=%2Fwp%2Fv2%2Fmedia&parent=1063"}],"curies":[{"name":"wp","href":"https:\/\/api.w.org\/{rel}","templated":true}]}}