{"id":1053,"date":"2018-09-13T23:25:34","date_gmt":"2018-09-13T23:25:34","guid":{"rendered":"http:\/\/veda.polac.cz\/?page_id=1053"},"modified":"2019-04-18T10:45:30","modified_gmt":"2019-04-18T10:45:30","slug":"zvlastni-cislo-2013","status":"publish","type":"page","link":"https:\/\/veda.polac.cz\/?page_id=1053","title":{"rendered":"Zvl\u00e1\u0161tn\u00ed \u010d\u00edslo 2013"},"content":{"rendered":"<p><em><strong>1. d\u00edl<\/strong><\/em><br \/>\nP\u0159edmluva<\/p>\n<p><strong>Integrovan\u00fd \u00fakol 1<br \/>\nKriminalistika a forenzn\u00ed v\u011bdy<\/strong><br \/>\nodpov\u011bdn\u00fd \u0159e\u0161itel: doc. JUDr. Ivana Zoubkov\u00e1, CSc.<\/p>\n<p><strong>Selektivita detek\u010dn\u00edch prost\u0159edk\u016f ur\u010den\u00fdch pro detekci etylalkoholu ve vydechovan\u00e9m vzduchu \u010dlov\u011bka<\/strong><br \/>\ndoc. Ing. Jaroslav Such\u00e1nek, CSc.<\/p>\n<p><strong>Pr\u016fb\u011bhy viktimizace<\/strong><br \/>\ndoc. PhDr. Ludmila \u010c\u00edrtkov\u00e1, CSc.<\/p>\n<p><strong>P\u0159ijet\u00ed trestu a hodnoty osob ve v\u00fdkonu trestu odn\u011bt\u00ed svobody<\/strong><br \/>\nPhDr. Marcela Moulisov\u00e1, Ph.D.<\/p>\n<p><strong>V\u00fdzkum pachatel\u016f trestn\u00e9ho \u010dinu zanedb\u00e1v\u00e1n\u00ed povinn\u00e9 v\u00fd\u017eivy<\/strong><br \/>\ndoc. JUDr. Ivana Zoubkov\u00e1, CSc.<\/p>\n<p><strong>Klasick\u00e9 metody detekce stopov\u00fdch \u010d\u00e1stic v\u00fdbu\u0161nin p\u0159i bezpe\u010dnostn\u00edch prohl\u00eddk\u00e1ch<\/strong><br \/>\nplk. doc. RNDr. Jaroslav Ture\u010dek, Ph.D.<\/p>\n<hr \/>\n<p><strong>Integrovan\u00fd \u00fakol 3<\/strong><\/p>\n<p><strong>Anal\u00fdza a predikce vybran\u00e9 aktu\u00e1ln\u00ed policejn\u011b bezpe\u010dnostn\u00ed problematiky<\/strong><br \/>\nodpov\u011bdn\u00e1 \u0159e\u0161itelka: doc. JUDr. Ivana Zoubkov\u00e1, CSc.<\/p>\n<p><strong>M\u00e9n\u011b smrt\u00edc\u00ed munice a n\u00e1boje<\/strong><br \/>\npplk. Mgr. Tom\u00e1\u0161 Novotn\u00fd<\/p>\n<p><strong>Prostorov\u00e1 digitalizace m\u00edsta \u010dinu jako nov\u00e1 metoda dokumentace ohled\u00e1n\u00ed<\/strong><br \/>\nMgr. Zden\u011bk Marek<\/p>\n<p><strong>Rizikov\u00e9 faktory kriminality ml\u00e1de\u017ee &#8211; anal\u00fdza \u010detnosti jejich v\u00fdskytu<\/strong><br \/>\npplk. PhDr. JUDr. Jana Firstov\u00e1, Dr. Zden\u011bk Kova\u0159\u00edk, CSc.<\/p>\n<p><strong>Zkou\u0161ka spolehlivosti jako prost\u0159edek prevence protipr\u00e1vn\u00edho jedn\u00e1n\u00ed<\/strong><br \/>\npplk. JUDr. Josef Hrudka<\/p>\n<p><strong>(Odli\u0161n\u00e9) role zpravodajsk\u00fdch slu\u017eeb a policie ve vztahu ke zkoum\u00e1n\u00ed a odhalov\u00e1n\u00ed specifick\u00fdch oblast\u00ed trestn\u00e9 \u010dinnosti<\/strong><br \/>\nJUDr. Ladislav Pokorn\u00fd, Ph.D.<\/p>\n<p><strong>Metodika odha\u013eovania a vy\u0161etrovania trestnej \u010dinnosti s extr\u00e9mistick\u00fdm podtextom<\/strong><br \/>\nprof. JUDr. Mgr. Jana Viktoryov\u00e1, PhD., JUDr. Jaroslav Blatnick\u00fd, PhD.,<\/p>\n<p><strong>Propaga\u010dn\u00ed metody extremistick\u00e9 sc\u00e9ny v \u010cesk\u00e9 republice a sou\u010dasn\u00e9 trendy<\/strong><br \/>\npplk. Mgr. Barbora Vegrichtov\u00e1, MBA<\/p>\n<p><strong>Pou\u017eit\u00ed nelet\u00e1ln\u011b p\u016fsob\u00edc\u00edch zbran\u00ed v policejn\u00ed praxi<\/strong><br \/>\npplk. Ing. Ale\u0161 Blahut, kpt. Mgr. Miroslav Rou\u010d<\/p>\n<p><strong>Trestn\u00e9 \u010diny v doprav\u011b na pozemn\u00edch komunikac\u00edch<\/strong><br \/>\nJUDr. Miroslav Polcar, Ph.D.<\/p>\n<hr \/>\n<p><em><strong>2. d\u00edl<\/strong><\/em><br \/>\nP\u0159edmluva<\/p>\n<p><strong>Integrovan\u00fd \u00fakol \u010d. 2<\/strong><br \/>\n<strong>Bezpe\u010dnostn\u00ed management a krizov\u00e9 \u0159\u00edzen\u00ed<\/strong><br \/>\nodpov\u011bdn\u00fd \u0159e\u0161itel: prof. Ing. Bed\u0159ich \u0160est\u00e1k, DrSc.<\/p>\n<p><strong>Mo\u017enosti vyu\u017eit\u00ed n\u00e1stroje modelov\u00e1n\u00ed v r\u00e1mci bezpe\u010dnostn\u00edho syst\u00e9mu \u010cesk\u00e9 republiky<\/strong><br \/>\nJUDr. Vladim\u00edr Sou\u010dek, Mgr. Old\u0159ich Krul\u00edk, Ph.D., prof. Ing. Bed\u0159ich \u0160est\u00e1k, DrSc.<\/p>\n<p><strong>Komunikace s ve\u0159ejnost\u00ed v mimo\u0159\u00e1dn\u00fdch situac\u00edch s d\u016frazem na sociogenn\u00ed mimo\u0159\u00e1dn\u00e9 ud\u00e1losti: Region\u00e1ln\u00ed informa\u010dn\u00ed zdroje o doporu\u010den\u00e9m chov\u00e1n\u00ed b\u011bhem situac\u00ed, kdy doch\u00e1z\u00ed k rozs\u00e1hl\u00e9mu naru\u0161ov\u00e1n\u00ed ve\u0159ejn\u00e9ho po\u0159\u00e1dku a bezpe\u010dnosti<\/strong><br \/>\nMgr. Old\u0159ich Krul\u00edk, Ph.D.<\/p>\n<p><strong>Ropn\u00e1 bezpe\u010dnost a vzd\u011bl\u00e1v\u00e1n\u00ed z pohledu krajsk\u00fdch \u00fa\u0159ad\u016f<\/strong><br \/>\nMgr. Luk\u00e1\u0161 Harazin, Mgr. Old\u0159ich Lu\u017ea<\/p>\n<p><strong>Vz\u00e1jemn\u00e9 souvislosti mezi v\u00fdskytem hrozeb a jejich vn\u00edm\u00e1n\u00edm v podob\u011b negativn\u00edch soci\u00e1ln\u00edch jev\u016f<\/strong><br \/>\nDr. Bc. J\u00e1n \u0160ug\u00e1r, CSc., Mgr. Lenka Jakubcov\u00e1<\/p>\n<p><strong>K n\u011bkter\u00fdm probl\u00e9m\u016fm m\u00edrov\u00fdch operac\u00ed postmodern\u00ed doby<\/strong><br \/>\nJUDr. Pavel Li\u0161ka<\/p>\n<p><strong>Politick\u00fd extremismus a s\u00e9mantick\u00fd diferenci\u00e1l<\/strong><br \/>\nDr. Zden\u011bk Kova\u0159\u00edk, CSc.<\/p>\n<hr \/>\n<p><strong>Integrovan\u00fd \u00fakol 4<\/strong><\/p>\n<p><strong>Anal\u00fdza a predikce vybran\u00e9 aktu\u00e1ln\u00ed policejn\u011b bezpe\u010dnostn\u00ed problematiky<\/strong><br \/>\nodpov\u011bdn\u00fd \u0159e\u0161itel: Mgr. Old\u0159ich Krul\u00edk, Ph.D.<\/p>\n<p><strong>Antiextremistick\u00fd konsensus v teorii a praxi demokratick\u00e9ho st\u00e1tu<\/strong><br \/>\ndoc. Dr. Ing. \u0160tefan Danics, Ph.D.<\/p>\n<p><strong>Krajn\u011b pravicov\u00e9 extremistick\u00e9\/populistick\u00e9 politick\u00e9 strany ve vybran\u00fdch st\u00e1tech Evropsk\u00e9 unie<\/strong><br \/>\nPhDr. Ladislava Tejchmanov\u00e1, Ph.D., doc. Ing. Dr. \u0160tefan Danics, Ph.D.<\/p>\n<p><strong>Interpretovan\u00e9 v\u00fdstupy z proveden\u00fdch v\u00fdzkum\u016f k procesu hodnocen\u00ed p\u0159\u00edslu\u0161n\u00edk\u016f Policie \u010cR<\/strong><br \/>\nBc. Ing. Marek \u010cand\u00edk, PhD., PhDr. Petr Jedin\u00e1k, Ph.D., Dr. Zden\u011bk Kova\u0159\u00edk, CSc.<\/p>\n<p><strong>Vybran\u00e9 aspekty trend\u016f kybernetick\u00e9 kriminality<\/strong><br \/>\ndoc. RNDr. Josef Po\u017e\u00e1r, CSc., Mgr. Old\u0159ich Krul\u00edk, Ph.D.<\/p>\n<p><strong>Pr\u00e1vn\u00ed odpov\u011bdnost za n\u011bkter\u00e9 sm\u00ed\u0161en\u00e9 spr\u00e1vn\u00ed delikty podle z\u00e1kona o televizn\u00edm a rozhlasov\u00e9m vys\u00edl\u00e1n\u00ed<\/strong><br \/>\ndoc. JUDr. Eva Horzinkov\u00e1, Ph.D.<\/p>\n<p><strong>Obecn\u00e1 v\u00fdchodiska spr\u00e1vn\u00edho trest\u00e1n\u00ed ve vztahu k p\u0159estupk\u016fm<\/strong><br \/>\ndoc. JUDr. Eva Horzinkov\u00e1, Ph.D.<\/p>\n<p><strong>Nad koncepc\u00ed reformy spr\u00e1vn\u00edho trest\u00e1n\u00ed<\/strong><br \/>\nJUDr. Zden\u011bk Fiala, Ph.D.<\/p>\n<p><strong>Internetov\u00e1 podpora vzd\u011bl\u00e1v\u00e1n\u00ed na Policejn\u00ed akademii \u010cR v Praze<\/strong><br \/>\nJUDr. \u0160t\u011bp\u00e1n Kalam\u00e1r, Ph.D., Ing. Bc. Marek \u010cand\u00edk, PhD.<\/p>\n<p><strong>D\u011btsk\u00e1 kybernetick\u00e1 kriminalita<\/strong><br \/>\nMgr. Luk\u00e1\u0161 Habich, JUDr. \u0160t\u011bp\u00e1n Kalam\u00e1r, Ph.D.<\/p>\n<hr \/>\n<p><a href=\"https:\/\/veda.polac.cz\/?page_id=1054\">Resum\u00e9 speci\u00e1ln\u00edho \u010d\u00edsla<\/a><\/p>\n<p><a href=\"https:\/\/veda.polac.cz\/?page_id=235\">Zp\u011bt<\/a><\/p>\n","protected":false},"excerpt":{"rendered":"<p>1. d\u00edl P\u0159edmluva Integrovan\u00fd \u00fakol 1 Kriminalistika a forenzn\u00ed v\u011bdy odpov\u011bdn\u00fd \u0159e\u0161itel: doc. JUDr. Ivana Zoubkov\u00e1, CSc. Selektivita detek\u010dn\u00edch prost\u0159edk\u016f ur\u010den\u00fdch pro detekci etylalkoholu ve vydechovan\u00e9m vzduchu \u010dlov\u011bka doc. Ing. Jaroslav Such\u00e1nek, CSc. Pr\u016fb\u011bhy viktimizace doc. PhDr. Ludmila \u010c\u00edrtkov\u00e1, CSc. P\u0159ijet\u00ed trestu a hodnoty osob ve v\u00fdkonu trestu odn\u011bt\u00ed svobody PhDr. Marcela Moulisov\u00e1, Ph.D. V\u00fdzkum [&hellip;]<\/p>\n","protected":false},"author":2,"featured_media":0,"parent":235,"menu_order":17,"comment_status":"closed","ping_status":"closed","template":"","meta":{"footnotes":""},"class_list":["post-1053","page","type-page","status-publish","hentry"],"_links":{"self":[{"href":"https:\/\/veda.polac.cz\/index.php?rest_route=\/wp\/v2\/pages\/1053","targetHints":{"allow":["GET"]}}],"collection":[{"href":"https:\/\/veda.polac.cz\/index.php?rest_route=\/wp\/v2\/pages"}],"about":[{"href":"https:\/\/veda.polac.cz\/index.php?rest_route=\/wp\/v2\/types\/page"}],"author":[{"embeddable":true,"href":"https:\/\/veda.polac.cz\/index.php?rest_route=\/wp\/v2\/users\/2"}],"replies":[{"embeddable":true,"href":"https:\/\/veda.polac.cz\/index.php?rest_route=%2Fwp%2Fv2%2Fcomments&post=1053"}],"version-history":[{"count":3,"href":"https:\/\/veda.polac.cz\/index.php?rest_route=\/wp\/v2\/pages\/1053\/revisions"}],"predecessor-version":[{"id":2631,"href":"https:\/\/veda.polac.cz\/index.php?rest_route=\/wp\/v2\/pages\/1053\/revisions\/2631"}],"up":[{"embeddable":true,"href":"https:\/\/veda.polac.cz\/index.php?rest_route=\/wp\/v2\/pages\/235"}],"wp:attachment":[{"href":"https:\/\/veda.polac.cz\/index.php?rest_route=%2Fwp%2Fv2%2Fmedia&parent=1053"}],"curies":[{"name":"wp","href":"https:\/\/api.w.org\/{rel}","templated":true}]}}