{"id":1036,"date":"2018-09-13T22:55:40","date_gmt":"2018-09-13T22:55:40","guid":{"rendered":"http:\/\/veda.polac.cz\/?page_id=1036"},"modified":"2018-10-27T18:56:26","modified_gmt":"2018-10-27T18:56:26","slug":"13-2","status":"publish","type":"page","link":"https:\/\/veda.polac.cz\/?page_id=1036","title":{"rendered":""},"content":{"rendered":"<p style=\"text-align: center;\">Resum\u00e9 \u010dl\u00e1nku<\/p>\n<p><strong>Brainstorming<br \/>\n<\/strong><i>PhDr. Josef Smol\u00edk, Ph.D., Mgr. et Mgr. Petra Papie\u017eov\u00e1-Vejvodov\u00e1<\/p>\n<p><\/i>\u010cl\u00e1nek se sna\u017e\u00ed p\u0159edstavit jednu z nejzn\u00e1m\u011bj\u0161\u00edch metod (technik), kter\u00e1 se u\u017e\u00edv\u00e1 jak pro \u0159e\u0161en\u00ed probl\u00e9m\u016f, tak i pro kr\u00e1tkodob\u011bj\u0161\u00ed predikce. Text se v\u011bnuje teoretick\u00e9 deskripci metody brainstorming, v\u010detn\u011b uveden\u00ed v\u00fdhod i limit\u016f metody. P\u0159esto\u017ee je metoda vyu\u017e\u00edv\u00e1na p\u0159edev\u0161\u00edm pro kreativn\u00ed rozhodov\u00e1n\u00ed, je mo\u017en\u00e9 ji vyu\u017e\u00edt i v bezpe\u010dnostn\u00edch studi\u00edch. Metoda brainstorming je organiza\u010dn\u011b rozd\u011blena do t\u0159\u00ed f\u00e1z\u00ed: 1) p\u0159\u00edpravn\u00e1 f\u00e1ze, 2) vlastn\u00ed nasazen\u00ed, 3) hodnocen\u00ed a implementace v\u00fdsledk\u016f.<br \/>\nKl\u00ed\u010dov\u00e1 slova: Brainstorming, predikce, prognostika, skupinov\u00e1 metoda, kreativita.<\/p>\n<p><a href=\"https:\/\/veda.polac.cz\/?page_id=1009\">01\/2013<\/a><\/p>\n","protected":false},"excerpt":{"rendered":"<p>Resum\u00e9 \u010dl\u00e1nku Brainstorming PhDr. Josef Smol\u00edk, Ph.D., Mgr. et Mgr. Petra Papie\u017eov\u00e1-Vejvodov\u00e1 \u010cl\u00e1nek se sna\u017e\u00ed p\u0159edstavit jednu z nejzn\u00e1m\u011bj\u0161\u00edch metod (technik), kter\u00e1 se u\u017e\u00edv\u00e1 jak pro \u0159e\u0161en\u00ed probl\u00e9m\u016f, tak i pro kr\u00e1tkodob\u011bj\u0161\u00ed predikce. Text se v\u011bnuje teoretick\u00e9 deskripci metody brainstorming, v\u010detn\u011b uveden\u00ed v\u00fdhod i limit\u016f metody. P\u0159esto\u017ee je metoda vyu\u017e\u00edv\u00e1na p\u0159edev\u0161\u00edm pro kreativn\u00ed rozhodov\u00e1n\u00ed, je [&hellip;]<\/p>\n","protected":false},"author":2,"featured_media":0,"parent":1009,"menu_order":13,"comment_status":"closed","ping_status":"closed","template":"","meta":{"footnotes":""},"class_list":["post-1036","page","type-page","status-publish","hentry"],"_links":{"self":[{"href":"https:\/\/veda.polac.cz\/index.php?rest_route=\/wp\/v2\/pages\/1036","targetHints":{"allow":["GET"]}}],"collection":[{"href":"https:\/\/veda.polac.cz\/index.php?rest_route=\/wp\/v2\/pages"}],"about":[{"href":"https:\/\/veda.polac.cz\/index.php?rest_route=\/wp\/v2\/types\/page"}],"author":[{"embeddable":true,"href":"https:\/\/veda.polac.cz\/index.php?rest_route=\/wp\/v2\/users\/2"}],"replies":[{"embeddable":true,"href":"https:\/\/veda.polac.cz\/index.php?rest_route=%2Fwp%2Fv2%2Fcomments&post=1036"}],"version-history":[{"count":2,"href":"https:\/\/veda.polac.cz\/index.php?rest_route=\/wp\/v2\/pages\/1036\/revisions"}],"predecessor-version":[{"id":1049,"href":"https:\/\/veda.polac.cz\/index.php?rest_route=\/wp\/v2\/pages\/1036\/revisions\/1049"}],"up":[{"embeddable":true,"href":"https:\/\/veda.polac.cz\/index.php?rest_route=\/wp\/v2\/pages\/1009"}],"wp:attachment":[{"href":"https:\/\/veda.polac.cz\/index.php?rest_route=%2Fwp%2Fv2%2Fmedia&parent=1036"}],"curies":[{"name":"wp","href":"https:\/\/api.w.org\/{rel}","templated":true}]}}