{"id":1034,"date":"2018-09-13T22:54:46","date_gmt":"2018-09-13T22:54:46","guid":{"rendered":"http:\/\/veda.polac.cz\/?page_id=1034"},"modified":"2018-10-27T18:56:26","modified_gmt":"2018-10-27T18:56:26","slug":"12-2","status":"publish","type":"page","link":"https:\/\/veda.polac.cz\/?page_id=1034","title":{"rendered":""},"content":{"rendered":"<p style=\"text-align: center;\">Resum\u00e9 \u010dl\u00e1nku<\/p>\n<p><strong>Znalostn\u00ed management a zpravodajstv\u00ed &#8211; dva koncepty tvorby znalosti?<br \/>\n<\/strong><i>Ing. Bc. Lud\u011bk Mich\u00e1lek<\/p>\n<p><\/i>Studie prov\u00e1d\u00ed porovn\u00e1n\u00ed dvou v\u00fdznamov\u011b bl\u00edzk\u00fdch pojm\u016f z oblasti pr\u00e1ce s informacemi &#8211; znalostn\u00ed management (knowledge management) a zpravodajstv\u00ed (intelligence) z hlediska historie vzniku obou koncept\u016f, jejich obsahu a z\u00e1kladn\u00ed metodologie tvorby kone\u010dn\u00e9 znalosti, respektive zpravodajsk\u00e9 informace. Uv\u00e1d\u00ed a porovn\u00e1v\u00e1 hlavn\u00ed teoretick\u00e9 zdroje a v\u00fdchodiska obou koncept\u016f.<br \/>\nKl\u00ed\u010dov\u00e1 slova: znalostn\u00ed management, zpravodajstv\u00ed, data, informace, zpravodajsk\u00e9 informace, znalost, zpravodajsk\u00fd cyklus.<\/p>\n<p><a href=\"https:\/\/veda.polac.cz\/?page_id=1009\">01\/2013<\/a><\/p>\n","protected":false},"excerpt":{"rendered":"<p>Resum\u00e9 \u010dl\u00e1nku Znalostn\u00ed management a zpravodajstv\u00ed &#8211; dva koncepty tvorby znalosti? Ing. Bc. Lud\u011bk Mich\u00e1lek Studie prov\u00e1d\u00ed porovn\u00e1n\u00ed dvou v\u00fdznamov\u011b bl\u00edzk\u00fdch pojm\u016f z oblasti pr\u00e1ce s informacemi &#8211; znalostn\u00ed management (knowledge management) a zpravodajstv\u00ed (intelligence) z hlediska historie vzniku obou koncept\u016f, jejich obsahu a z\u00e1kladn\u00ed metodologie tvorby kone\u010dn\u00e9 znalosti, respektive zpravodajsk\u00e9 informace. Uv\u00e1d\u00ed a porovn\u00e1v\u00e1 [&hellip;]<\/p>\n","protected":false},"author":2,"featured_media":0,"parent":1009,"menu_order":12,"comment_status":"closed","ping_status":"closed","template":"","meta":{"footnotes":""},"class_list":["post-1034","page","type-page","status-publish","hentry"],"_links":{"self":[{"href":"https:\/\/veda.polac.cz\/index.php?rest_route=\/wp\/v2\/pages\/1034","targetHints":{"allow":["GET"]}}],"collection":[{"href":"https:\/\/veda.polac.cz\/index.php?rest_route=\/wp\/v2\/pages"}],"about":[{"href":"https:\/\/veda.polac.cz\/index.php?rest_route=\/wp\/v2\/types\/page"}],"author":[{"embeddable":true,"href":"https:\/\/veda.polac.cz\/index.php?rest_route=\/wp\/v2\/users\/2"}],"replies":[{"embeddable":true,"href":"https:\/\/veda.polac.cz\/index.php?rest_route=%2Fwp%2Fv2%2Fcomments&post=1034"}],"version-history":[{"count":2,"href":"https:\/\/veda.polac.cz\/index.php?rest_route=\/wp\/v2\/pages\/1034\/revisions"}],"predecessor-version":[{"id":1048,"href":"https:\/\/veda.polac.cz\/index.php?rest_route=\/wp\/v2\/pages\/1034\/revisions\/1048"}],"up":[{"embeddable":true,"href":"https:\/\/veda.polac.cz\/index.php?rest_route=\/wp\/v2\/pages\/1009"}],"wp:attachment":[{"href":"https:\/\/veda.polac.cz\/index.php?rest_route=%2Fwp%2Fv2%2Fmedia&parent=1034"}],"curies":[{"name":"wp","href":"https:\/\/api.w.org\/{rel}","templated":true}]}}