{"id":1030,"date":"2018-09-13T22:52:49","date_gmt":"2018-09-13T22:52:49","guid":{"rendered":"http:\/\/veda.polac.cz\/?page_id=1030"},"modified":"2018-10-27T18:56:26","modified_gmt":"2018-10-27T18:56:26","slug":"10-2","status":"publish","type":"page","link":"https:\/\/veda.polac.cz\/?page_id=1030","title":{"rendered":""},"content":{"rendered":"<p style=\"text-align: center;\">Resum\u00e9 \u010dl\u00e1nku<\/p>\n<p><strong>Mo\u017enosti merania pracovnej spokojnosti pr\u00edslu\u0161n\u00edkov pol\u00edcie: Adapt\u00e1cia Dantzkerovho dotazn\u00edka Job Satisfaction Scale pomocou faktorovej anal\u00fdzy na podmienky slovenskej pol\u00edcie<br \/>\n<\/strong><i>Mgr. Jana Karasov\u00e1<\/p>\n<p><\/i>Pr\u00edspevok sa zameriava na overenie mo\u017enosti pou\u017eitia americkej \u0161k\u00e1ly pracovnej spokojnosti policajtov Job Satisfaction Scale v slovenskej popul\u00e1cii policajtov. Jadrom predkladanej \u0161t\u00fadie je tak overenie psychometrick\u00fdch ukazovate\u013eov dotazn\u00edka Job Satisfaction Scale a kritick\u00e9 zhodnotenie dosiahnut\u00fdch v\u00fdsledkov vzh\u013eadom na \u0161pecifik\u00e1 slovenskej pol\u00edcie. Zisten\u00e9 hodnoty vn\u00fatornej konzistencie slovenskej verzie dotazn\u00edka nazna\u010duj\u00fa dobr\u00fa spo\u013eahlivos\u0165 sk\u00faman\u00e9ho n\u00e1stroja v nami vybranej vzorke. Zrealizovan\u00e1 faktorov\u00e1 anal\u00fdza poukazuje na existenciu troch faktorov, ktor\u00fdch spo\u013eahlivos\u0165 je rovnako dobr\u00e1.<br \/>\nK\u013e\u00fa\u010dov\u00e9 slov\u00e1: pracovn\u00e1 spokojnos\u0165, pol\u00edcia, Job Satisfaction Scale, \u0161k\u00e1la pracovnej spokojnosti, faktorov\u00e1 anal\u00fdza, reliabilita.<\/p>\n<p><a href=\"https:\/\/veda.polac.cz\/?page_id=1009\">01\/2013<\/a><\/p>\n","protected":false},"excerpt":{"rendered":"<p>Resum\u00e9 \u010dl\u00e1nku Mo\u017enosti merania pracovnej spokojnosti pr\u00edslu\u0161n\u00edkov pol\u00edcie: Adapt\u00e1cia Dantzkerovho dotazn\u00edka Job Satisfaction Scale pomocou faktorovej anal\u00fdzy na podmienky slovenskej pol\u00edcie Mgr. Jana Karasov\u00e1 Pr\u00edspevok sa zameriava na overenie mo\u017enosti pou\u017eitia americkej \u0161k\u00e1ly pracovnej spokojnosti policajtov Job Satisfaction Scale v slovenskej popul\u00e1cii policajtov. Jadrom predkladanej \u0161t\u00fadie je tak overenie psychometrick\u00fdch ukazovate\u013eov dotazn\u00edka Job Satisfaction Scale [&hellip;]<\/p>\n","protected":false},"author":2,"featured_media":0,"parent":1009,"menu_order":10,"comment_status":"closed","ping_status":"closed","template":"","meta":{"footnotes":""},"class_list":["post-1030","page","type-page","status-publish","hentry"],"_links":{"self":[{"href":"https:\/\/veda.polac.cz\/index.php?rest_route=\/wp\/v2\/pages\/1030","targetHints":{"allow":["GET"]}}],"collection":[{"href":"https:\/\/veda.polac.cz\/index.php?rest_route=\/wp\/v2\/pages"}],"about":[{"href":"https:\/\/veda.polac.cz\/index.php?rest_route=\/wp\/v2\/types\/page"}],"author":[{"embeddable":true,"href":"https:\/\/veda.polac.cz\/index.php?rest_route=\/wp\/v2\/users\/2"}],"replies":[{"embeddable":true,"href":"https:\/\/veda.polac.cz\/index.php?rest_route=%2Fwp%2Fv2%2Fcomments&post=1030"}],"version-history":[{"count":2,"href":"https:\/\/veda.polac.cz\/index.php?rest_route=\/wp\/v2\/pages\/1030\/revisions"}],"predecessor-version":[{"id":1046,"href":"https:\/\/veda.polac.cz\/index.php?rest_route=\/wp\/v2\/pages\/1030\/revisions\/1046"}],"up":[{"embeddable":true,"href":"https:\/\/veda.polac.cz\/index.php?rest_route=\/wp\/v2\/pages\/1009"}],"wp:attachment":[{"href":"https:\/\/veda.polac.cz\/index.php?rest_route=%2Fwp%2Fv2%2Fmedia&parent=1030"}],"curies":[{"name":"wp","href":"https:\/\/api.w.org\/{rel}","templated":true}]}}