{"id":1028,"date":"2018-09-13T22:51:50","date_gmt":"2018-09-13T22:51:50","guid":{"rendered":"http:\/\/veda.polac.cz\/?page_id=1028"},"modified":"2018-10-27T18:56:26","modified_gmt":"2018-10-27T18:56:26","slug":"9-2","status":"publish","type":"page","link":"https:\/\/veda.polac.cz\/?page_id=1028","title":{"rendered":""},"content":{"rendered":"<p style=\"text-align: center;\">Resum\u00e9 \u010dl\u00e1nku<\/p>\n<p><strong>Opot\u0159eben\u00ed pode\u0161ve obuvi v z\u00e1vislosti na \u010dase<\/strong><br \/>\n<i>prof. PhDr. Ji\u0159\u00ed Straus, DrSc., Mgr. Martin Vom\u00e1\u010dka<\/p>\n<p><\/i>Opot\u0159eben\u00ed obuvi v \u010dase \u00fazce souvis\u00ed se zm\u011bnou ji\u017e vytvo\u0159en\u00fdch individu\u00e1ln\u00edch znak\u016f, kter\u00e9 byly odra\u017eeny ve stop\u011b a zaji\u0161t\u011bny na m\u00edst\u011b trestn\u00e9ho \u010dinu. Proto je d\u016fle\u017eit\u00e9 zjistit m\u00edru vlivu pou\u017e\u00edv\u00e1n\u00ed obuvi na vytv\u00e1\u0159en\u00ed tvarov\u00fdch zm\u011bn ji\u017e vznikl\u00fdch individu\u00e1ln\u00edch znak\u016f, na jejich z\u00e1nik nebo vznik zcela nov\u00fdch. C\u00edlem v\u00fdzkumn\u00e9ho \u00fakolu bylo zjistit, po jak dlouh\u00e9 dob\u011b dojde k opot\u0159eben\u00ed obuvi a t\u00edm vzniku, zm\u011bn\u011b nebo z\u00e1niku individu\u00e1ln\u00edch identifika\u010dn\u00edch znak\u016f na pode\u0161vi obuvi. V\u00fdzkum byl proveden na \u0161esti typech pode\u0161v\u00ed. \u00dabytek hmoty pode\u0161ve a vznik individu\u00e1ln\u00edch znak\u016f byl zji\u0161\u0165ov\u00e1n ve vztahu k dob\u011b no\u0161en\u00ed. V\u00fdsledky jsou nutn\u00e9 pro znaleck\u00e9 zkoum\u00e1n\u00ed v oboru trasologie. Prakticky jde o to prok\u00e1zat, jak dlouhou dobu si stopa zalo\u017een\u00e1 ve sb\u00edrce stop uchov\u00e1 svou v\u00fdpov\u011bdn\u00ed hodnotu a mo\u017enosti individu\u00e1ln\u00ed identifikace v\u016f\u010di obuvi, kter\u00e1 stopu vytvo\u0159ila a nebyla doposud zaji\u0161t\u011bna.<br \/>\nKl\u00ed\u010dov\u00e1 slova: trasologie, obuv, identifikace, kriminalistick\u00e1 stopa.<\/p>\n<p><a href=\"https:\/\/veda.polac.cz\/?page_id=1009\">01\/2013<\/a><\/p>\n","protected":false},"excerpt":{"rendered":"<p>Resum\u00e9 \u010dl\u00e1nku Opot\u0159eben\u00ed pode\u0161ve obuvi v z\u00e1vislosti na \u010dase prof. PhDr. Ji\u0159\u00ed Straus, DrSc., Mgr. Martin Vom\u00e1\u010dka Opot\u0159eben\u00ed obuvi v \u010dase \u00fazce souvis\u00ed se zm\u011bnou ji\u017e vytvo\u0159en\u00fdch individu\u00e1ln\u00edch znak\u016f, kter\u00e9 byly odra\u017eeny ve stop\u011b a zaji\u0161t\u011bny na m\u00edst\u011b trestn\u00e9ho \u010dinu. Proto je d\u016fle\u017eit\u00e9 zjistit m\u00edru vlivu pou\u017e\u00edv\u00e1n\u00ed obuvi na vytv\u00e1\u0159en\u00ed tvarov\u00fdch zm\u011bn ji\u017e vznikl\u00fdch individu\u00e1ln\u00edch [&hellip;]<\/p>\n","protected":false},"author":2,"featured_media":0,"parent":1009,"menu_order":9,"comment_status":"closed","ping_status":"closed","template":"","meta":{"footnotes":""},"class_list":["post-1028","page","type-page","status-publish","hentry"],"_links":{"self":[{"href":"https:\/\/veda.polac.cz\/index.php?rest_route=\/wp\/v2\/pages\/1028","targetHints":{"allow":["GET"]}}],"collection":[{"href":"https:\/\/veda.polac.cz\/index.php?rest_route=\/wp\/v2\/pages"}],"about":[{"href":"https:\/\/veda.polac.cz\/index.php?rest_route=\/wp\/v2\/types\/page"}],"author":[{"embeddable":true,"href":"https:\/\/veda.polac.cz\/index.php?rest_route=\/wp\/v2\/users\/2"}],"replies":[{"embeddable":true,"href":"https:\/\/veda.polac.cz\/index.php?rest_route=%2Fwp%2Fv2%2Fcomments&post=1028"}],"version-history":[{"count":2,"href":"https:\/\/veda.polac.cz\/index.php?rest_route=\/wp\/v2\/pages\/1028\/revisions"}],"predecessor-version":[{"id":1045,"href":"https:\/\/veda.polac.cz\/index.php?rest_route=\/wp\/v2\/pages\/1028\/revisions\/1045"}],"up":[{"embeddable":true,"href":"https:\/\/veda.polac.cz\/index.php?rest_route=\/wp\/v2\/pages\/1009"}],"wp:attachment":[{"href":"https:\/\/veda.polac.cz\/index.php?rest_route=%2Fwp%2Fv2%2Fmedia&parent=1028"}],"curies":[{"name":"wp","href":"https:\/\/api.w.org\/{rel}","templated":true}]}}