{"id":1026,"date":"2018-09-13T22:50:36","date_gmt":"2018-09-13T22:50:36","guid":{"rendered":"http:\/\/veda.polac.cz\/?page_id=1026"},"modified":"2018-10-27T18:56:25","modified_gmt":"2018-10-27T18:56:25","slug":"8-2","status":"publish","type":"page","link":"https:\/\/veda.polac.cz\/?page_id=1026","title":{"rendered":""},"content":{"rendered":"<p style=\"text-align: center;\">Resum\u00e9 \u010dl\u00e1nku<\/p>\n<p><strong>N\u00e1chylnost k viktimizaci<br \/>\n<\/strong><i>doc. PhDr. Ludmila \u010c\u00edrtkov\u00e1, CSc.<\/p>\n<p><\/i>\u010cl\u00e1nek se zab\u00fdv\u00e1 okolnostmi a faktory, kter\u00e9 zvy\u0161uj\u00ed pravd\u011bpodobnost viktimizace. Odpov\u00edd\u00e1 na ot\u00e1zku, co z n\u00e1s \u010din\u00ed ob\u011bti trestn\u00fdch \u010din\u016f. Porovn\u00e1v\u00e1 r\u016fzn\u00e9 teorie a v\u00fdzkumy viktimizace. Autorka zd\u016fraz\u0148uje n\u00e1zor, \u017ee rizikov\u00e9 faktory nelze vn\u00edmat jako p\u0159ipisov\u00e1n\u00ed \u010di podsouv\u00e1n\u00ed viny ob\u011btem.<br \/>\nKl\u00ed\u010dov\u00e1 slova: Viktimizace, teorie viktimizace, rizikov\u00e9 faktory, typy ob\u011bt\u00ed, vulnerabilita ob\u011bti.<\/p>\n<p><a href=\"https:\/\/veda.polac.cz\/?page_id=1009\">01\/2013<\/a><\/p>\n","protected":false},"excerpt":{"rendered":"<p>Resum\u00e9 \u010dl\u00e1nku N\u00e1chylnost k viktimizaci doc. PhDr. Ludmila \u010c\u00edrtkov\u00e1, CSc. \u010cl\u00e1nek se zab\u00fdv\u00e1 okolnostmi a faktory, kter\u00e9 zvy\u0161uj\u00ed pravd\u011bpodobnost viktimizace. Odpov\u00edd\u00e1 na ot\u00e1zku, co z n\u00e1s \u010din\u00ed ob\u011bti trestn\u00fdch \u010din\u016f. Porovn\u00e1v\u00e1 r\u016fzn\u00e9 teorie a v\u00fdzkumy viktimizace. Autorka zd\u016fraz\u0148uje n\u00e1zor, \u017ee rizikov\u00e9 faktory nelze vn\u00edmat jako p\u0159ipisov\u00e1n\u00ed \u010di podsouv\u00e1n\u00ed viny ob\u011btem. Kl\u00ed\u010dov\u00e1 slova: Viktimizace, teorie viktimizace, [&hellip;]<\/p>\n","protected":false},"author":2,"featured_media":0,"parent":1009,"menu_order":8,"comment_status":"closed","ping_status":"closed","template":"","meta":{"footnotes":""},"class_list":["post-1026","page","type-page","status-publish","hentry"],"_links":{"self":[{"href":"https:\/\/veda.polac.cz\/index.php?rest_route=\/wp\/v2\/pages\/1026","targetHints":{"allow":["GET"]}}],"collection":[{"href":"https:\/\/veda.polac.cz\/index.php?rest_route=\/wp\/v2\/pages"}],"about":[{"href":"https:\/\/veda.polac.cz\/index.php?rest_route=\/wp\/v2\/types\/page"}],"author":[{"embeddable":true,"href":"https:\/\/veda.polac.cz\/index.php?rest_route=\/wp\/v2\/users\/2"}],"replies":[{"embeddable":true,"href":"https:\/\/veda.polac.cz\/index.php?rest_route=%2Fwp%2Fv2%2Fcomments&post=1026"}],"version-history":[{"count":2,"href":"https:\/\/veda.polac.cz\/index.php?rest_route=\/wp\/v2\/pages\/1026\/revisions"}],"predecessor-version":[{"id":1044,"href":"https:\/\/veda.polac.cz\/index.php?rest_route=\/wp\/v2\/pages\/1026\/revisions\/1044"}],"up":[{"embeddable":true,"href":"https:\/\/veda.polac.cz\/index.php?rest_route=\/wp\/v2\/pages\/1009"}],"wp:attachment":[{"href":"https:\/\/veda.polac.cz\/index.php?rest_route=%2Fwp%2Fv2%2Fmedia&parent=1026"}],"curies":[{"name":"wp","href":"https:\/\/api.w.org\/{rel}","templated":true}]}}