{"id":1024,"date":"2018-09-13T22:49:26","date_gmt":"2018-09-13T22:49:26","guid":{"rendered":"http:\/\/veda.polac.cz\/?page_id=1024"},"modified":"2018-10-27T18:56:25","modified_gmt":"2018-10-27T18:56:25","slug":"7-2","status":"publish","type":"page","link":"https:\/\/veda.polac.cz\/?page_id=1024","title":{"rendered":""},"content":{"rendered":"<p style=\"text-align: center;\">Resum\u00e9 \u010dl\u00e1nku<\/p>\n<p><strong>Ochrana osobnosti v nov\u00e9m ob\u010dansk\u00e9m z\u00e1kon\u00edku<br \/>\n<\/strong><i>prof. JUDr. Vladim\u00edr Plecit\u00fd, CSc.<\/p>\n<p><\/i>Nov\u00fd ob\u010dansk\u00fd z\u00e1kon\u00edk, jeho\u017e \u00fa\u010dinnost je stanovena k 1. lednu 2014, p\u0159inesl novou \u00fapravu ob\u010danskopr\u00e1vn\u00edch vztah\u016f. Jedn\u00e1 se o z\u00e1sadn\u00ed \u00fapravu v kodexu, kter\u00fd by m\u011bl p\u0159edstavovat z\u00e1kladn\u00ed a obecnou regulaci soukrom\u00e9ho pr\u00e1va. S ohledem na jeden z nej\u010dast\u011bji aplikovan\u00fdch z\u00e1kon\u016f pova\u017eujeme za pot\u0159ebn\u00e9 p\u0159ibl\u00ed\u017eit novou \u00fapravu \u0161irok\u00e9 ve\u0159ejnosti. Jednou z oblast\u00ed \u00fapravy ob\u010dansk\u00e9ho z\u00e1kon\u00edku je i ochrana osobnosti, vych\u00e1zej\u00edc\u00ed z teorie p\u0159irozen\u00fdch pr\u00e1v ka\u017ed\u00e9ho \u010dlov\u011bka jako fyzick\u00e9 osoby. Jedn\u00e1 se o \u00fapravu takov\u00fdch pr\u00e1v, kter\u00e1 jsou spjata s osobnost\u00ed ka\u017ed\u00e9ho \u010dlov\u011bka a prov\u00e1zej\u00ed ho od narozen\u00ed a\u017e po smrt. Pr\u00e1v\u011b pro svoji v\u0161eobecnost a univerz\u00e1lnost je vhodn\u00e9 alespo\u0148 stru\u010dn\u011b sezn\u00e1mit \u010dten\u00e1\u0159e s novou \u00fapravou, dot\u00fdkaj\u00edc\u00ed se ka\u017ed\u00e9ho z n\u00e1s.<br \/>\nKl\u00ed\u010dov\u00e1 slova: ochrana osobnosti, ochrana jm\u00e9na, podoby a soukrom\u00ed \u010dlov\u011bka, pr\u00e1vo na du\u0161evn\u00ed a t\u011blesnou integritu, pr\u00e1va \u010dlov\u011bka p\u0159evzat\u00e9ho do zdravotnick\u00e9ho za\u0159\u00edzen\u00ed bez jeho souhlasu, nakl\u00e1d\u00e1n\u00ed s \u010d\u00e1stmi lidsk\u00e9ho t\u011bla, ochrana lidsk\u00e9ho t\u011bla po smrti \u010dlov\u011bka.<\/p>\n<p><a href=\"https:\/\/veda.polac.cz\/?page_id=1009\">01\/2013<\/a><\/p>\n<p>&nbsp;<\/p>\n","protected":false},"excerpt":{"rendered":"<p>Resum\u00e9 \u010dl\u00e1nku Ochrana osobnosti v nov\u00e9m ob\u010dansk\u00e9m z\u00e1kon\u00edku prof. JUDr. Vladim\u00edr Plecit\u00fd, CSc. Nov\u00fd ob\u010dansk\u00fd z\u00e1kon\u00edk, jeho\u017e \u00fa\u010dinnost je stanovena k 1. lednu 2014, p\u0159inesl novou \u00fapravu ob\u010danskopr\u00e1vn\u00edch vztah\u016f. Jedn\u00e1 se o z\u00e1sadn\u00ed \u00fapravu v kodexu, kter\u00fd by m\u011bl p\u0159edstavovat z\u00e1kladn\u00ed a obecnou regulaci soukrom\u00e9ho pr\u00e1va. S ohledem na jeden z nej\u010dast\u011bji aplikovan\u00fdch z\u00e1kon\u016f pova\u017eujeme [&hellip;]<\/p>\n","protected":false},"author":2,"featured_media":0,"parent":1009,"menu_order":7,"comment_status":"closed","ping_status":"closed","template":"","meta":{"footnotes":""},"class_list":["post-1024","page","type-page","status-publish","hentry"],"_links":{"self":[{"href":"https:\/\/veda.polac.cz\/index.php?rest_route=\/wp\/v2\/pages\/1024","targetHints":{"allow":["GET"]}}],"collection":[{"href":"https:\/\/veda.polac.cz\/index.php?rest_route=\/wp\/v2\/pages"}],"about":[{"href":"https:\/\/veda.polac.cz\/index.php?rest_route=\/wp\/v2\/types\/page"}],"author":[{"embeddable":true,"href":"https:\/\/veda.polac.cz\/index.php?rest_route=\/wp\/v2\/users\/2"}],"replies":[{"embeddable":true,"href":"https:\/\/veda.polac.cz\/index.php?rest_route=%2Fwp%2Fv2%2Fcomments&post=1024"}],"version-history":[{"count":2,"href":"https:\/\/veda.polac.cz\/index.php?rest_route=\/wp\/v2\/pages\/1024\/revisions"}],"predecessor-version":[{"id":1043,"href":"https:\/\/veda.polac.cz\/index.php?rest_route=\/wp\/v2\/pages\/1024\/revisions\/1043"}],"up":[{"embeddable":true,"href":"https:\/\/veda.polac.cz\/index.php?rest_route=\/wp\/v2\/pages\/1009"}],"wp:attachment":[{"href":"https:\/\/veda.polac.cz\/index.php?rest_route=%2Fwp%2Fv2%2Fmedia&parent=1024"}],"curies":[{"name":"wp","href":"https:\/\/api.w.org\/{rel}","templated":true}]}}