{"id":1022,"date":"2018-09-13T22:48:02","date_gmt":"2018-09-13T22:48:02","guid":{"rendered":"http:\/\/veda.polac.cz\/?page_id=1022"},"modified":"2018-10-27T18:56:25","modified_gmt":"2018-10-27T18:56:25","slug":"6-2","status":"publish","type":"page","link":"https:\/\/veda.polac.cz\/?page_id=1022","title":{"rendered":""},"content":{"rendered":"<p style=\"text-align: center;\">Resum\u00e9 \u010dl\u00e1nku<\/p>\n<p><strong>Rozhodov\u00e1n\u00ed subjekt\u016f v podm\u00ednk\u00e1ch rizika a nejistoty v p\u0159\u00edpad\u011b da\u0148ov\u00fdch delikt\u016f<br \/>\n<\/strong><i>Mgr. Franti\u0161ek H\u0159eb\u00edk, Ph.D., doc. Ing. PhDr. Karel \u0160r\u00e9dl, CSc.<\/p>\n<p><\/i>Neoklasick\u00e1 ekonomie popisuje chov\u00e1n\u00ed subjekt\u016f v r\u00e1mci kardinalistick\u00fdch a ordinalistick\u00fdch model\u016f, kter\u00e9 p\u0159edpokl\u00e1daj\u00ed metodologick\u00fd individualismus, koncept racionality, rovnov\u00e1hu a dokonalou informovanost subjekt\u016f. Obdobn\u011b se rozhoduje i subjekt v p\u0159\u00edpad\u011b povinn\u00fdch da\u0148ov\u00fdch plateb. Subjekt se tak\u00e9 m\u016f\u017ee rozhodovat v podm\u00ednk\u00e1ch rizika a nejistoty (odhalen\u00ed a postih\u016f), jestli\u017ee se chce t\u00e9to povinnosti vyhnout.<br \/>\nKl\u00ed\u010dov\u00e1 slova: da\u0148, da\u0148ov\u00fd delikt, riziko, nejistota, teorie o\u010dek\u00e1van\u00e9ho u\u017eitku, prospektov\u00e1 teorie.<i><br \/>\n<\/i><\/p>\n<p><a href=\"https:\/\/veda.polac.cz\/?page_id=1009\">01\/2013<\/a><\/p>\n","protected":false},"excerpt":{"rendered":"<p>Resum\u00e9 \u010dl\u00e1nku Rozhodov\u00e1n\u00ed subjekt\u016f v podm\u00ednk\u00e1ch rizika a nejistoty v p\u0159\u00edpad\u011b da\u0148ov\u00fdch delikt\u016f Mgr. Franti\u0161ek H\u0159eb\u00edk, Ph.D., doc. Ing. PhDr. Karel \u0160r\u00e9dl, CSc. Neoklasick\u00e1 ekonomie popisuje chov\u00e1n\u00ed subjekt\u016f v r\u00e1mci kardinalistick\u00fdch a ordinalistick\u00fdch model\u016f, kter\u00e9 p\u0159edpokl\u00e1daj\u00ed metodologick\u00fd individualismus, koncept racionality, rovnov\u00e1hu a dokonalou informovanost subjekt\u016f. Obdobn\u011b se rozhoduje i subjekt v p\u0159\u00edpad\u011b povinn\u00fdch da\u0148ov\u00fdch plateb. [&hellip;]<\/p>\n","protected":false},"author":2,"featured_media":0,"parent":1009,"menu_order":6,"comment_status":"closed","ping_status":"closed","template":"","meta":{"footnotes":""},"class_list":["post-1022","page","type-page","status-publish","hentry"],"_links":{"self":[{"href":"https:\/\/veda.polac.cz\/index.php?rest_route=\/wp\/v2\/pages\/1022","targetHints":{"allow":["GET"]}}],"collection":[{"href":"https:\/\/veda.polac.cz\/index.php?rest_route=\/wp\/v2\/pages"}],"about":[{"href":"https:\/\/veda.polac.cz\/index.php?rest_route=\/wp\/v2\/types\/page"}],"author":[{"embeddable":true,"href":"https:\/\/veda.polac.cz\/index.php?rest_route=\/wp\/v2\/users\/2"}],"replies":[{"embeddable":true,"href":"https:\/\/veda.polac.cz\/index.php?rest_route=%2Fwp%2Fv2%2Fcomments&post=1022"}],"version-history":[{"count":2,"href":"https:\/\/veda.polac.cz\/index.php?rest_route=\/wp\/v2\/pages\/1022\/revisions"}],"predecessor-version":[{"id":1042,"href":"https:\/\/veda.polac.cz\/index.php?rest_route=\/wp\/v2\/pages\/1022\/revisions\/1042"}],"up":[{"embeddable":true,"href":"https:\/\/veda.polac.cz\/index.php?rest_route=\/wp\/v2\/pages\/1009"}],"wp:attachment":[{"href":"https:\/\/veda.polac.cz\/index.php?rest_route=%2Fwp%2Fv2%2Fmedia&parent=1022"}],"curies":[{"name":"wp","href":"https:\/\/api.w.org\/{rel}","templated":true}]}}