{"id":1020,"date":"2018-09-13T22:47:01","date_gmt":"2018-09-13T22:47:01","guid":{"rendered":"http:\/\/veda.polac.cz\/?page_id=1020"},"modified":"2018-10-27T18:56:25","modified_gmt":"2018-10-27T18:56:25","slug":"5-2","status":"publish","type":"page","link":"https:\/\/veda.polac.cz\/?page_id=1020","title":{"rendered":""},"content":{"rendered":"<p style=\"text-align: center;\">Resum\u00e9 \u010d\u00edslo<\/p>\n<p><strong>\u00davod do anal\u00fdzy ro\u010dn\u00edch \u010dasov\u00fdch \u0159ad vybran\u00fdch statistik Policie \u010cesk\u00e9 republiky<br \/>\n<\/strong><i>Dr. Zden\u011bk Kova\u0159\u00edk, CSc.<\/p>\n<p><\/i>P\u0159edlo\u017een\u00e1 sta\u0165 zkoum\u00e1 vztah po\u010dtu policist\u016f, zji\u0161t\u011bn\u00e9 a objasn\u011bn\u00e9 kriminality v \u010cesk\u00e9 republice. Zam\u011b\u0159uje se na anal\u00fdzu uveden\u00fdch ukazatel\u016f jako jednorozm\u011brn\u00fdch \u010dasov\u00fdch \u0159ad. V tomto duchu je provedena i extrapolace uveden\u00fdch \u010dasov\u00fdch \u0159ad. Pozornost je v\u011bnov\u00e1na i regresn\u00ed anal\u00fdze dan\u00fdch \u010dasov\u00fdch \u0159ad. V \u010dl\u00e1nku je nast\u00edn\u011bn podrobn\u00fd postup anal\u00fdzy, kter\u00fd sleduje didaktickou funkci proveden\u00e9 anal\u00fdzy.<br \/>\nKl\u00ed\u010dov\u00e1 slova: po\u010det policist\u016f, objasn\u011bn\u00e1 kriminalita, zji\u0161t\u011bn\u00e1 kriminalita, jednorovnicov\u00fd model.<i><br \/>\n<\/i><\/p>\n<p><a href=\"https:\/\/veda.polac.cz\/?page_id=1009\">01\/2013<\/a><\/p>\n","protected":false},"excerpt":{"rendered":"<p>Resum\u00e9 \u010d\u00edslo \u00davod do anal\u00fdzy ro\u010dn\u00edch \u010dasov\u00fdch \u0159ad vybran\u00fdch statistik Policie \u010cesk\u00e9 republiky Dr. Zden\u011bk Kova\u0159\u00edk, CSc. P\u0159edlo\u017een\u00e1 sta\u0165 zkoum\u00e1 vztah po\u010dtu policist\u016f, zji\u0161t\u011bn\u00e9 a objasn\u011bn\u00e9 kriminality v \u010cesk\u00e9 republice. Zam\u011b\u0159uje se na anal\u00fdzu uveden\u00fdch ukazatel\u016f jako jednorozm\u011brn\u00fdch \u010dasov\u00fdch \u0159ad. V tomto duchu je provedena i extrapolace uveden\u00fdch \u010dasov\u00fdch \u0159ad. Pozornost je v\u011bnov\u00e1na i regresn\u00ed [&hellip;]<\/p>\n","protected":false},"author":2,"featured_media":0,"parent":1009,"menu_order":5,"comment_status":"closed","ping_status":"closed","template":"","meta":{"footnotes":""},"class_list":["post-1020","page","type-page","status-publish","hentry"],"_links":{"self":[{"href":"https:\/\/veda.polac.cz\/index.php?rest_route=\/wp\/v2\/pages\/1020","targetHints":{"allow":["GET"]}}],"collection":[{"href":"https:\/\/veda.polac.cz\/index.php?rest_route=\/wp\/v2\/pages"}],"about":[{"href":"https:\/\/veda.polac.cz\/index.php?rest_route=\/wp\/v2\/types\/page"}],"author":[{"embeddable":true,"href":"https:\/\/veda.polac.cz\/index.php?rest_route=\/wp\/v2\/users\/2"}],"replies":[{"embeddable":true,"href":"https:\/\/veda.polac.cz\/index.php?rest_route=%2Fwp%2Fv2%2Fcomments&post=1020"}],"version-history":[{"count":2,"href":"https:\/\/veda.polac.cz\/index.php?rest_route=\/wp\/v2\/pages\/1020\/revisions"}],"predecessor-version":[{"id":1041,"href":"https:\/\/veda.polac.cz\/index.php?rest_route=\/wp\/v2\/pages\/1020\/revisions\/1041"}],"up":[{"embeddable":true,"href":"https:\/\/veda.polac.cz\/index.php?rest_route=\/wp\/v2\/pages\/1009"}],"wp:attachment":[{"href":"https:\/\/veda.polac.cz\/index.php?rest_route=%2Fwp%2Fv2%2Fmedia&parent=1020"}],"curies":[{"name":"wp","href":"https:\/\/api.w.org\/{rel}","templated":true}]}}