{"id":1016,"date":"2018-09-13T22:44:30","date_gmt":"2018-09-13T22:44:30","guid":{"rendered":"http:\/\/veda.polac.cz\/?page_id=1016"},"modified":"2018-10-27T18:56:25","modified_gmt":"2018-10-27T18:56:25","slug":"3-2","status":"publish","type":"page","link":"https:\/\/veda.polac.cz\/?page_id=1016","title":{"rendered":""},"content":{"rendered":"<p style=\"text-align: center;\">Resum\u00e9 \u010dl\u00e1nku<\/p>\n<p><strong>Soudob\u00e9 ultralevicov\u00e9 n\u00e1sil\u00ed ve st\u0159edov\u00fdchodn\u00ed Evrop\u011b<br \/>\n<\/strong><i>doc. JUDr. PhDr. Miroslav Mare\u0161, JUDr. et Mgr. \u0160t\u011bp\u00e1n V\u00fdborn\u00fd<\/p>\n<p><\/i>Tento \u010dl\u00e1nek se v\u011bnuje soudob\u00e9mu n\u00e1sil\u00ed p\u00e1chan\u00e9mu p\u0159\u00edslu\u0161n\u00edky ultralevicov\u00e9 sc\u00e9ny. Jsou v n\u011bm identifikov\u00e1ny z\u00e1kladn\u00ed trendy v\u00fdvoje militantn\u00ed krajn\u00ed levice a jsou v n\u011bm vymezeny jednotliv\u00e9 kategorie jej\u00edch n\u00e1siln\u00fdch projev\u016f. V jejich r\u00e1mci jsou pops\u00e1ny konkr\u00e9tn\u00ed p\u0159\u00edpady, v\u010detn\u011b jejich transnacion\u00e1ln\u00ed dimenze. Jedn\u00e1 se o akce na podporu \u0159eck\u00e9 revolty, antifa\u0161istick\u00e9 n\u00e1sil\u00ed, hrozby atent\u00e1t\u016f na politick\u00e9 p\u0159edstavitele, o situa\u010dn\u00ed a davov\u00e9 n\u00e1sil\u00ed a o ekoterorismus a ekosabot\u00e1\u017ee.<br \/>\nKl\u00ed\u010dov\u00e1 slova: ultralevice; st\u0159edov\u00fdchodn\u00ed Evropa; n\u00e1sil\u00ed, m\u00fdtn\u00e9 br\u00e1ny.<i><br \/>\n<\/i><\/p>\n<p><a href=\"https:\/\/veda.polac.cz\/?page_id=1009\">01\/2013<\/a><\/p>\n","protected":false},"excerpt":{"rendered":"<p>Resum\u00e9 \u010dl\u00e1nku Soudob\u00e9 ultralevicov\u00e9 n\u00e1sil\u00ed ve st\u0159edov\u00fdchodn\u00ed Evrop\u011b doc. JUDr. PhDr. Miroslav Mare\u0161, JUDr. et Mgr. \u0160t\u011bp\u00e1n V\u00fdborn\u00fd Tento \u010dl\u00e1nek se v\u011bnuje soudob\u00e9mu n\u00e1sil\u00ed p\u00e1chan\u00e9mu p\u0159\u00edslu\u0161n\u00edky ultralevicov\u00e9 sc\u00e9ny. Jsou v n\u011bm identifikov\u00e1ny z\u00e1kladn\u00ed trendy v\u00fdvoje militantn\u00ed krajn\u00ed levice a jsou v n\u011bm vymezeny jednotliv\u00e9 kategorie jej\u00edch n\u00e1siln\u00fdch projev\u016f. V jejich r\u00e1mci jsou pops\u00e1ny konkr\u00e9tn\u00ed p\u0159\u00edpady, [&hellip;]<\/p>\n","protected":false},"author":2,"featured_media":0,"parent":1009,"menu_order":3,"comment_status":"closed","ping_status":"closed","template":"","meta":{"footnotes":""},"class_list":["post-1016","page","type-page","status-publish","hentry"],"_links":{"self":[{"href":"https:\/\/veda.polac.cz\/index.php?rest_route=\/wp\/v2\/pages\/1016","targetHints":{"allow":["GET"]}}],"collection":[{"href":"https:\/\/veda.polac.cz\/index.php?rest_route=\/wp\/v2\/pages"}],"about":[{"href":"https:\/\/veda.polac.cz\/index.php?rest_route=\/wp\/v2\/types\/page"}],"author":[{"embeddable":true,"href":"https:\/\/veda.polac.cz\/index.php?rest_route=\/wp\/v2\/users\/2"}],"replies":[{"embeddable":true,"href":"https:\/\/veda.polac.cz\/index.php?rest_route=%2Fwp%2Fv2%2Fcomments&post=1016"}],"version-history":[{"count":2,"href":"https:\/\/veda.polac.cz\/index.php?rest_route=\/wp\/v2\/pages\/1016\/revisions"}],"predecessor-version":[{"id":1052,"href":"https:\/\/veda.polac.cz\/index.php?rest_route=\/wp\/v2\/pages\/1016\/revisions\/1052"}],"up":[{"embeddable":true,"href":"https:\/\/veda.polac.cz\/index.php?rest_route=\/wp\/v2\/pages\/1009"}],"wp:attachment":[{"href":"https:\/\/veda.polac.cz\/index.php?rest_route=%2Fwp%2Fv2%2Fmedia&parent=1016"}],"curies":[{"name":"wp","href":"https:\/\/api.w.org\/{rel}","templated":true}]}}