{"id":1014,"date":"2018-09-13T22:42:47","date_gmt":"2018-09-13T22:42:47","guid":{"rendered":"http:\/\/veda.polac.cz\/?page_id=1014"},"modified":"2018-10-27T18:56:25","modified_gmt":"2018-10-27T18:56:25","slug":"2-2","status":"publish","type":"page","link":"https:\/\/veda.polac.cz\/?page_id=1014","title":{"rendered":""},"content":{"rendered":"<p style=\"text-align: center;\">Resum\u00e9 \u010dl\u00e1nku<\/p>\n<p><strong>Bezpe\u010dnostn\u00ed rizika spojen\u00e1 s r\u016fstem nezam\u011bstnanosti ekonomicky aktivn\u00edho obyvatelstva<\/strong><br \/>\n<i>Ing. Erika Urb\u00e1nkov\u00e1, doc. Ing. Josef Br\u010d\u00e1k, CSc., Mgr. Franti\u0161ek H\u0159eb\u00edk, Ph.D.<\/p>\n<p><\/i>Ekonomicky aktivn\u00ed obyvatelstvo \u010cesk\u00e9 republiky je zpravidla v obdob\u00ed hospod\u00e1\u0159sk\u00e9 expanze flexibiln\u011b dopl\u0148ov\u00e1no pracovn\u00edky ze zahrani\u010dn\u00edch zem\u00ed. V obdob\u00ed, kdy p\u0159etrv\u00e1v\u00e1 recesn\u00ed hospod\u00e1\u0159sk\u00fd cyklus, m\u016f\u017ee b\u00fdt po\u010det ekonomicky aktivn\u00edch cizinc\u016f politikou st\u00e1tu a legislativn\u00edmi opat\u0159en\u00edmi eliminov\u00e1n s c\u00edlem ochr\u00e1nit zam\u011bstnanost ob\u010dan\u016f \u010cR. Nezam\u011bstnanost s sebou p\u0159in\u00e1\u0161\u00ed nejen ekonomick\u00e9 d\u016fsledky, ale tak\u00e9 soci\u00e1ln\u00ed. Zvy\u0161uje se riziko n\u00e1r\u016fstu krimin\u00e1ln\u00ed \u010dinnosti jak nezam\u011bstnan\u00fdch ob\u010dan\u016f \u010cR, tak p\u0159edev\u0161\u00edm cizinc\u016f, kte\u0159\u00ed nejsou finan\u010dn\u011b zabezpe\u010deni v dob\u011b nezam\u011bstnanosti.<br \/>\nKl\u00ed\u010dov\u00e1 slova: Bezpe\u010dnostn\u00ed rizika, soci\u00e1ln\u011b-ekonomick\u00e1 rizika, cizinci, nezam\u011bstnanost, trh pr\u00e1ce, \u010cesk\u00e1 republika.<\/p>\n<p><a href=\"https:\/\/veda.polac.cz\/?page_id=1009\">01\/2013<\/a><\/p>\n","protected":false},"excerpt":{"rendered":"<p>Resum\u00e9 \u010dl\u00e1nku Bezpe\u010dnostn\u00ed rizika spojen\u00e1 s r\u016fstem nezam\u011bstnanosti ekonomicky aktivn\u00edho obyvatelstva Ing. Erika Urb\u00e1nkov\u00e1, doc. Ing. Josef Br\u010d\u00e1k, CSc., Mgr. Franti\u0161ek H\u0159eb\u00edk, Ph.D. Ekonomicky aktivn\u00ed obyvatelstvo \u010cesk\u00e9 republiky je zpravidla v obdob\u00ed hospod\u00e1\u0159sk\u00e9 expanze flexibiln\u011b dopl\u0148ov\u00e1no pracovn\u00edky ze zahrani\u010dn\u00edch zem\u00ed. V obdob\u00ed, kdy p\u0159etrv\u00e1v\u00e1 recesn\u00ed hospod\u00e1\u0159sk\u00fd cyklus, m\u016f\u017ee b\u00fdt po\u010det ekonomicky aktivn\u00edch cizinc\u016f politikou st\u00e1tu [&hellip;]<\/p>\n","protected":false},"author":2,"featured_media":0,"parent":1009,"menu_order":2,"comment_status":"closed","ping_status":"closed","template":"","meta":{"footnotes":""},"class_list":["post-1014","page","type-page","status-publish","hentry"],"_links":{"self":[{"href":"https:\/\/veda.polac.cz\/index.php?rest_route=\/wp\/v2\/pages\/1014","targetHints":{"allow":["GET"]}}],"collection":[{"href":"https:\/\/veda.polac.cz\/index.php?rest_route=\/wp\/v2\/pages"}],"about":[{"href":"https:\/\/veda.polac.cz\/index.php?rest_route=\/wp\/v2\/types\/page"}],"author":[{"embeddable":true,"href":"https:\/\/veda.polac.cz\/index.php?rest_route=\/wp\/v2\/users\/2"}],"replies":[{"embeddable":true,"href":"https:\/\/veda.polac.cz\/index.php?rest_route=%2Fwp%2Fv2%2Fcomments&post=1014"}],"version-history":[{"count":2,"href":"https:\/\/veda.polac.cz\/index.php?rest_route=\/wp\/v2\/pages\/1014\/revisions"}],"predecessor-version":[{"id":1051,"href":"https:\/\/veda.polac.cz\/index.php?rest_route=\/wp\/v2\/pages\/1014\/revisions\/1051"}],"up":[{"embeddable":true,"href":"https:\/\/veda.polac.cz\/index.php?rest_route=\/wp\/v2\/pages\/1009"}],"wp:attachment":[{"href":"https:\/\/veda.polac.cz\/index.php?rest_route=%2Fwp%2Fv2%2Fmedia&parent=1014"}],"curies":[{"name":"wp","href":"https:\/\/api.w.org\/{rel}","templated":true}]}}