{"id":1012,"date":"2018-09-13T22:41:32","date_gmt":"2018-09-13T22:41:32","guid":{"rendered":"http:\/\/veda.polac.cz\/?page_id=1012"},"modified":"2018-10-27T18:56:25","modified_gmt":"2018-10-27T18:56:25","slug":"1-2","status":"publish","type":"page","link":"https:\/\/veda.polac.cz\/?page_id=1012","title":{"rendered":""},"content":{"rendered":"<p style=\"text-align: center;\">Resum\u00e9 \u010dl\u00e1nku<\/p>\n<p><strong>Vybran\u00e9 prost\u0159edky boje proti korupci v soukrom\u00e9m a ve\u0159ejn\u00e9m pr\u00e1vu<\/strong><br \/>\n<em>JUDr. Blanka V\u00edtov\u00e1, Ph.D., LL.M.:<\/em><\/p>\n<p>\u010cl\u00e1nek pojedn\u00e1v\u00e1 o prost\u0159edc\u00edch boje proti korupci, je rozd\u011blen do dvou \u010d\u00e1st\u00ed &#8211; na prost\u0159edky boje proti korupci v soukrom\u00e9m pr\u00e1vu a prost\u0159edky v r\u00e1mci ve\u0159ejn\u00e9ho pr\u00e1va. V soukrom\u00e9m pr\u00e1vu jde p\u0159edev\u0161\u00edm o prost\u0159edky z oblasti ob\u010dansk\u00e9ho, obchodn\u00edho a pracovn\u00edho pr\u00e1va, t\u011b\u017ei\u0161t\u011b boje proti korupci v\u0161ak spo\u010d\u00edv\u00e1 v prost\u0159edc\u00edch ve\u0159ejn\u00e9ho pr\u00e1va. Zde jde p\u0159edev\u0161\u00edm o oblast trestn\u00edho pr\u00e1va a d\u00e1le oblasti jako je ve\u0159ejn\u00e1 spr\u00e1va, ve\u0159ejn\u00e9 zak\u00e1zky ad.<br \/>\nKl\u00ed\u010dov\u00e1 slova: korupce, ve\u0159ejn\u00e9 zak\u00e1zky, z\u00e1kon o \u00fa\u0159edn\u00edc\u00edch a zam\u011bstnanc\u00edch ve\u0159ejn\u00e9 spr\u00e1vy a o vzd\u011bl\u00e1v\u00e1n\u00ed ve ve\u0159ejn\u00e9 spr\u00e1v\u011b, etick\u00e9 kodexy.<\/p>\n<p><a href=\"https:\/\/veda.polac.cz\/?page_id=1009\">01\/2013<\/a><\/p>\n","protected":false},"excerpt":{"rendered":"<p>Resum\u00e9 \u010dl\u00e1nku Vybran\u00e9 prost\u0159edky boje proti korupci v soukrom\u00e9m a ve\u0159ejn\u00e9m pr\u00e1vu JUDr. Blanka V\u00edtov\u00e1, Ph.D., LL.M.: \u010cl\u00e1nek pojedn\u00e1v\u00e1 o prost\u0159edc\u00edch boje proti korupci, je rozd\u011blen do dvou \u010d\u00e1st\u00ed &#8211; na prost\u0159edky boje proti korupci v soukrom\u00e9m pr\u00e1vu a prost\u0159edky v r\u00e1mci ve\u0159ejn\u00e9ho pr\u00e1va. V soukrom\u00e9m pr\u00e1vu jde p\u0159edev\u0161\u00edm o prost\u0159edky z oblasti ob\u010dansk\u00e9ho, obchodn\u00edho [&hellip;]<\/p>\n","protected":false},"author":2,"featured_media":0,"parent":1009,"menu_order":1,"comment_status":"closed","ping_status":"closed","template":"","meta":{"footnotes":""},"class_list":["post-1012","page","type-page","status-publish","hentry"],"_links":{"self":[{"href":"https:\/\/veda.polac.cz\/index.php?rest_route=\/wp\/v2\/pages\/1012","targetHints":{"allow":["GET"]}}],"collection":[{"href":"https:\/\/veda.polac.cz\/index.php?rest_route=\/wp\/v2\/pages"}],"about":[{"href":"https:\/\/veda.polac.cz\/index.php?rest_route=\/wp\/v2\/types\/page"}],"author":[{"embeddable":true,"href":"https:\/\/veda.polac.cz\/index.php?rest_route=\/wp\/v2\/users\/2"}],"replies":[{"embeddable":true,"href":"https:\/\/veda.polac.cz\/index.php?rest_route=%2Fwp%2Fv2%2Fcomments&post=1012"}],"version-history":[{"count":2,"href":"https:\/\/veda.polac.cz\/index.php?rest_route=\/wp\/v2\/pages\/1012\/revisions"}],"predecessor-version":[{"id":1050,"href":"https:\/\/veda.polac.cz\/index.php?rest_route=\/wp\/v2\/pages\/1012\/revisions\/1050"}],"up":[{"embeddable":true,"href":"https:\/\/veda.polac.cz\/index.php?rest_route=\/wp\/v2\/pages\/1009"}],"wp:attachment":[{"href":"https:\/\/veda.polac.cz\/index.php?rest_route=%2Fwp%2Fv2%2Fmedia&parent=1012"}],"curies":[{"name":"wp","href":"https:\/\/api.w.org\/{rel}","templated":true}]}}