{"id":1009,"date":"2018-09-13T22:39:11","date_gmt":"2018-09-13T22:39:11","guid":{"rendered":"http:\/\/veda.polac.cz\/?page_id=1009"},"modified":"2019-04-18T10:45:59","modified_gmt":"2019-04-18T10:45:59","slug":"01-2013","status":"publish","type":"page","link":"https:\/\/veda.polac.cz\/?page_id=1009","title":{"rendered":"01\/2013"},"content":{"rendered":"<p><a href=\"https:\/\/veda.polac.cz\/?page_id=1012\"><strong>Vybran\u00e9 prost\u0159edky boje proti korupci v soukrom\u00e9m a ve\u0159ejn\u00e9m pr\u00e1vu\u00a0<\/strong><\/a><br \/>\nJUDr. Blanka V\u00edtov\u00e1, Ph.D., LL.M.<\/p>\n<hr \/>\n<p><a href=\"https:\/\/veda.polac.cz\/?page_id=1014\"><strong>Bezpe\u010dnostn\u00ed rizika spojen\u00e1 s r\u016fstem nezam\u011bstnanosti ekonomicky aktivn\u00edho obyvatelstva\u00a0<\/strong><\/a><br \/>\nIng, Erika Urb\u00e1nkov\u00e1, doc. Ing. Josef Br\u010d\u00e1k, CSc., Mgr. Franti\u0161ek H\u0159eb\u00edk, Ph.D.<\/p>\n<hr \/>\n<p><a href=\"https:\/\/veda.polac.cz\/?page_id=1016\"><strong>Soudob\u00e9 ultralevicov\u00e9 n\u00e1sil\u00ed ve st\u0159edov\u00fdchodn\u00ed Evrop\u011b\u00a0<\/strong><\/a><br \/>\ndoc. JUDr. PhDr. Miroslav Mare\u0161, JUDr. et Mgr. \u0160t\u011bp\u00e1n V\u00fdborn\u00fd<\/p>\n<hr \/>\n<p><a href=\"https:\/\/veda.polac.cz\/?page_id=1018\"><strong>Vyhled\u00e1v\u00e1n\u00ed z\u00e1jmov\u00fdch pravicov\u011b extremistick\u00fdch str\u00e1nek v s\u00edti Internet\u00a0<\/strong><\/a><br \/>\nkpt. Mgr. Luk\u00e1\u0161 Vil\u00edm<\/p>\n<hr \/>\n<p><a href=\"https:\/\/veda.polac.cz\/?page_id=1020\"><strong>\u00davod do anal\u00fdzy ro\u010dn\u00edch \u010dasov\u00fdch \u0159ad vybran\u00fdch statistik Policie \u010cesk\u00e9 republiky\u00a0<\/strong><\/a><br \/>\nDr. Zden\u011bk Kova\u0159\u00edk, CSc.<\/p>\n<hr \/>\n<p><a href=\"https:\/\/veda.polac.cz\/?page_id=1022\"><strong>Rozhodov\u00e1n\u00ed subjekt\u016f v podm\u00ednk\u00e1ch rizika a nejistoty v p\u0159\u00edpad\u011b da\u0148ov\u00fdch delikt\u016f\u00a0<\/strong><\/a><br \/>\nMgr. Franti\u0161ek H\u0159eb\u00edk, Ph.D., doc. Ing. PhDr. Karel \u0160r\u00e9dl, CSc.<\/p>\n<hr \/>\n<p><a href=\"https:\/\/veda.polac.cz\/?page_id=1024\"><strong>Ochrana osobnosti v nov\u00e9m ob\u010dansk\u00e9m z\u00e1kon\u00edku\u00a0<\/strong><\/a><br \/>\nprof. JUDr. Vladim\u00edr Plecit\u00fd, CSc.<\/p>\n<hr \/>\n<p><a href=\"https:\/\/veda.polac.cz\/?page_id=1026\"><strong>N\u00e1chylnost k viktimizaci\u00a0<\/strong><\/a><br \/>\ndoc. PhDr. Ludmila \u010c\u00edrtkov\u00e1, CSc.<\/p>\n<hr \/>\n<p><a href=\"https:\/\/veda.polac.cz\/?page_id=1028\"><strong>Opot\u0159eben\u00ed pode\u0161ve obuvi v z\u00e1vislosti na \u010dase\u00a0<\/strong><\/a><br \/>\nprof. PhDr. Ji\u0159\u00ed Straus, DrSc., Mgr. Martin Vom\u00e1\u010dka<\/p>\n<hr \/>\n<p><a href=\"https:\/\/veda.polac.cz\/?page_id=1030\"><strong>Mo\u017enosti merania pracovnej spokojnosti pr\u00edslu\u0161n\u00edkov pol\u00edcie: Adapt\u00e1cia Dantzkerovho dotazn\u00edka Job Satisfaction Scale pomocou faktorovej anal\u00fdzy na podmienky slovenskej pol\u00edcie\u00a0<\/strong><\/a><br \/>\nMgr. Jana Karasov\u00e1<\/p>\n<hr \/>\n<p><a href=\"https:\/\/veda.polac.cz\/?page_id=1032\"><strong>Sc\u00e9n\u00e1\u0159e &#8211; mana\u017eersk\u00fd n\u00e1stroj pro turbulentn\u00ed dobu\u00a0<\/strong><\/a><br \/>\nIng. Stanislav Burian, Ph.D.<\/p>\n<hr \/>\n<p><a href=\"https:\/\/veda.polac.cz\/?page_id=1034\"><strong>Znalostn\u00ed management a zpravodajstv\u00ed &#8211; dva koncepty tvorby znalost\u00ed?\u00a0<\/strong><\/a><br \/>\nIng. Bc. Lud\u011bk Mich\u00e1lek<\/p>\n<hr \/>\n<p><a href=\"https:\/\/veda.polac.cz\/?page_id=1036\"><strong>Brainstorming\u00a0<\/strong><\/a><br \/>\nPhDr. Josef Smol\u00edk, Ph.D., Mgr. et Mgr. Petra Papie\u017eov\u00e1-Vejvodov\u00e1<\/p>\n<hr \/>\n<p><strong>\u010cesk\u00e1 kriminologick\u00e1 spole\u010dnost &#8211; I. kriminologick\u00e9 dny ve dnech 30. &#8211; 31. 1. 2013\u00a0<\/strong><br \/>\nMgr. et Ing. et Bc. Viera Jonsztov\u00e1<\/p>\n<hr \/>\n<p><a href=\"https:\/\/veda.polac.cz\/?page_id=235\">Zp\u011bt<\/a><\/p>\n","protected":false},"excerpt":{"rendered":"<p>Vybran\u00e9 prost\u0159edky boje proti korupci v soukrom\u00e9m a ve\u0159ejn\u00e9m pr\u00e1vu\u00a0 JUDr. Blanka V\u00edtov\u00e1, Ph.D., LL.M. Bezpe\u010dnostn\u00ed rizika spojen\u00e1 s r\u016fstem nezam\u011bstnanosti ekonomicky aktivn\u00edho obyvatelstva\u00a0 Ing, Erika Urb\u00e1nkov\u00e1, doc. Ing. Josef Br\u010d\u00e1k, CSc., Mgr. Franti\u0161ek H\u0159eb\u00edk, Ph.D. Soudob\u00e9 ultralevicov\u00e9 n\u00e1sil\u00ed ve st\u0159edov\u00fdchodn\u00ed Evrop\u011b\u00a0 doc. JUDr. PhDr. Miroslav Mare\u0161, JUDr. et Mgr. \u0160t\u011bp\u00e1n V\u00fdborn\u00fd Vyhled\u00e1v\u00e1n\u00ed z\u00e1jmov\u00fdch pravicov\u011b [&hellip;]<\/p>\n","protected":false},"author":2,"featured_media":0,"parent":235,"menu_order":16,"comment_status":"closed","ping_status":"closed","template":"","meta":{"footnotes":""},"class_list":["post-1009","page","type-page","status-publish","hentry"],"_links":{"self":[{"href":"https:\/\/veda.polac.cz\/index.php?rest_route=\/wp\/v2\/pages\/1009","targetHints":{"allow":["GET"]}}],"collection":[{"href":"https:\/\/veda.polac.cz\/index.php?rest_route=\/wp\/v2\/pages"}],"about":[{"href":"https:\/\/veda.polac.cz\/index.php?rest_route=\/wp\/v2\/types\/page"}],"author":[{"embeddable":true,"href":"https:\/\/veda.polac.cz\/index.php?rest_route=\/wp\/v2\/users\/2"}],"replies":[{"embeddable":true,"href":"https:\/\/veda.polac.cz\/index.php?rest_route=%2Fwp%2Fv2%2Fcomments&post=1009"}],"version-history":[{"count":4,"href":"https:\/\/veda.polac.cz\/index.php?rest_route=\/wp\/v2\/pages\/1009\/revisions"}],"predecessor-version":[{"id":2632,"href":"https:\/\/veda.polac.cz\/index.php?rest_route=\/wp\/v2\/pages\/1009\/revisions\/2632"}],"up":[{"embeddable":true,"href":"https:\/\/veda.polac.cz\/index.php?rest_route=\/wp\/v2\/pages\/235"}],"wp:attachment":[{"href":"https:\/\/veda.polac.cz\/index.php?rest_route=%2Fwp%2Fv2%2Fmedia&parent=1009"}],"curies":[{"name":"wp","href":"https:\/\/api.w.org\/{rel}","templated":true}]}}